{"id":30179,"date":"2026-01-09T12:57:59","date_gmt":"2026-01-09T12:57:59","guid":{"rendered":"https:\/\/topprixsarl.ch\/product\/surligneur-stabilo-boss-original-70-6-larg-trt-2-5mm-lot-de-6-ass\/"},"modified":"2026-01-14T14:21:29","modified_gmt":"2026-01-14T14:21:29","slug":"surligneur-stabilo-boss-original-70-6-larg-trt-2-5mm-lot-de-6-ass","status":"publish","type":"product","link":"https:\/\/topprixsarl.ch\/de\/product\/surligneur-stabilo-boss-original-70-6-larg-trt-2-5mm-lot-de-6-ass\/","title":{"rendered":"Surligneur Stabilo Boss Original 70\/6, larg. trt 2-5mm, lot de 6, ass."},"content":{"rendered":"<p>Le style sur le papier<\/p>\n<p>Lors d&rsquo;un brainstorming entre coll\u00e8gues, il arrive fr\u00e9quemment que l&rsquo;un de vos coll\u00e8gues ait une id\u00e9e subite ou une \u00e9tincelle. Il est alors temps de les mettre en valeur avec le surligneur de la marque Stabilo. <\/p>\n<p>Ce dernier laisse des couleurs subtiles et tient bien dans la main. C&rsquo;est un outil formidable qui permet de saisir les id\u00e9es ou de surligner les passages importants de vos textes. <\/p>\n<p>+ Couleurs faciles \u00e0 lire : De par ses couleurs, les surlignages et les caract\u00e8res restent faciles \u00e0 lire pendant longtemps. <\/p>\n<p>Les surligneurs sont disponibles dans les couleurs bleu, jaune, vert, orange et rouge. <\/p>\n<p>+ Vari\u00e9t\u00e9 d&rsquo;utilisation : Utilisez toujours cet ustensile lorsqu&rsquo;il faut faire preuve de vari\u00e9t\u00e9. <\/p>\n<p>Car le surligneur de la marque Stabilo est fait pour la perfection. <\/p>\n<p>+ R\u00e9sultat visible : Il permet d&rsquo;obtenir un r\u00e9sultat facilement visible et qui vous convaincra par sa longue dur\u00e9e de vie. <\/p>\n<p>En outre, son design est tel qu&rsquo;il peut \u00e9galement \u00eatre utilis\u00e9 pour diff\u00e9rentes t\u00e2ches. <\/p>\n<p>+ Donnez du caract\u00e8re : Donnez plus de caract\u00e8re \u00e0 vos pens\u00e9es! <\/p>\n<p>*Note : Les couleurs peuvent varier selon les disponibilit\u00e9s.<\/p>","protected":false},"excerpt":{"rendered":"<p>Le style sur le papier Lors d&rsquo;un brainstorming entre coll\u00e8gues, il arrive fr\u00e9quemment que l&rsquo;un de vos coll\u00e8gues ait une id\u00e9e subite ou une \u00e9tincelle. Il est alors temps de les mettre en valeur avec le surligneur de la marque Stabilo. Ce dernier laiss<\/p>","protected":false},"featured_media":30178,"comment_status":"open","ping_status":"closed","template":"","meta":[],"product_brand":[],"product_cat":[137],"product_tag":[],"class_list":{"0":"post-30179","1":"product","2":"type-product","3":"status-publish","4":"has-post-thumbnail","6":"product_cat-article-offic","8":"first","9":"instock","10":"shipping-taxable","11":"purchasable","12":"product-type-simple"},"_links":{"self":[{"href":"https:\/\/topprixsarl.ch\/de\/wp-json\/wp\/v2\/product\/30179","targetHints":{"allow":["GET"]}}],"collection":[{"href":"https:\/\/topprixsarl.ch\/de\/wp-json\/wp\/v2\/product"}],"about":[{"href":"https:\/\/topprixsarl.ch\/de\/wp-json\/wp\/v2\/types\/product"}],"replies":[{"embeddable":true,"href":"https:\/\/topprixsarl.ch\/de\/wp-json\/wp\/v2\/comments?post=30179"}],"version-history":[{"count":2,"href":"https:\/\/topprixsarl.ch\/de\/wp-json\/wp\/v2\/product\/30179\/revisions"}],"predecessor-version":[{"id":32410,"href":"https:\/\/topprixsarl.ch\/de\/wp-json\/wp\/v2\/product\/30179\/revisions\/32410"}],"wp:featuredmedia":[{"embeddable":true,"href":"https:\/\/topprixsarl.ch\/de\/wp-json\/wp\/v2\/media\/30178"}],"wp:attachment":[{"href":"https:\/\/topprixsarl.ch\/de\/wp-json\/wp\/v2\/media?parent=30179"}],"wp:term":[{"taxonomy":"product_brand","embeddable":true,"href":"https:\/\/topprixsarl.ch\/de\/wp-json\/wp\/v2\/product_brand?post=30179"},{"taxonomy":"product_cat","embeddable":true,"href":"https:\/\/topprixsarl.ch\/de\/wp-json\/wp\/v2\/product_cat?post=30179"},{"taxonomy":"product_tag","embeddable":true,"href":"https:\/\/topprixsarl.ch\/de\/wp-json\/wp\/v2\/product_tag?post=30179"}],"curies":[{"name":"wp","href":"https:\/\/api.w.org\/{rel}","templated":true}]}}