{"id":30177,"date":"2026-01-09T12:57:44","date_gmt":"2026-01-09T12:57:44","guid":{"rendered":"https:\/\/topprixsarl.ch\/product\/porte-mines-pentel-p205-05-mm\/"},"modified":"2026-01-14T14:21:29","modified_gmt":"2026-01-14T14:21:29","slug":"porte-mines-pentel-p205-05-mm","status":"publish","type":"product","link":"https:\/\/topprixsarl.ch\/de\/product\/porte-mines-pentel-p205-05-mm\/","title":{"rendered":"Porte-mines Pentel P205 &#8211; 0,5 mm"},"content":{"rendered":"<p>Un crayon automatique pour \u00e9crire sans interruptions.<\/p>\n<p>Les crayons standards ont besoin d\u2019\u00eatre taill\u00e9s ou recharg\u00e9s avec une mine, de temps en temps. Un crayon automatique non : il assure une \u00e9criture non-stop. <\/p>\n<p>+ Le Pentel P205 vous fait gagner du temps et vous permet de vous exprimer au mieux, parce qu\u2019il ne bloque jamais votre flux cr\u00e9atif. <\/p>\n<p>+ Que vous cr\u00e9iez des croquis ou des projets de travail, ce crayon vous convient au mieux, parce que c\u2019est un objet pens\u00e9 pour accomplir toutes vos n\u00e9cessit\u00e9s. <\/p>\n<p>+ Un produit universel pour un usage quotidien. <\/p>\n<p>Voulez-vous voir un changement dans votre fa\u00e7on d\u2019\u00e9crire? Avez-vous envie d\u2019\u00eatre efficient et moderne? Avez-vous en marre des interruptions et les d\u00e9chets vous d\u00e9rangent? <\/p>\n<p>Donc \u00e9crivez avec un crayon qui n\u2019a pas besoin d\u2019\u00eatre taill\u00e9!*<\/p>","protected":false},"excerpt":{"rendered":"<p>Un crayon automatique pour \u00e9crire sans interruptions Les crayons standards ont besoin d\u2019\u00eatre taill\u00e9s ou recharg\u00e9s avec une mine, de temps en temps. Un crayon automatique non: il assure une \u00e9criture non-stop. Le Pentel P205 vous fait garder du temps e<\/p>","protected":false},"featured_media":30176,"comment_status":"open","ping_status":"closed","template":"","meta":[],"product_brand":[],"product_cat":[137],"product_tag":[],"class_list":{"0":"post-30177","1":"product","2":"type-product","3":"status-publish","4":"has-post-thumbnail","6":"product_cat-papier","8":"first","9":"instock","10":"shipping-taxable","11":"purchasable","12":"product-type-simple"},"_links":{"self":[{"href":"https:\/\/topprixsarl.ch\/de\/wp-json\/wp\/v2\/product\/30177","targetHints":{"allow":["GET"]}}],"collection":[{"href":"https:\/\/topprixsarl.ch\/de\/wp-json\/wp\/v2\/product"}],"about":[{"href":"https:\/\/topprixsarl.ch\/de\/wp-json\/wp\/v2\/types\/product"}],"replies":[{"embeddable":true,"href":"https:\/\/topprixsarl.ch\/de\/wp-json\/wp\/v2\/comments?post=30177"}],"version-history":[{"count":2,"href":"https:\/\/topprixsarl.ch\/de\/wp-json\/wp\/v2\/product\/30177\/revisions"}],"predecessor-version":[{"id":32409,"href":"https:\/\/topprixsarl.ch\/de\/wp-json\/wp\/v2\/product\/30177\/revisions\/32409"}],"wp:featuredmedia":[{"embeddable":true,"href":"https:\/\/topprixsarl.ch\/de\/wp-json\/wp\/v2\/media\/30176"}],"wp:attachment":[{"href":"https:\/\/topprixsarl.ch\/de\/wp-json\/wp\/v2\/media?parent=30177"}],"wp:term":[{"taxonomy":"product_brand","embeddable":true,"href":"https:\/\/topprixsarl.ch\/de\/wp-json\/wp\/v2\/product_brand?post=30177"},{"taxonomy":"product_cat","embeddable":true,"href":"https:\/\/topprixsarl.ch\/de\/wp-json\/wp\/v2\/product_cat?post=30177"},{"taxonomy":"product_tag","embeddable":true,"href":"https:\/\/topprixsarl.ch\/de\/wp-json\/wp\/v2\/product_tag?post=30177"}],"curies":[{"name":"wp","href":"https:\/\/api.w.org\/{rel}","templated":true}]}}