{"id":30175,"date":"2026-01-09T12:57:30","date_gmt":"2026-01-09T12:57:30","guid":{"rendered":"https:\/\/topprixsarl.ch\/product\/perforatrice-leitz-5008-perforatrice-de-bureau-30-feuilles-gris\/"},"modified":"2026-01-14T14:21:29","modified_gmt":"2026-01-14T14:21:29","slug":"perforatrice-leitz-5008-perforatrice-de-bureau-30-feuilles-gris","status":"publish","type":"product","link":"https:\/\/topprixsarl.ch\/de\/product\/perforatrice-leitz-5008-perforatrice-de-bureau-30-feuilles-gris\/","title":{"rendered":"Perforatrice Leitz 5008, perforatrice de bureau, 30\u00a0feuilles, gris"},"content":{"rendered":"<p>Article \u00e0 succ\u00e8s, ce mod\u00e8le adopt\u00e9 par des millions d&rsquo;utilisateurs est synonyme de qualit\u00e9. Il ne devrait manquer dans aucun bureau !<\/p>\n<p>+ Capacit\u00e9 de perforation : 2,5 mm (env. 25 feuilles)<\/p>\n<p>+ Large socle facilitant la mise en place des papiers<\/p>\n<p>+ Regard pour rep\u00e8re de centrage<\/p>\n<p>+ Livr\u00e9 avec but\u00e9e en plastique pour le r\u00e9glage des formats usuels<\/p>\n<p>+ Perforation possible pour formats 8x8x8 cm<\/p>\n<p>+ Garantie : 10 ans<\/p>\n<p>+ Couleurs disponibles : rouge, bleu, gris, noir<\/p>\n<p>(5008) : 60220 > Garantie 10 ans*<\/p>","protected":false},"excerpt":{"rendered":"<p>Article \u00e0 succ\u00e8s, ce mod\u00e8le adopt\u00e9 par des millions d&rsquo;utilisateurs est synonyme de qualit\u00e9. Il ne devrait manquer dans aucun bureau! Capacit\u00e9 de perforation 2,5 mm (env. 25 feuilles). Le large socle facilite la mise en place des papiers. Avec regard <\/p>","protected":false},"featured_media":30174,"comment_status":"open","ping_status":"closed","template":"","meta":[],"product_brand":[],"product_cat":[137],"product_tag":[],"class_list":{"0":"post-30175","1":"product","2":"type-product","3":"status-publish","4":"has-post-thumbnail","6":"product_cat-papier","8":"first","9":"instock","10":"shipping-taxable","11":"purchasable","12":"product-type-simple"},"_links":{"self":[{"href":"https:\/\/topprixsarl.ch\/de\/wp-json\/wp\/v2\/product\/30175","targetHints":{"allow":["GET"]}}],"collection":[{"href":"https:\/\/topprixsarl.ch\/de\/wp-json\/wp\/v2\/product"}],"about":[{"href":"https:\/\/topprixsarl.ch\/de\/wp-json\/wp\/v2\/types\/product"}],"replies":[{"embeddable":true,"href":"https:\/\/topprixsarl.ch\/de\/wp-json\/wp\/v2\/comments?post=30175"}],"version-history":[{"count":2,"href":"https:\/\/topprixsarl.ch\/de\/wp-json\/wp\/v2\/product\/30175\/revisions"}],"predecessor-version":[{"id":32408,"href":"https:\/\/topprixsarl.ch\/de\/wp-json\/wp\/v2\/product\/30175\/revisions\/32408"}],"wp:featuredmedia":[{"embeddable":true,"href":"https:\/\/topprixsarl.ch\/de\/wp-json\/wp\/v2\/media\/30174"}],"wp:attachment":[{"href":"https:\/\/topprixsarl.ch\/de\/wp-json\/wp\/v2\/media?parent=30175"}],"wp:term":[{"taxonomy":"product_brand","embeddable":true,"href":"https:\/\/topprixsarl.ch\/de\/wp-json\/wp\/v2\/product_brand?post=30175"},{"taxonomy":"product_cat","embeddable":true,"href":"https:\/\/topprixsarl.ch\/de\/wp-json\/wp\/v2\/product_cat?post=30175"},{"taxonomy":"product_tag","embeddable":true,"href":"https:\/\/topprixsarl.ch\/de\/wp-json\/wp\/v2\/product_tag?post=30175"}],"curies":[{"name":"wp","href":"https:\/\/api.w.org\/{rel}","templated":true}]}}