{"id":30167,"date":"2026-01-09T12:56:32","date_gmt":"2026-01-09T12:56:32","guid":{"rendered":"https:\/\/topprixsarl.ch\/product\/chemise-de-presentation-lyreco-budget-a4-vert-emballage-de-25\/"},"modified":"2026-01-14T14:21:30","modified_gmt":"2026-01-14T14:21:30","slug":"chemise-de-presentation-lyreco-budget-a4-vert-emballage-de-25","status":"publish","type":"product","link":"https:\/\/topprixsarl.ch\/de\/product\/chemise-de-presentation-lyreco-budget-a4-vert-emballage-de-25\/","title":{"rendered":"Pr\u00e4sentationsmappe Budget A4, gr\u00fcn, Packung zu 25"},"content":{"rendered":"<p>Montrez ce que vous avez ! Les cornes peuvent \u00eatre tr\u00e8s charmantes quand il s&rsquo;agit de livres pr\u00e9f\u00e9r\u00e9s ou du bon animal. Par contre, sur les documents ou les contrats, elles sont tout sauf appr\u00e9ci\u00e9es. <\/p>\n<p>Avec le dossier rapide de la marque Budget, vous les \u00e9vitez de mani\u00e8re fiable et vous gardez vos papiers ensemble, tout en garantissant une pr\u00e9sentation comp\u00e9tente. <\/p>\n<p>+ Feuilles au format A4 id\u00e9ales pour cet article. <\/p>\n<p>+ Capacit\u00e9 de rangement jusqu&rsquo;\u00e0 25 feuilles. <\/p>\n<p>Comme c&rsquo;est souvent le cas avec ce type de produit, vos documents sont fix\u00e9s par un m\u00e9canisme \u00e0 lamelles. <\/p>\n<p>Chaque jour, nous sommes amen\u00e9s \u00e0 prendre des d\u00e9cisions et respecter des processus. Souvent, cela induit une pile de papiers et de documents. <\/p>\n<p>Afin de gagner du temps et de m\u00e9nager les nerfs, il est indispensable de cr\u00e9er des structures efficaces qui permettent de garder les documents \u00e0 port\u00e9e de main. <\/p>\n<p>Budget a d\u00e9velopp\u00e9 les dossiers rapides exactement dans ce but. Ils maintiennent les documents importants ensemble et veillent \u00e0 ce que tout reste \u00e0 sa place. <\/p>\n<p>Faites des r\u00e9serves de cet accessoire de bureau essentiel maintenant !<\/p>","protected":false},"excerpt":{"rendered":"<p>Montrez ce que vous avez Les cornes peuvent \u00eatre tr\u00e8s charmantes quand il s&rsquo;agit de livres pr\u00e9f\u00e9r\u00e9s ou du bon animal. Par contre, sur les documents ou les contrats, elles sont tout sauf appr\u00e9ci\u00e9es. Avec le dossier rapide de la marque Budget, v<\/p>","protected":false},"featured_media":30166,"comment_status":"open","ping_status":"closed","template":"","meta":[],"product_brand":[],"product_cat":[137],"product_tag":[],"class_list":{"0":"post-30167","1":"product","2":"type-product","3":"status-publish","4":"has-post-thumbnail","6":"product_cat-papier","8":"first","9":"instock","10":"shipping-taxable","11":"purchasable","12":"product-type-simple"},"_links":{"self":[{"href":"https:\/\/topprixsarl.ch\/de\/wp-json\/wp\/v2\/product\/30167","targetHints":{"allow":["GET"]}}],"collection":[{"href":"https:\/\/topprixsarl.ch\/de\/wp-json\/wp\/v2\/product"}],"about":[{"href":"https:\/\/topprixsarl.ch\/de\/wp-json\/wp\/v2\/types\/product"}],"replies":[{"embeddable":true,"href":"https:\/\/topprixsarl.ch\/de\/wp-json\/wp\/v2\/comments?post=30167"}],"version-history":[{"count":3,"href":"https:\/\/topprixsarl.ch\/de\/wp-json\/wp\/v2\/product\/30167\/revisions"}],"predecessor-version":[{"id":33371,"href":"https:\/\/topprixsarl.ch\/de\/wp-json\/wp\/v2\/product\/30167\/revisions\/33371"}],"wp:featuredmedia":[{"embeddable":true,"href":"https:\/\/topprixsarl.ch\/de\/wp-json\/wp\/v2\/media\/30166"}],"wp:attachment":[{"href":"https:\/\/topprixsarl.ch\/de\/wp-json\/wp\/v2\/media?parent=30167"}],"wp:term":[{"taxonomy":"product_brand","embeddable":true,"href":"https:\/\/topprixsarl.ch\/de\/wp-json\/wp\/v2\/product_brand?post=30167"},{"taxonomy":"product_cat","embeddable":true,"href":"https:\/\/topprixsarl.ch\/de\/wp-json\/wp\/v2\/product_cat?post=30167"},{"taxonomy":"product_tag","embeddable":true,"href":"https:\/\/topprixsarl.ch\/de\/wp-json\/wp\/v2\/product_tag?post=30167"}],"curies":[{"name":"wp","href":"https:\/\/api.w.org\/{rel}","templated":true}]}}