{"id":30165,"date":"2026-01-09T12:56:17","date_gmt":"2026-01-09T12:56:17","guid":{"rendered":"https:\/\/topprixsarl.ch\/product\/chemise-de-presentation-lyreco-budget-a4-gris-emballage-de-25\/"},"modified":"2026-01-14T14:21:30","modified_gmt":"2026-01-14T14:21:30","slug":"chemise-de-presentation-lyreco-budget-a4-gris-emballage-de-25","status":"publish","type":"product","link":"https:\/\/topprixsarl.ch\/de\/product\/chemise-de-presentation-lyreco-budget-a4-gris-emballage-de-25\/","title":{"rendered":"Pr\u00e4sentationsmappe Budget A4, grau, Packung zu 25"},"content":{"rendered":"<p>Pour une pr\u00e9sentation professionnelle de vos informations, <\/p>\n<p>La course, le saut et les \u00e9tirements sont des exercices parfaits quand il s&rsquo;agit de faire du sport et de bouger r\u00e9guli\u00e8rement. Mais si vous \u00eates amen\u00e9 \u00e0 faire cela en permanence parce que vos piles de papier s&rsquo;effondrent ou parce que vos amas de feuilles se d\u00e9sint\u00e8grent, dans ce cas vous devriez plut\u00f4t choisir le dossier rapide de la marque Budget. <\/p>\n<p>+ Il vous aide \u00e0 regrouper les papiers et simplifie consid\u00e9rablement le quotidien au travail. <\/p>\n<p>Vous pouvez utiliser des documents jusqu&rsquo;au format A4 avec ce produit. <\/p>\n<p>+ Il peut contenir un lot de 25 feuilles. <\/p>\n<p>Un autre atout est le m\u00e9canisme \u00e0 lamelles qui est particuli\u00e8rement fiable et garde vos documents \u00e0 leur place. <\/p>\n<p>+ Trouver a toujours \u00e9t\u00e9 beaucoup mieux que chercher. <\/p>\n<p>Cons\u00e9quemment, les collections de documents fiables valent leur pesant d&rsquo;or. <\/p>\n<p>+ Les dossiers rapides de la marque Budget sont d&rsquo;une grande aide \u00e0 cet \u00e9gard, car ils assurent une excellente protection aux documents et aux papiers de toutes sortes et veillent \u00e0 ce que rien ne se perde. <\/p>\n<p>Avec un tel accessoire, vous pouvez optimiser vos processus de travail avec tr\u00e8s peu d&rsquo;efforts. <\/p>\n<p>+ En route ou au bureau: cr\u00e9ez de l&rsquo;ordre d\u00e8s maintenant!<\/p>","protected":false},"excerpt":{"rendered":"<p>Pour une pr\u00e9sentation professionnelle de vos informations La course, le saut et les \u00e9tirements sont des exercices parfaits quand il s&rsquo;agit de faire du sport et de bouger r\u00e9guli\u00e8rement. Mais si vous \u00eates amen\u00e9 \u00e0 faire cela en permanence parce que vos <\/p>","protected":false},"featured_media":30164,"comment_status":"open","ping_status":"closed","template":"","meta":[],"product_brand":[],"product_cat":[137],"product_tag":[],"class_list":{"0":"post-30165","1":"product","2":"type-product","3":"status-publish","4":"has-post-thumbnail","6":"product_cat-papier","8":"first","9":"instock","10":"shipping-taxable","11":"purchasable","12":"product-type-simple"},"_links":{"self":[{"href":"https:\/\/topprixsarl.ch\/de\/wp-json\/wp\/v2\/product\/30165","targetHints":{"allow":["GET"]}}],"collection":[{"href":"https:\/\/topprixsarl.ch\/de\/wp-json\/wp\/v2\/product"}],"about":[{"href":"https:\/\/topprixsarl.ch\/de\/wp-json\/wp\/v2\/types\/product"}],"replies":[{"embeddable":true,"href":"https:\/\/topprixsarl.ch\/de\/wp-json\/wp\/v2\/comments?post=30165"}],"version-history":[{"count":3,"href":"https:\/\/topprixsarl.ch\/de\/wp-json\/wp\/v2\/product\/30165\/revisions"}],"predecessor-version":[{"id":33372,"href":"https:\/\/topprixsarl.ch\/de\/wp-json\/wp\/v2\/product\/30165\/revisions\/33372"}],"wp:featuredmedia":[{"embeddable":true,"href":"https:\/\/topprixsarl.ch\/de\/wp-json\/wp\/v2\/media\/30164"}],"wp:attachment":[{"href":"https:\/\/topprixsarl.ch\/de\/wp-json\/wp\/v2\/media?parent=30165"}],"wp:term":[{"taxonomy":"product_brand","embeddable":true,"href":"https:\/\/topprixsarl.ch\/de\/wp-json\/wp\/v2\/product_brand?post=30165"},{"taxonomy":"product_cat","embeddable":true,"href":"https:\/\/topprixsarl.ch\/de\/wp-json\/wp\/v2\/product_cat?post=30165"},{"taxonomy":"product_tag","embeddable":true,"href":"https:\/\/topprixsarl.ch\/de\/wp-json\/wp\/v2\/product_tag?post=30165"}],"curies":[{"name":"wp","href":"https:\/\/api.w.org\/{rel}","templated":true}]}}