{"id":30163,"date":"2026-01-09T12:56:04","date_gmt":"2026-01-09T12:56:04","guid":{"rendered":"https:\/\/topprixsarl.ch\/product\/chemise-de-presentation-lyreco-budget-a4-blanc-emballage-de-25\/"},"modified":"2026-01-14T14:21:30","modified_gmt":"2026-01-14T14:21:30","slug":"chemise-de-presentation-lyreco-budget-a4-blanc-emballage-de-25","status":"publish","type":"product","link":"https:\/\/topprixsarl.ch\/de\/product\/chemise-de-presentation-lyreco-budget-a4-blanc-emballage-de-25\/","title":{"rendered":"Chemise de pr\u00e9sentation Budget A4, blanc, emballage de 25"},"content":{"rendered":"<p>Pour une pr\u00e9sentation styl\u00e9e, vous aimez votre syst\u00e8me de classement et tout a sa place sur votre bureau? <\/p>\n<p>Les dossiers rapides de la marque Budget vous aident \u00e0 conserver une bonne vue d&rsquo;ensemble, m\u00eame lors de d\u00e9placements. Ils sont des compagnons optimaux pour les r\u00e9unions et les voyages d&rsquo;affaires. Parce que gr\u00e2ce \u00e0 eux, un seul geste de la main suffit et le document que vous cherchez est \u00e0 port\u00e9e de main. <\/p>\n<p>En outre, ils prot\u00e8gent vos papiers contre la salet\u00e9 ou des dommages caus\u00e9s par les intemp\u00e9ries. <\/p>\n<p>+ Format : Id\u00e9al pour toutes les feuilles au format A4. <\/p>\n<p>+ Capacit\u00e9 : Peut contenir jusqu&rsquo;\u00e0 25 feuilles. <\/p>\n<p>+ M\u00e9canisme : Le m\u00e9canisme \u00e0 lamelles \u00e9prouv\u00e9 vous permet de ranger et d&rsquo;archiver vos documents en toute s\u00e9curit\u00e9. <\/p>\n<p>Chaque jour, nous sommes amen\u00e9s \u00e0 prendre des d\u00e9cisions et respecter des processus. Tr\u00e8s souvent, cela induit une pile de papiers et de documents. Afin de gagner du temps et de m\u00e9nager les nerfs, il est essentiel de cr\u00e9er des structures efficaces qui permettent de garder les documents \u00e0 port\u00e9e de main. <\/p>\n<p>Budget a d\u00e9velopp\u00e9 les dossiers rapides exactement dans ce but. Ils maintiennent les documents importants ensemble et assurent que tout reste \u00e0 sa place. <\/p>\n<p>Choisissez maintenant cet accessoire de bureau pr\u00e9cieux!<\/p>","protected":false},"excerpt":{"rendered":"<p>Pour une pr\u00e9sentation styl\u00e9e Vous aimez votre syst\u00e8me de classement et tout a sa place sur votre bureau? Les dossiers rapides de la marque Budget vous aident \u00e0 conserver une bonne vue d&rsquo;ensemble, m\u00eame lors de d\u00e9placements. Ils sont des compagn<\/p>","protected":false},"featured_media":30162,"comment_status":"open","ping_status":"closed","template":"","meta":[],"product_brand":[],"product_cat":[137],"product_tag":[],"class_list":{"0":"post-30163","1":"product","2":"type-product","3":"status-publish","4":"has-post-thumbnail","6":"product_cat-papier","8":"first","9":"instock","10":"shipping-taxable","11":"purchasable","12":"product-type-simple"},"_links":{"self":[{"href":"https:\/\/topprixsarl.ch\/de\/wp-json\/wp\/v2\/product\/30163","targetHints":{"allow":["GET"]}}],"collection":[{"href":"https:\/\/topprixsarl.ch\/de\/wp-json\/wp\/v2\/product"}],"about":[{"href":"https:\/\/topprixsarl.ch\/de\/wp-json\/wp\/v2\/types\/product"}],"replies":[{"embeddable":true,"href":"https:\/\/topprixsarl.ch\/de\/wp-json\/wp\/v2\/comments?post=30163"}],"version-history":[{"count":3,"href":"https:\/\/topprixsarl.ch\/de\/wp-json\/wp\/v2\/product\/30163\/revisions"}],"predecessor-version":[{"id":33373,"href":"https:\/\/topprixsarl.ch\/de\/wp-json\/wp\/v2\/product\/30163\/revisions\/33373"}],"wp:featuredmedia":[{"embeddable":true,"href":"https:\/\/topprixsarl.ch\/de\/wp-json\/wp\/v2\/media\/30162"}],"wp:attachment":[{"href":"https:\/\/topprixsarl.ch\/de\/wp-json\/wp\/v2\/media?parent=30163"}],"wp:term":[{"taxonomy":"product_brand","embeddable":true,"href":"https:\/\/topprixsarl.ch\/de\/wp-json\/wp\/v2\/product_brand?post=30163"},{"taxonomy":"product_cat","embeddable":true,"href":"https:\/\/topprixsarl.ch\/de\/wp-json\/wp\/v2\/product_cat?post=30163"},{"taxonomy":"product_tag","embeddable":true,"href":"https:\/\/topprixsarl.ch\/de\/wp-json\/wp\/v2\/product_tag?post=30163"}],"curies":[{"name":"wp","href":"https:\/\/api.w.org\/{rel}","templated":true}]}}