{"id":30161,"date":"2026-01-09T12:55:51","date_gmt":"2026-01-09T12:55:51","guid":{"rendered":"https:\/\/topprixsarl.ch\/product\/chemise-de-presentation-lyreco-budget-dos-3-mm-noire\/"},"modified":"2026-01-14T14:21:30","modified_gmt":"2026-01-14T14:21:30","slug":"chemise-de-presentation-lyreco-budget-dos-3-mm-noire","status":"publish","type":"product","link":"https:\/\/topprixsarl.ch\/de\/product\/chemise-de-presentation-lyreco-budget-dos-3-mm-noire\/","title":{"rendered":"Pr\u00e4sentationsmappe Budget- R\u00fccken 3 mm- schwarz"},"content":{"rendered":"<p>Quelque chose qui pla\u00eet \u00e0 l&rsquo;\u0153il<\/p>\n<p>En automne, les feuilles qui flottent au gr\u00e9 du vent dans le parc sont un v\u00e9ritable r\u00e9gal pour les yeux. Mais au bureau, le spectacle des feuilles qui s&rsquo;envolent est assez ennuyeux. <\/p>\n<p>Le dossier rapide de la marque Budget maintient ensemble vos documents de mani\u00e8re fiable et vous aide \u00e0 gagner du temps et \u00e0 m\u00e9nager vos nerfs. De plus, cela conf\u00e8re \u00e0 votre bureau et \u00e0 votre syst\u00e8me de classement une certaine structure et cr\u00e9e automatiquement de l&rsquo;ordre. <\/p>\n<p>+ Format A4 : Les feuilles au format A4 sont id\u00e9ales pour cet article. <\/p>\n<p>+ Capacit\u00e9 : Il peut contenir un lot de 25 feuilles. <\/p>\n<p>+ M\u00e9canisme \u00e0 lamelles : Un autre point fort est le m\u00e9canisme \u00e0 lamelles qui garde tous vos documents \u00e0 leur place. <\/p>\n<p>Chaque jour, nous sommes amen\u00e9s \u00e0 prendre des d\u00e9cisions et respecter des processus. Souvent, cela est accompagn\u00e9 d&rsquo;une pile de papiers et de documents. Afin de gagner du temps et de m\u00e9nager les nerfs, il est essentiel de cr\u00e9er des structures efficaces qui permettent de garder les documents \u00e0 port\u00e9e de main. <\/p>\n<p>Budget a d\u00e9velopp\u00e9 les dossiers rapides exactement dans ce but. Ils maintiennent les documents importants ensemble et assurent que tout reste \u00e0 sa place. <\/p>\n<p>Faites des r\u00e9serves de cet accessoire de bureau indispensable aujourd&rsquo;hui!<\/p>","protected":false},"excerpt":{"rendered":"<p>Quelque chose qui pla\u00eet \u00e0 l&rsquo;\u0153il En automne, les feuilles qui flottent au gr\u00e9 du vent dans le parc sont un v\u00e9ritable r\u00e9gal pour les yeux. Mais au bureau, le spectacle des feuilles qui s&rsquo;envolent est assez ennuyeux. Le dossier rapide de la marque Lyrec<\/p>","protected":false},"featured_media":30160,"comment_status":"open","ping_status":"closed","template":"","meta":[],"product_brand":[],"product_cat":[137],"product_tag":[],"class_list":{"0":"post-30161","1":"product","2":"type-product","3":"status-publish","4":"has-post-thumbnail","6":"product_cat-papier","8":"first","9":"instock","10":"shipping-taxable","11":"purchasable","12":"product-type-simple"},"_links":{"self":[{"href":"https:\/\/topprixsarl.ch\/de\/wp-json\/wp\/v2\/product\/30161","targetHints":{"allow":["GET"]}}],"collection":[{"href":"https:\/\/topprixsarl.ch\/de\/wp-json\/wp\/v2\/product"}],"about":[{"href":"https:\/\/topprixsarl.ch\/de\/wp-json\/wp\/v2\/types\/product"}],"replies":[{"embeddable":true,"href":"https:\/\/topprixsarl.ch\/de\/wp-json\/wp\/v2\/comments?post=30161"}],"version-history":[{"count":3,"href":"https:\/\/topprixsarl.ch\/de\/wp-json\/wp\/v2\/product\/30161\/revisions"}],"predecessor-version":[{"id":33374,"href":"https:\/\/topprixsarl.ch\/de\/wp-json\/wp\/v2\/product\/30161\/revisions\/33374"}],"wp:featuredmedia":[{"embeddable":true,"href":"https:\/\/topprixsarl.ch\/de\/wp-json\/wp\/v2\/media\/30160"}],"wp:attachment":[{"href":"https:\/\/topprixsarl.ch\/de\/wp-json\/wp\/v2\/media?parent=30161"}],"wp:term":[{"taxonomy":"product_brand","embeddable":true,"href":"https:\/\/topprixsarl.ch\/de\/wp-json\/wp\/v2\/product_brand?post=30161"},{"taxonomy":"product_cat","embeddable":true,"href":"https:\/\/topprixsarl.ch\/de\/wp-json\/wp\/v2\/product_cat?post=30161"},{"taxonomy":"product_tag","embeddable":true,"href":"https:\/\/topprixsarl.ch\/de\/wp-json\/wp\/v2\/product_tag?post=30161"}],"curies":[{"name":"wp","href":"https:\/\/api.w.org\/{rel}","templated":true}]}}