{"id":30159,"date":"2026-01-09T12:55:39","date_gmt":"2026-01-09T12:55:39","guid":{"rendered":"https:\/\/topprixsarl.ch\/product\/chemise-de-presentation-lyreco-budget-a4-jaunir-emballage-de-25\/"},"modified":"2026-01-14T14:21:30","modified_gmt":"2026-01-14T14:21:30","slug":"chemise-de-presentation-lyreco-budget-a4-jaunir-emballage-de-25","status":"publish","type":"product","link":"https:\/\/topprixsarl.ch\/de\/product\/chemise-de-presentation-lyreco-budget-a4-jaunir-emballage-de-25\/","title":{"rendered":"Pr\u00e4sentationsmappe Budget A4, vergilbt, Packung zu 25"},"content":{"rendered":"<p>Pour une pr\u00e9sentation de haute qualit\u00e9 de vos informations, <\/p>\n<p>En automne, les feuilles qui flottent au gr\u00e9 du vent dans la for\u00eat sont un v\u00e9ritable r\u00e9gal pour les yeux. Mais au bureau, le spectacle des feuilles qui s&rsquo;envolent est assez ennuyeux. <\/p>\n<p>Le dossier rapide de la marque Budget maintient ensemble vos documents de mani\u00e8re fiable et vous permet de gagner du temps et de m\u00e9nager vos nerfs. En outre, cela conf\u00e8re \u00e0 votre bureau et \u00e0 votre syst\u00e8me de classement une certaine structure et cr\u00e9e automatiquement de l&rsquo;ordre. <\/p>\n<p>Cet article est id\u00e9al pour tous les documents au format A4. De plus, vous pouvez y ins\u00e9rer jusqu&rsquo;\u00e0 25 feuilles. Comme c&rsquo;est souvent le cas avec ce type de produit, vos documents sont fix\u00e9s par un m\u00e9canisme \u00e0 lamelles. <\/p>\n<p>Vous aimez avoir vos documents \u00e0 port\u00e9e de main et en ordre? Dans ce cas, optez pour le dossier rapide de la marque Budget et vous disposerez d&rsquo;un syst\u00e8me de classement simple et optimal. <\/p>\n<p>Il est d&rsquo;ailleurs pr\u00e9f\u00e9rable d&rsquo;en avoir toujours quelques-uns en stock, pour que les processus individuels et les projets de grande envergure puissent toujours \u00eatre class\u00e9s de mani\u00e8re optimale et stock\u00e9s en toute s\u00e9curit\u00e9. <\/p>\n<p>De la sorte, vous avez toujours tout \u00e0 port\u00e9e de main, m\u00eame lorsque vous \u00eates en voyage. <\/p>\n<p>En route ou au bureau: cr\u00e9ez de l&rsquo;ordre d\u00e8s aujourd&rsquo;hui!<\/p>\n<p>+ Dossier rapide de la marque Budget pour un classement efficace<br \/> + Id\u00e9al pour documents au format A4<br \/> + Capacit\u00e9 d&rsquo;insertion jusqu&rsquo;\u00e0 25 feuilles<br \/> + M\u00e9canisme \u00e0 lamelles pour un maintien fiable<br \/> + Pratique pour les projets individuels et de grande envergure<br \/> + Toujours \u00e0 port\u00e9e de main, m\u00eame en d\u00e9placement<\/p>","protected":false},"excerpt":{"rendered":"<p>Pour une pr\u00e9sentation de haute qualit\u00e9 de vos informations En automne, les feuilles qui flottent au gr\u00e9 du vent dans la for\u00eat sont un v\u00e9ritable r\u00e9gal pour les yeux. Mais au bureau, le spectacle des feuilles qui s&rsquo;envolent est assez ennuyeux. Le dossi<\/p>","protected":false},"featured_media":30158,"comment_status":"open","ping_status":"closed","template":"","meta":[],"product_brand":[],"product_cat":[137],"product_tag":[],"class_list":{"0":"post-30159","1":"product","2":"type-product","3":"status-publish","4":"has-post-thumbnail","6":"product_cat-papier","8":"first","9":"instock","10":"shipping-taxable","11":"purchasable","12":"product-type-simple"},"_links":{"self":[{"href":"https:\/\/topprixsarl.ch\/de\/wp-json\/wp\/v2\/product\/30159","targetHints":{"allow":["GET"]}}],"collection":[{"href":"https:\/\/topprixsarl.ch\/de\/wp-json\/wp\/v2\/product"}],"about":[{"href":"https:\/\/topprixsarl.ch\/de\/wp-json\/wp\/v2\/types\/product"}],"replies":[{"embeddable":true,"href":"https:\/\/topprixsarl.ch\/de\/wp-json\/wp\/v2\/comments?post=30159"}],"version-history":[{"count":3,"href":"https:\/\/topprixsarl.ch\/de\/wp-json\/wp\/v2\/product\/30159\/revisions"}],"predecessor-version":[{"id":33375,"href":"https:\/\/topprixsarl.ch\/de\/wp-json\/wp\/v2\/product\/30159\/revisions\/33375"}],"wp:featuredmedia":[{"embeddable":true,"href":"https:\/\/topprixsarl.ch\/de\/wp-json\/wp\/v2\/media\/30158"}],"wp:attachment":[{"href":"https:\/\/topprixsarl.ch\/de\/wp-json\/wp\/v2\/media?parent=30159"}],"wp:term":[{"taxonomy":"product_brand","embeddable":true,"href":"https:\/\/topprixsarl.ch\/de\/wp-json\/wp\/v2\/product_brand?post=30159"},{"taxonomy":"product_cat","embeddable":true,"href":"https:\/\/topprixsarl.ch\/de\/wp-json\/wp\/v2\/product_cat?post=30159"},{"taxonomy":"product_tag","embeddable":true,"href":"https:\/\/topprixsarl.ch\/de\/wp-json\/wp\/v2\/product_tag?post=30159"}],"curies":[{"name":"wp","href":"https:\/\/api.w.org\/{rel}","templated":true}]}}