{"id":30155,"date":"2026-01-09T12:55:13","date_gmt":"2026-01-09T12:55:13","guid":{"rendered":"https:\/\/topprixsarl.ch\/product\/surligneur-stabilo-boss-original-vert-fluo\/"},"modified":"2026-01-14T14:21:30","modified_gmt":"2026-01-14T14:21:30","slug":"surligneur-stabilo-boss-original-vert-fluo","status":"publish","type":"product","link":"https:\/\/topprixsarl.ch\/de\/product\/surligneur-stabilo-boss-original-vert-fluo\/","title":{"rendered":"Stabilo Boss Original Textmarker - Neongr\u00fcn"},"content":{"rendered":"<p>Pour une belle \u00e9criture, il est souvent important de pouvoir retrouver ses marquages en un seul coup d&rsquo;\u0153il. Il est donc pr\u00e9f\u00e9rable d&rsquo;utiliser imm\u00e9diatement le surligneur de la marque Stabilo. <\/p>\n<p>+ Surligneur avec une couleur intense<br \/>\n+ Efficace sur une grande vari\u00e9t\u00e9 de supports d&rsquo;\u00e9criture<br \/>\n+ Design intelligent pour une utilisation facile  <\/p>\n<p>La couleur vert n\u00e9on qui est utilis\u00e9e ici est brillante. Notez vos pens\u00e9es ou vos id\u00e9es avant qu&rsquo;elles ne s&rsquo;envolent \u00e0 nouveau. <\/p>\n<p>Aussi, il n&rsquo;y a pas que dans ces situations que le surligneur de la marque Stabilo est pr\u00e9cieux. Efficace et compact, cet ustensile fera vivre vos cr\u00e9ations. <\/p>\n<p>+ Conception intelligente qui accompagne vos mouvements<br \/>\n+ Application uniforme de la couleur sans taches  <\/p>\n<p>Arr\u00eatez d&rsquo;\u00e9crire et commencez \u00e0 glisser : cet outil rend cela possible! <\/p>\n<p>> Garantie 2 ans  <\/p>\n<p>*Notes de bas de page*<\/p>","protected":false},"excerpt":{"rendered":"<p>Pour une belle \u00e9criture Il est souvent important de pouvoir retrouver ses marquages en un seul coup d&rsquo;\u0153il. Il est donc pr\u00e9f\u00e9rable d&rsquo;utiliser imm\u00e9diatement le surligneur de la marque Stabilo. Il surligne les caract\u00e8res avec une couleur intense et est <\/p>","protected":false},"featured_media":30154,"comment_status":"open","ping_status":"closed","template":"","meta":[],"product_brand":[],"product_cat":[137],"product_tag":[],"class_list":{"0":"post-30155","1":"product","2":"type-product","3":"status-publish","4":"has-post-thumbnail","6":"product_cat-papier","8":"first","9":"instock","10":"shipping-taxable","11":"purchasable","12":"product-type-simple"},"_links":{"self":[{"href":"https:\/\/topprixsarl.ch\/de\/wp-json\/wp\/v2\/product\/30155","targetHints":{"allow":["GET"]}}],"collection":[{"href":"https:\/\/topprixsarl.ch\/de\/wp-json\/wp\/v2\/product"}],"about":[{"href":"https:\/\/topprixsarl.ch\/de\/wp-json\/wp\/v2\/types\/product"}],"replies":[{"embeddable":true,"href":"https:\/\/topprixsarl.ch\/de\/wp-json\/wp\/v2\/comments?post=30155"}],"version-history":[{"count":2,"href":"https:\/\/topprixsarl.ch\/de\/wp-json\/wp\/v2\/product\/30155\/revisions"}],"predecessor-version":[{"id":32398,"href":"https:\/\/topprixsarl.ch\/de\/wp-json\/wp\/v2\/product\/30155\/revisions\/32398"}],"wp:featuredmedia":[{"embeddable":true,"href":"https:\/\/topprixsarl.ch\/de\/wp-json\/wp\/v2\/media\/30154"}],"wp:attachment":[{"href":"https:\/\/topprixsarl.ch\/de\/wp-json\/wp\/v2\/media?parent=30155"}],"wp:term":[{"taxonomy":"product_brand","embeddable":true,"href":"https:\/\/topprixsarl.ch\/de\/wp-json\/wp\/v2\/product_brand?post=30155"},{"taxonomy":"product_cat","embeddable":true,"href":"https:\/\/topprixsarl.ch\/de\/wp-json\/wp\/v2\/product_cat?post=30155"},{"taxonomy":"product_tag","embeddable":true,"href":"https:\/\/topprixsarl.ch\/de\/wp-json\/wp\/v2\/product_tag?post=30155"}],"curies":[{"name":"wp","href":"https:\/\/api.w.org\/{rel}","templated":true}]}}