{"id":30153,"date":"2026-01-09T12:54:59","date_gmt":"2026-01-09T12:54:59","guid":{"rendered":"https:\/\/topprixsarl.ch\/product\/surligneur-stabilo-boss-original-jaune-fluo\/"},"modified":"2026-01-14T14:21:31","modified_gmt":"2026-01-14T14:21:31","slug":"surligneur-stabilo-boss-original-jaune-fluo","status":"publish","type":"product","link":"https:\/\/topprixsarl.ch\/de\/product\/surligneur-stabilo-boss-original-jaune-fluo\/","title":{"rendered":"Stabilo Boss Original Textmarker - Neongelb"},"content":{"rendered":"<p>Surligneurs de haute qualit\u00e9 pour des textes clairs<\/p>\n<p>Les stylos ou les crayons color\u00e9s ne sont pas la meilleure option pour mettre un texte en \u00e9vidence. Pour un document clair et d&rsquo;aspect professionnel, vous devriez essayer les surligneurs Stabilo Boss Original 70.<\/p>\n<p>+ Large pointe en fibre pour des lignes claires et color\u00e9es avec peu d&rsquo;effort.<\/p>\n<p>+ Totalement transparent, garantissant des r\u00e9sultats excellents.<\/p>\n<p>+ Parfait pour le bureau. Surlignez tout ce dont vous avez besoin!<\/p>\n<p>> Garantie 2 ans<\/p>\n<p>*Note: Les r\u00e9sultats peuvent varier en fonction du type de papier utilis\u00e9.<\/p>","protected":false},"excerpt":{"rendered":"<p>Surligneurs de haute qualit\u00e9 pour des textes clairs Les stylos ou les crayons color\u00e9s ne sont pas la meilleure option pour mettre un texte en \u00e9vidence. Pour un document clair et d&rsquo;aspect professionnel, vous devriez essayer les surligneurs Stabilo Bos<\/p>","protected":false},"featured_media":30152,"comment_status":"open","ping_status":"closed","template":"","meta":[],"product_brand":[],"product_cat":[137],"product_tag":[],"class_list":{"0":"post-30153","1":"product","2":"type-product","3":"status-publish","4":"has-post-thumbnail","6":"product_cat-papier","8":"first","9":"instock","10":"shipping-taxable","11":"purchasable","12":"product-type-simple"},"_links":{"self":[{"href":"https:\/\/topprixsarl.ch\/de\/wp-json\/wp\/v2\/product\/30153","targetHints":{"allow":["GET"]}}],"collection":[{"href":"https:\/\/topprixsarl.ch\/de\/wp-json\/wp\/v2\/product"}],"about":[{"href":"https:\/\/topprixsarl.ch\/de\/wp-json\/wp\/v2\/types\/product"}],"replies":[{"embeddable":true,"href":"https:\/\/topprixsarl.ch\/de\/wp-json\/wp\/v2\/comments?post=30153"}],"version-history":[{"count":2,"href":"https:\/\/topprixsarl.ch\/de\/wp-json\/wp\/v2\/product\/30153\/revisions"}],"predecessor-version":[{"id":32397,"href":"https:\/\/topprixsarl.ch\/de\/wp-json\/wp\/v2\/product\/30153\/revisions\/32397"}],"wp:featuredmedia":[{"embeddable":true,"href":"https:\/\/topprixsarl.ch\/de\/wp-json\/wp\/v2\/media\/30152"}],"wp:attachment":[{"href":"https:\/\/topprixsarl.ch\/de\/wp-json\/wp\/v2\/media?parent=30153"}],"wp:term":[{"taxonomy":"product_brand","embeddable":true,"href":"https:\/\/topprixsarl.ch\/de\/wp-json\/wp\/v2\/product_brand?post=30153"},{"taxonomy":"product_cat","embeddable":true,"href":"https:\/\/topprixsarl.ch\/de\/wp-json\/wp\/v2\/product_cat?post=30153"},{"taxonomy":"product_tag","embeddable":true,"href":"https:\/\/topprixsarl.ch\/de\/wp-json\/wp\/v2\/product_tag?post=30153"}],"curies":[{"name":"wp","href":"https:\/\/api.w.org\/{rel}","templated":true}]}}