{"id":30151,"date":"2026-01-09T12:54:46","date_gmt":"2026-01-09T12:54:46","guid":{"rendered":"https:\/\/topprixsarl.ch\/product\/gomme-lyreco\/"},"modified":"2026-01-14T14:21:31","modified_gmt":"2026-01-14T14:21:31","slug":"gomme-lyreco","status":"publish","type":"product","link":"https:\/\/topprixsarl.ch\/de\/product\/gomme-lyreco\/","title":{"rendered":"Gomme"},"content":{"rendered":"<p>Une gomme simple pour chaque t\u00e2che<\/p>\n<p>Pour un usage quotidien, il n&rsquo;est pas n\u00e9cessaire d&rsquo;utiliser une gomme pr\u00e9tentieuse. Un mod\u00e8le simple suffit pour effacer toute marque, mot ou petit d\u00e9tail sur un croquis.<\/p>\n<p>Pour ce genre de t\u00e2ches, l&rsquo;outil le plus appropri\u00e9 est la gomme en plastic de. Cet objet, qui n&rsquo;est pas compatible avec les crayons color\u00e9s, enl\u00e8ve le graphite des crayons standards, assurant ainsi que toute erreur soit imperceptible.<\/p>\n<p>+ Effacez vos erreurs avec!<\/p>","protected":false},"excerpt":{"rendered":"<p>Une gomme simple pour chaque t\u00e2che Pour un usage quotidien, il n&rsquo;est pas n\u00e9cessaire d&rsquo;utiliser une gomme pr\u00e9tentieuse. Un mod\u00e8le simple suffit pour effacer toute marque, mot ou petit d\u00e9tail sur un croquis.Pour ce genre de t\u00e2ches, l&rsquo;outil le plus appr<\/p>","protected":false},"featured_media":30150,"comment_status":"open","ping_status":"closed","template":"","meta":[],"product_brand":[],"product_cat":[137],"product_tag":[],"class_list":{"0":"post-30151","1":"product","2":"type-product","3":"status-publish","4":"has-post-thumbnail","6":"product_cat-papier","8":"first","9":"instock","10":"shipping-taxable","11":"purchasable","12":"product-type-simple"},"_links":{"self":[{"href":"https:\/\/topprixsarl.ch\/de\/wp-json\/wp\/v2\/product\/30151","targetHints":{"allow":["GET"]}}],"collection":[{"href":"https:\/\/topprixsarl.ch\/de\/wp-json\/wp\/v2\/product"}],"about":[{"href":"https:\/\/topprixsarl.ch\/de\/wp-json\/wp\/v2\/types\/product"}],"replies":[{"embeddable":true,"href":"https:\/\/topprixsarl.ch\/de\/wp-json\/wp\/v2\/comments?post=30151"}],"version-history":[{"count":3,"href":"https:\/\/topprixsarl.ch\/de\/wp-json\/wp\/v2\/product\/30151\/revisions"}],"predecessor-version":[{"id":33376,"href":"https:\/\/topprixsarl.ch\/de\/wp-json\/wp\/v2\/product\/30151\/revisions\/33376"}],"wp:featuredmedia":[{"embeddable":true,"href":"https:\/\/topprixsarl.ch\/de\/wp-json\/wp\/v2\/media\/30150"}],"wp:attachment":[{"href":"https:\/\/topprixsarl.ch\/de\/wp-json\/wp\/v2\/media?parent=30151"}],"wp:term":[{"taxonomy":"product_brand","embeddable":true,"href":"https:\/\/topprixsarl.ch\/de\/wp-json\/wp\/v2\/product_brand?post=30151"},{"taxonomy":"product_cat","embeddable":true,"href":"https:\/\/topprixsarl.ch\/de\/wp-json\/wp\/v2\/product_cat?post=30151"},{"taxonomy":"product_tag","embeddable":true,"href":"https:\/\/topprixsarl.ch\/de\/wp-json\/wp\/v2\/product_tag?post=30151"}],"curies":[{"name":"wp","href":"https:\/\/api.w.org\/{rel}","templated":true}]}}