{"id":30149,"date":"2026-01-09T12:54:29","date_gmt":"2026-01-09T12:54:29","guid":{"rendered":"https:\/\/topprixsarl.ch\/product\/pile-bouton-alcaline-energizer-lr54-189-pack-de-2\/"},"modified":"2026-01-14T14:21:31","modified_gmt":"2026-01-14T14:21:31","slug":"pile-bouton-alcaline-energizer-lr54-189-pack-de-2","status":"publish","type":"product","link":"https:\/\/topprixsarl.ch\/de\/product\/pile-bouton-alcaline-energizer-lr54-189-pack-de-2\/","title":{"rendered":"Energizer LR54\/189 Alkaline Knopfzelle - 2er-Pack"},"content":{"rendered":"<p>Piles universelles \u00e0 puissance stable<\/p>\n<p>Plusieurs aspects sont importants au bureau : la propret\u00e9, le bien-\u00eatre des employ\u00e9s, l&rsquo;am\u00e9nagement int\u00e9rieur et les \u00e9quipements. M\u00eame les petites choses comptent, m\u00eame si souvent nous ne les remarquons pas. <\/p>\n<p>Imaginez que, lors d\u2019une pr\u00e9sentation \u00e0 vos partenaires d&rsquo;affaires, la t\u00e9l\u00e9commande ne fonctionne plus soudainement, vous ne pouvez donc pas changer de diapositives. Que feriez-vous ? Il est pr\u00e9f\u00e9rable de faire attention aux piles que vous placez dans vos appareils. <\/p>\n<p>Ces piles alcalines Energizer sont l&rsquo;une des meilleures options si vous recherchez des sources d&rsquo;alimentation LR54\/189. Con\u00e7ues pour s&rsquo;adapter \u00e0 une large gamme d&rsquo;appareils, vous pouvez les utiliser quand vous en avez besoin. Plac\u00e9es dans une montre, une calculatrice, une t\u00e9l\u00e9commande ou un syst\u00e8me \u00e9lectronique, elles sont toujours d\u2019une performance \u00e9lev\u00e9e.<\/p>\n<p>+ Energizer est une marque connue dans le monde entier. <\/p>\n<p>+ L&rsquo;entreprise a fait ses preuves et s&rsquo;assure de fournir \u00e0 ses clients une exp\u00e9rience utilisateur positive. <\/p>\n<p>+ Essayez d\u00e8s maintenant des piles fiables ! <\/p>\n<p>&gt; 5-Jahres-Garantie*<\/p>","protected":false},"excerpt":{"rendered":"<p>Piles universelles \u00e0 puissance stable Plusieurs aspects sont importants au bureau : la propret\u00e9, le bien-\u00eatre des employ\u00e9s, l&rsquo;am\u00e9nagement int\u00e9rieur et les \u00e9quipements. M\u00eame les petites choses comptent, m\u00eame si souvent nous ne les remarquons pas. Imag<\/p>","protected":false},"featured_media":30148,"comment_status":"open","ping_status":"closed","template":"","meta":[],"product_brand":[],"product_cat":[142],"product_tag":[],"class_list":{"0":"post-30149","1":"product","2":"type-product","3":"status-publish","4":"has-post-thumbnail","6":"product_cat-entretien","8":"first","9":"instock","10":"shipping-taxable","11":"purchasable","12":"product-type-simple"},"_links":{"self":[{"href":"https:\/\/topprixsarl.ch\/de\/wp-json\/wp\/v2\/product\/30149","targetHints":{"allow":["GET"]}}],"collection":[{"href":"https:\/\/topprixsarl.ch\/de\/wp-json\/wp\/v2\/product"}],"about":[{"href":"https:\/\/topprixsarl.ch\/de\/wp-json\/wp\/v2\/types\/product"}],"replies":[{"embeddable":true,"href":"https:\/\/topprixsarl.ch\/de\/wp-json\/wp\/v2\/comments?post=30149"}],"version-history":[{"count":2,"href":"https:\/\/topprixsarl.ch\/de\/wp-json\/wp\/v2\/product\/30149\/revisions"}],"predecessor-version":[{"id":32395,"href":"https:\/\/topprixsarl.ch\/de\/wp-json\/wp\/v2\/product\/30149\/revisions\/32395"}],"wp:featuredmedia":[{"embeddable":true,"href":"https:\/\/topprixsarl.ch\/de\/wp-json\/wp\/v2\/media\/30148"}],"wp:attachment":[{"href":"https:\/\/topprixsarl.ch\/de\/wp-json\/wp\/v2\/media?parent=30149"}],"wp:term":[{"taxonomy":"product_brand","embeddable":true,"href":"https:\/\/topprixsarl.ch\/de\/wp-json\/wp\/v2\/product_brand?post=30149"},{"taxonomy":"product_cat","embeddable":true,"href":"https:\/\/topprixsarl.ch\/de\/wp-json\/wp\/v2\/product_cat?post=30149"},{"taxonomy":"product_tag","embeddable":true,"href":"https:\/\/topprixsarl.ch\/de\/wp-json\/wp\/v2\/product_tag?post=30149"}],"curies":[{"name":"wp","href":"https:\/\/api.w.org\/{rel}","templated":true}]}}