{"id":30147,"date":"2026-01-09T12:54:15","date_gmt":"2026-01-09T12:54:15","guid":{"rendered":"https:\/\/topprixsarl.ch\/product\/stylo-bille-bic-4-couleurs-original-pointe-moyenne\/"},"modified":"2026-01-14T14:21:31","modified_gmt":"2026-01-14T14:21:31","slug":"stylo-bille-bic-4-couleurs-original-pointe-moyenne","status":"publish","type":"product","link":"https:\/\/topprixsarl.ch\/de\/product\/stylo-bille-bic-4-couleurs-original-pointe-moyenne\/","title":{"rendered":"Stylo bille Bic 4 couleurs Original &#8211; pointe moyenne"},"content":{"rendered":"<p>Ecriture en 4 couleurs avec un simple clic<\/p>\n<p>Parfois, il est pr\u00e9f\u00e9rable de prendre des notes avec plusieurs stylos color\u00e9s. Il est pratique de mettre en \u00e9vidence certains aspects d&rsquo;un texte avec des couleurs distinctes, afin de marquer des passages diff\u00e9rents.<\/p>\n<p>+ BiC 4 Colours Original a \u00e9t\u00e9 con\u00e7u \u00e0 cet effet : gr\u00e2ce \u00e0 ses 4 stylos int\u00e9gr\u00e9s, on peut changer de couleur en un seul clic. <\/p>\n<p>+ \u00c7a ne prendra pas plus d&rsquo;une fraction de seconde. Pratique, n&rsquo;est-ce pas? <\/p>\n<p>\u00c9crivez et valorisez vos textes avec des couleurs diff\u00e9rentes!<\/p>","protected":false},"excerpt":{"rendered":"<p>Ecriture en 4 couleurs avec un simple clic Parfois, il est pr\u00e9f\u00e9rable de prendre des notes avec plusieurs stylos color\u00e9s. Il est pratique de mettre en \u00e9vidence certains aspects d&rsquo;un texte avec des couleurs distinctes, afin de marquer des passages dif<\/p>","protected":false},"featured_media":30146,"comment_status":"open","ping_status":"closed","template":"","meta":[],"product_brand":[],"product_cat":[137],"product_tag":[],"class_list":{"0":"post-30147","1":"product","2":"type-product","3":"status-publish","4":"has-post-thumbnail","6":"product_cat-papier","8":"first","9":"instock","10":"shipping-taxable","11":"purchasable","12":"product-type-simple"},"_links":{"self":[{"href":"https:\/\/topprixsarl.ch\/de\/wp-json\/wp\/v2\/product\/30147","targetHints":{"allow":["GET"]}}],"collection":[{"href":"https:\/\/topprixsarl.ch\/de\/wp-json\/wp\/v2\/product"}],"about":[{"href":"https:\/\/topprixsarl.ch\/de\/wp-json\/wp\/v2\/types\/product"}],"replies":[{"embeddable":true,"href":"https:\/\/topprixsarl.ch\/de\/wp-json\/wp\/v2\/comments?post=30147"}],"version-history":[{"count":2,"href":"https:\/\/topprixsarl.ch\/de\/wp-json\/wp\/v2\/product\/30147\/revisions"}],"predecessor-version":[{"id":32394,"href":"https:\/\/topprixsarl.ch\/de\/wp-json\/wp\/v2\/product\/30147\/revisions\/32394"}],"wp:featuredmedia":[{"embeddable":true,"href":"https:\/\/topprixsarl.ch\/de\/wp-json\/wp\/v2\/media\/30146"}],"wp:attachment":[{"href":"https:\/\/topprixsarl.ch\/de\/wp-json\/wp\/v2\/media?parent=30147"}],"wp:term":[{"taxonomy":"product_brand","embeddable":true,"href":"https:\/\/topprixsarl.ch\/de\/wp-json\/wp\/v2\/product_brand?post=30147"},{"taxonomy":"product_cat","embeddable":true,"href":"https:\/\/topprixsarl.ch\/de\/wp-json\/wp\/v2\/product_cat?post=30147"},{"taxonomy":"product_tag","embeddable":true,"href":"https:\/\/topprixsarl.ch\/de\/wp-json\/wp\/v2\/product_tag?post=30147"}],"curies":[{"name":"wp","href":"https:\/\/api.w.org\/{rel}","templated":true}]}}