{"id":30143,"date":"2026-01-09T12:50:32","date_gmt":"2026-01-09T12:50:32","guid":{"rendered":"https:\/\/topprixsarl.ch\/product\/roller-de-correction-tombow-ct-yt4-lateral-jetables-42-mm-x-10-m\/"},"modified":"2026-01-14T14:21:31","modified_gmt":"2026-01-14T14:21:31","slug":"roller-de-correction-tombow-ct-yt4-lateral-jetables-42-mm-x-10-m","status":"publish","type":"product","link":"https:\/\/topprixsarl.ch\/de\/product\/roller-de-correction-tombow-ct-yt4-lateral-jetables-42-mm-x-10-m\/","title":{"rendered":"Tombow CT-YT4 Korrekturroller, lateral, Einweg, 4,2 mm x 10 m"},"content":{"rendered":"<p>Corrigez vos erreurs ! <\/p>\n<p>Dans l&rsquo;\u00e9criture manuscrite, une orthographe incorrecte ou peu claire est certainement courante. Contrairement au crayon, l&rsquo;encre ne peut pas \u00eatre effac\u00e9e avec une simple gomme : on a besoin d\u2019outils de correction adapt\u00e9s. <\/p>\n<p>Vu que les correcteurs liquides prennent souvent plus de temps \u00e0 s\u00e9cher, ont une odeur d\u00e9sagr\u00e9able et peuvent fuir du conteneur, les rouleaux correcteurs semblent \u00eatre une option meilleure. <\/p>\n<p>Et le ruban correcteur Tombow ? <\/p>\n<p>+C&rsquo;est parfait pour couvrir les erreurs. <\/p>\n<p>+Il s\u00e8che rapidement, <\/p>\n<p>+Il est facile \u00e0 utiliser et <\/p>\n<p>+Il peut \u00eatre r\u00e9\u00e9crit imm\u00e9diatement. <\/p>\n<p>Effacez tous les probl\u00e8mes de votre texte ! <\/p>\n<p>> Garantie 2 ans*<\/p>","protected":false},"excerpt":{"rendered":"<p>Corrigez vos erreurs! Dans l&rsquo;\u00e9criture manuscrite, une orthographe incorrecte ou peu claire est certainement courante. Contrairement au crayon, l&rsquo;encre ne peut pas \u00eatre effac\u00e9e avec une simple gomme : on a besoin d\u2019outils de correction adapt\u00e9s. Vu que<\/p>","protected":false},"featured_media":30142,"comment_status":"open","ping_status":"closed","template":"","meta":[],"product_brand":[],"product_cat":[137],"product_tag":[],"class_list":{"0":"post-30143","1":"product","2":"type-product","3":"status-publish","4":"has-post-thumbnail","6":"product_cat-papier","8":"first","9":"instock","10":"shipping-taxable","11":"purchasable","12":"product-type-simple"},"_links":{"self":[{"href":"https:\/\/topprixsarl.ch\/de\/wp-json\/wp\/v2\/product\/30143","targetHints":{"allow":["GET"]}}],"collection":[{"href":"https:\/\/topprixsarl.ch\/de\/wp-json\/wp\/v2\/product"}],"about":[{"href":"https:\/\/topprixsarl.ch\/de\/wp-json\/wp\/v2\/types\/product"}],"replies":[{"embeddable":true,"href":"https:\/\/topprixsarl.ch\/de\/wp-json\/wp\/v2\/comments?post=30143"}],"version-history":[{"count":2,"href":"https:\/\/topprixsarl.ch\/de\/wp-json\/wp\/v2\/product\/30143\/revisions"}],"predecessor-version":[{"id":32392,"href":"https:\/\/topprixsarl.ch\/de\/wp-json\/wp\/v2\/product\/30143\/revisions\/32392"}],"wp:featuredmedia":[{"embeddable":true,"href":"https:\/\/topprixsarl.ch\/de\/wp-json\/wp\/v2\/media\/30142"}],"wp:attachment":[{"href":"https:\/\/topprixsarl.ch\/de\/wp-json\/wp\/v2\/media?parent=30143"}],"wp:term":[{"taxonomy":"product_brand","embeddable":true,"href":"https:\/\/topprixsarl.ch\/de\/wp-json\/wp\/v2\/product_brand?post=30143"},{"taxonomy":"product_cat","embeddable":true,"href":"https:\/\/topprixsarl.ch\/de\/wp-json\/wp\/v2\/product_cat?post=30143"},{"taxonomy":"product_tag","embeddable":true,"href":"https:\/\/topprixsarl.ch\/de\/wp-json\/wp\/v2\/product_tag?post=30143"}],"curies":[{"name":"wp","href":"https:\/\/api.w.org\/{rel}","templated":true}]}}