{"id":30141,"date":"2026-01-09T12:50:18","date_gmt":"2026-01-09T12:50:18","guid":{"rendered":"https:\/\/topprixsarl.ch\/product\/ruban-brother-tze-221-9-mm-noir-sur-blanc\/"},"modified":"2026-01-14T14:21:31","modified_gmt":"2026-01-14T14:21:31","slug":"ruban-brother-tze-221-9-mm-noir-sur-blanc","status":"publish","type":"product","link":"https:\/\/topprixsarl.ch\/de\/product\/ruban-brother-tze-221-9-mm-noir-sur-blanc\/","title":{"rendered":"Brother TZe-221 Farbband - 9 mm - Schwarz auf Wei\u00df"},"content":{"rendered":"<p>**Description du produit : \u00c9tiquettes P-touch Brother TZe**<\/p>\n<p>Largeur du ruban : 9 mm<br \/>\n\u00c9criture noire sur fond blanc.<\/p>\n<p>Les \u00e9tiquettes P-touch Brother TZe conviennent pour une utilisation aussi bien \u00e0 la maison, au bureau que dans l&rsquo;industrie.<\/p>\n<p>+ R\u00e9sistantes aux chocs<br \/>\n+ Supportent des temp\u00e9ratures extr\u00eames (-90\u00b0C\/+150\u00b0C)<br \/>\n+ R\u00e9sistantes aux rayons du soleil (UV)<br \/>\n+ Imperm\u00e9ables et r\u00e9sistantes aux produits chimiques  <\/p>\n<p>Les \u00e9tiquettes P-Touch sont con\u00e7ues pour durer.<\/p>\n<p>Longueur : 8 m.  <\/p>\n<p>*Fu\u00dfnoten :<br \/>\n*Les performances peuvent varier selon l&rsquo;environnement d&rsquo;utilisation.<\/p>","protected":false},"excerpt":{"rendered":"<p>Largeur du ruban: 9mm. \u00e9criture noire sur fond blanc. Les \u00e9tiquettes P-touch Brother TZe conviennent pour une utilisation aussi bien \u00e0 la maison, au bureau que dans l&rsquo;industrie. M\u00eame expos\u00e9e \u00e0 des chocs, \u00e0 des fortes temp\u00e9ratures (-90\u00b0C\/+150\u00b0C), aux <\/p>","protected":false},"featured_media":30140,"comment_status":"open","ping_status":"closed","template":"","meta":[],"product_brand":[],"product_cat":[137],"product_tag":[],"class_list":{"0":"post-30141","1":"product","2":"type-product","3":"status-publish","4":"has-post-thumbnail","6":"product_cat-papier","8":"first","9":"instock","10":"shipping-taxable","11":"purchasable","12":"product-type-simple"},"_links":{"self":[{"href":"https:\/\/topprixsarl.ch\/de\/wp-json\/wp\/v2\/product\/30141","targetHints":{"allow":["GET"]}}],"collection":[{"href":"https:\/\/topprixsarl.ch\/de\/wp-json\/wp\/v2\/product"}],"about":[{"href":"https:\/\/topprixsarl.ch\/de\/wp-json\/wp\/v2\/types\/product"}],"replies":[{"embeddable":true,"href":"https:\/\/topprixsarl.ch\/de\/wp-json\/wp\/v2\/comments?post=30141"}],"version-history":[{"count":2,"href":"https:\/\/topprixsarl.ch\/de\/wp-json\/wp\/v2\/product\/30141\/revisions"}],"predecessor-version":[{"id":32391,"href":"https:\/\/topprixsarl.ch\/de\/wp-json\/wp\/v2\/product\/30141\/revisions\/32391"}],"wp:featuredmedia":[{"embeddable":true,"href":"https:\/\/topprixsarl.ch\/de\/wp-json\/wp\/v2\/media\/30140"}],"wp:attachment":[{"href":"https:\/\/topprixsarl.ch\/de\/wp-json\/wp\/v2\/media?parent=30141"}],"wp:term":[{"taxonomy":"product_brand","embeddable":true,"href":"https:\/\/topprixsarl.ch\/de\/wp-json\/wp\/v2\/product_brand?post=30141"},{"taxonomy":"product_cat","embeddable":true,"href":"https:\/\/topprixsarl.ch\/de\/wp-json\/wp\/v2\/product_cat?post=30141"},{"taxonomy":"product_tag","embeddable":true,"href":"https:\/\/topprixsarl.ch\/de\/wp-json\/wp\/v2\/product_tag?post=30141"}],"curies":[{"name":"wp","href":"https:\/\/api.w.org\/{rel}","templated":true}]}}