{"id":30084,"date":"2025-12-27T14:55:37","date_gmt":"2025-12-27T14:55:37","guid":{"rendered":"https:\/\/topprixsarl.ch\/product\/gants-multi-usage-graziella-pink-taille-s\/"},"modified":"2026-01-21T00:22:07","modified_gmt":"2026-01-21T00:22:07","slug":"gants-multi-usage-graziella-pink-taille-s","status":"publish","type":"product","link":"https:\/\/topprixsarl.ch\/de\/product\/gants-multi-usage-graziella-pink-taille-s\/","title":{"rendered":"Mehrzweckhandschuhe, Vileda Multipurpose - Die D\u00fcnnen, Gr\u00f6\u00dfe S, rot, 1 Paar"},"content":{"rendered":"<p>Die d\u00fcnnen Vileda Multipurpose-Handschuhe sind die ideale Wahl f\u00fcr professionelle Reinigungsarbeiten im B2B-Bereich. <\/p>\n<p>Diese hochwertigen Allzweckhandschuhe aus Naturlatex bestechen durch ihre Widerstandsf\u00e4higkeit, ihren Tragekomfort und ihren zuverl\u00e4ssigen Schutz bei t\u00e4glichen Hygieneaufgaben. <\/p>\n<p>+ **Polyvalence** : Vileda Multipurpose &#8211; Le gant fin r\u00e9pond aux exigences les plus \u00e9lev\u00e9es dans le domaine du nettoyage de b\u00e2timents, de la sant\u00e9 et du secteur HoReCa. <\/p>\n<p>+ **S\u00e9curit\u00e9** : Offre une s\u00e9curit\u00e9 optimale lors de la manipulation de produits de nettoyage et de d\u00e9sinfection dilu\u00e9s. <\/p>\n<p>+ **Confort** : Gr\u00e2ce \u00e0 son rev\u00eatement int\u00e9rieur en coton, le gant Multipurpose de Vileda garantit un confort optimal, m\u00eame lors d&rsquo;utilisations prolong\u00e9es. <\/p>\n<p>+ **Hygi\u00e8ne** : Le code couleur facilite le respect des normes d&rsquo;hygi\u00e8ne. <\/p>\n<p>+ **Protection** : Le mod\u00e8le Vileda Multipurpose &#8211; Le fin offre une protection contre les virus et les bact\u00e9ries (CE cat\u00e9gorie III) et peut \u00eatre utilis\u00e9 dans des environnements secs et humides. <\/p>\n<p>Entdecken Sie jetzt den richtigen Handschuh f\u00fcr Ihren Reinigungsbedarf und sorgen Sie f\u00fcr optimale Hygiene!<\/p>","protected":false},"excerpt":{"rendered":"<p>Die d\u00fcnnen Vileda Multipurpose-Handschuhe sind die ideale Wahl f\u00fcr professionelle Reinigungsarbeiten im B2B-Bereich. Diese hochwertigen Allzweckhandschuhe aus Naturlatex \u00fcberzeugen durch ihre Strapazierf\u00e4higkeit, ihren Komfort und ihren zuverl\u00e4ssigen Schutz.<\/p>","protected":false},"featured_media":30083,"comment_status":"open","ping_status":"closed","template":"","meta":[],"product_brand":[],"product_cat":[140],"product_tag":[],"class_list":{"0":"post-30084","1":"product","2":"type-product","3":"status-publish","4":"has-post-thumbnail","6":"product_cat-gants","7":"pa_taille-l","8":"pa_taille-m","9":"pa_taille-s","10":"pa_taille-xl","12":"first","13":"instock","14":"shipping-taxable","15":"purchasable","16":"product-type-variable"},"_links":{"self":[{"href":"https:\/\/topprixsarl.ch\/de\/wp-json\/wp\/v2\/product\/30084","targetHints":{"allow":["GET"]}}],"collection":[{"href":"https:\/\/topprixsarl.ch\/de\/wp-json\/wp\/v2\/product"}],"about":[{"href":"https:\/\/topprixsarl.ch\/de\/wp-json\/wp\/v2\/types\/product"}],"replies":[{"embeddable":true,"href":"https:\/\/topprixsarl.ch\/de\/wp-json\/wp\/v2\/comments?post=30084"}],"version-history":[{"count":2,"href":"https:\/\/topprixsarl.ch\/de\/wp-json\/wp\/v2\/product\/30084\/revisions"}],"predecessor-version":[{"id":33179,"href":"https:\/\/topprixsarl.ch\/de\/wp-json\/wp\/v2\/product\/30084\/revisions\/33179"}],"wp:featuredmedia":[{"embeddable":true,"href":"https:\/\/topprixsarl.ch\/de\/wp-json\/wp\/v2\/media\/30083"}],"wp:attachment":[{"href":"https:\/\/topprixsarl.ch\/de\/wp-json\/wp\/v2\/media?parent=30084"}],"wp:term":[{"taxonomy":"product_brand","embeddable":true,"href":"https:\/\/topprixsarl.ch\/de\/wp-json\/wp\/v2\/product_brand?post=30084"},{"taxonomy":"product_cat","embeddable":true,"href":"https:\/\/topprixsarl.ch\/de\/wp-json\/wp\/v2\/product_cat?post=30084"},{"taxonomy":"product_tag","embeddable":true,"href":"https:\/\/topprixsarl.ch\/de\/wp-json\/wp\/v2\/product_tag?post=30084"}],"curies":[{"name":"wp","href":"https:\/\/api.w.org\/{rel}","templated":true}]}}