{"id":30070,"date":"2025-12-27T14:54:26","date_gmt":"2025-12-27T14:54:26","guid":{"rendered":"https:\/\/topprixsarl.ch\/product\/wewash-18-rince-eclat-liquide-neutre-10-litres\/"},"modified":"2026-01-14T14:21:32","modified_gmt":"2026-01-14T14:21:32","slug":"wewash-18-spult-glanz-neutral-flussig-10-liter","status":"publish","type":"product","link":"https:\/\/topprixsarl.ch\/de\/product\/wewash-18-spult-glanz-neutral-flussig-10-liter\/","title":{"rendered":"Dr. Schnell Mafor smart Eco Klarsp\u00fcler, 10kg"},"content":{"rendered":"<p>Le liquide de rin\u00e7age Dr. Schnell Mafor smart Eco est la solution parfaite pour une vaisselle brillante et sans traces, quelle que soit la duret\u00e9 de l&rsquo;eau. <\/p>\n<p>+ Liquide bleu hautement concentr\u00e9 offrant une fra\u00eecheur caract\u00e9ristique<br \/>\n+ Performances exceptionnelles avec un pH de 2,1<br \/>\n+ Garantit des r\u00e9sultats brillants et une excellente action anti-mousse, m\u00eame sur la salet\u00e9 tenace<br \/>\n+ Excellentes propri\u00e9t\u00e9s de s\u00e9chage, convient \u00e0 tous les types de vaisselle et de mat\u00e9riaux, en particulier les pi\u00e8ces en plastique  <\/p>\n<p>Constatez par vous-m\u00eame la qualit\u00e9 et l&rsquo;efficacit\u00e9 de notre produit et donnez \u00e0 votre vaisselle l&rsquo;\u00e9clat qu&rsquo;elle m\u00e9rite. <\/p>\n<p>Produit dangereux. Respecter les pr\u00e9cautions d\u2019emploi indiqu\u00e9es sur la fiche de donn\u00e9es de s\u00e9curit\u00e9*.<\/p>","protected":false},"excerpt":{"rendered":"<p>Le liquide de rin\u00e7age Dr. Schnell Mafor smart Eco est la solution parfaite pour une vaisselle brillante et sans traces, quelle que soit la duret\u00e9 de l&rsquo;eau. Ce liquide bleu hautement concentr\u00e9 offre non seulement une fra\u00eecheur caract\u00e9ristique, mais au<\/p>","protected":false},"featured_media":30069,"comment_status":"open","ping_status":"closed","template":"","meta":[],"product_brand":[],"product_cat":[139],"product_tag":[],"class_list":{"0":"post-30070","1":"product","2":"type-product","3":"status-publish","4":"has-post-thumbnail","6":"product_cat-lave-vaisselle","8":"first","9":"instock","10":"shipping-taxable","11":"purchasable","12":"product-type-simple"},"_links":{"self":[{"href":"https:\/\/topprixsarl.ch\/de\/wp-json\/wp\/v2\/product\/30070","targetHints":{"allow":["GET"]}}],"collection":[{"href":"https:\/\/topprixsarl.ch\/de\/wp-json\/wp\/v2\/product"}],"about":[{"href":"https:\/\/topprixsarl.ch\/de\/wp-json\/wp\/v2\/types\/product"}],"replies":[{"embeddable":true,"href":"https:\/\/topprixsarl.ch\/de\/wp-json\/wp\/v2\/comments?post=30070"}],"version-history":[{"count":2,"href":"https:\/\/topprixsarl.ch\/de\/wp-json\/wp\/v2\/product\/30070\/revisions"}],"predecessor-version":[{"id":33152,"href":"https:\/\/topprixsarl.ch\/de\/wp-json\/wp\/v2\/product\/30070\/revisions\/33152"}],"wp:featuredmedia":[{"embeddable":true,"href":"https:\/\/topprixsarl.ch\/de\/wp-json\/wp\/v2\/media\/30069"}],"wp:attachment":[{"href":"https:\/\/topprixsarl.ch\/de\/wp-json\/wp\/v2\/media?parent=30070"}],"wp:term":[{"taxonomy":"product_brand","embeddable":true,"href":"https:\/\/topprixsarl.ch\/de\/wp-json\/wp\/v2\/product_brand?post=30070"},{"taxonomy":"product_cat","embeddable":true,"href":"https:\/\/topprixsarl.ch\/de\/wp-json\/wp\/v2\/product_cat?post=30070"},{"taxonomy":"product_tag","embeddable":true,"href":"https:\/\/topprixsarl.ch\/de\/wp-json\/wp\/v2\/product_tag?post=30070"}],"curies":[{"name":"wp","href":"https:\/\/api.w.org\/{rel}","templated":true}]}}