{"id":30036,"date":"2025-12-27T14:51:22","date_gmt":"2025-12-27T14:51:22","guid":{"rendered":"https:\/\/topprixsarl.ch\/product\/tork-gel-hydroalcoolique-s4\/"},"modified":"2026-01-14T14:21:34","modified_gmt":"2026-01-14T14:21:34","slug":"tork-gel-hydroalcoolique-s4","status":"publish","type":"product","link":"https:\/\/topprixsarl.ch\/de\/product\/tork-gel-hydroalcoolique-s4\/","title":{"rendered":"Tork D\u00e9sinfectant Mains liquide S4, 1l, paquet de 6"},"content":{"rendered":"<p>Luttez contre les germes! <\/p>\n<p>Nos mains sont utilis\u00e9es quotidiennement et sont donc expos\u00e9es \u00e0 des risques. Les bact\u00e9ries et les germes qui peuvent nous rendre malades pullulent partout. M\u00eame si beaucoup d&rsquo;entre eux ne causent pas de grands dommages, la plupart des agents pathog\u00e8nes sont transmis par le contact avec les mains. Une bonne hygi\u00e8ne des mains est donc indispensable si nous voulons nous sentir en s\u00e9curit\u00e9 dans la vie de tous les jours et si nous voulons aussi entrer en contact avec les autres sans h\u00e9sitation. <\/p>\n<p>+ Pr\u00e9venez les infections avec le d\u00e9sinfectant liquide pour les mains hautement efficace de Tork contenant 80 % d&rsquo;alcool d\u00e9natur\u00e9. <\/p>\n<p>Il permet de lutter de mani\u00e8re s\u00fbre et fiable contre les agents pathog\u00e8nes et les bact\u00e9ries. Le flacon est adapt\u00e9 \u00e0 l&rsquo;utilisation des distributeurs de savon et de soins pour la peau Tork et peut \u00eatre rempli tr\u00e8s rapidement et facilement. <\/p>\n<p>+ Formule hydratante et extra douce pour la peau, enti\u00e8rement virucide selon les normes EN 1500, EN 12791 et EN 14476. <\/p>\n<p>+ Ne laisse pas de r\u00e9sidus collants et a \u00e9t\u00e9 sp\u00e9cialement con\u00e7ue pour un usage fr\u00e9quent. <\/p>\n<p>La solution d\u00e9sinfectante est donc parfaitement adapt\u00e9e \u00e0 l&rsquo;hygi\u00e8ne des patients et r\u00e9pond m\u00eame aux exigences des salles d&rsquo;eau et de la d\u00e9sinfection chirurgicale des mains. <\/p>\n<p>Dites adieu aux germes et aux bact\u00e9ries! <\/p>\n<p>Produit biocide. Les produits biocides doivent \u00eatre utilis\u00e9s avec pr\u00e9caution. Veuillez lire l\u2019\u00e9tiquette et la notice d\u2019emballage avant toute utilisation. <\/p>\n<p>Ein gef\u00e4hrliches Produkt. Beachten Sie die Vorsichtsma\u00dfnahmen auf dem Sicherheitsdatenblatt.*.<\/p>","protected":false},"excerpt":{"rendered":"<p>Luttez contre les germes! Nos mains sont utilis\u00e9es quotidiennement et sont donc expos\u00e9es \u00e0 des risques. Les bact\u00e9ries et les germes qui peuvent nous rendre malades pullulent partout. M\u00eame si beaucoup d&rsquo;entre eux ne causent pas de grands dommages, la <\/p>","protected":false},"featured_media":30035,"comment_status":"open","ping_status":"closed","template":"","meta":[],"product_brand":[],"product_cat":[141],"product_tag":[],"class_list":{"0":"post-30036","1":"product","2":"type-product","3":"status-publish","4":"has-post-thumbnail","6":"product_cat-covid-19","8":"first","9":"instock","10":"shipping-taxable","11":"purchasable","12":"product-type-simple"},"_links":{"self":[{"href":"https:\/\/topprixsarl.ch\/de\/wp-json\/wp\/v2\/product\/30036","targetHints":{"allow":["GET"]}}],"collection":[{"href":"https:\/\/topprixsarl.ch\/de\/wp-json\/wp\/v2\/product"}],"about":[{"href":"https:\/\/topprixsarl.ch\/de\/wp-json\/wp\/v2\/types\/product"}],"replies":[{"embeddable":true,"href":"https:\/\/topprixsarl.ch\/de\/wp-json\/wp\/v2\/comments?post=30036"}],"version-history":[{"count":2,"href":"https:\/\/topprixsarl.ch\/de\/wp-json\/wp\/v2\/product\/30036\/revisions"}],"predecessor-version":[{"id":33116,"href":"https:\/\/topprixsarl.ch\/de\/wp-json\/wp\/v2\/product\/30036\/revisions\/33116"}],"wp:featuredmedia":[{"embeddable":true,"href":"https:\/\/topprixsarl.ch\/de\/wp-json\/wp\/v2\/media\/30035"}],"wp:attachment":[{"href":"https:\/\/topprixsarl.ch\/de\/wp-json\/wp\/v2\/media?parent=30036"}],"wp:term":[{"taxonomy":"product_brand","embeddable":true,"href":"https:\/\/topprixsarl.ch\/de\/wp-json\/wp\/v2\/product_brand?post=30036"},{"taxonomy":"product_cat","embeddable":true,"href":"https:\/\/topprixsarl.ch\/de\/wp-json\/wp\/v2\/product_cat?post=30036"},{"taxonomy":"product_tag","embeddable":true,"href":"https:\/\/topprixsarl.ch\/de\/wp-json\/wp\/v2\/product_tag?post=30036"}],"curies":[{"name":"wp","href":"https:\/\/api.w.org\/{rel}","templated":true}]}}