{"id":30021,"date":"2025-12-27T14:49:57","date_gmt":"2025-12-27T14:49:57","guid":{"rendered":"https:\/\/topprixsarl.ch\/product\/nettoyant-pour-vitres-taski-sprint-glass-paquet-de-2x5-l-parfum-frais\/"},"modified":"2026-01-14T14:21:35","modified_gmt":"2026-01-14T14:21:35","slug":"nettoyant-pour-vitres-taski-sprint-glass-paquet-de-2x5-l-parfum-frais","status":"publish","type":"product","link":"https:\/\/topprixsarl.ch\/de\/product\/nettoyant-pour-vitres-taski-sprint-glass-paquet-de-2x5-l-parfum-frais\/","title":{"rendered":"Glasreiniger Taski Sprint Glass, 2\u00d75 l Packung, frischer Duft"},"content":{"rendered":"<p>Des perspectives brillantes pour des locaux propres<\/p>\n<p>Des surfaces \u00e9tincelantes, des sols d&rsquo;une puret\u00e9 \u00e9clatante et une agr\u00e9able odeur de fra\u00eecheur dans les salles d&rsquo;eau&#8230; Nous nous sentons tous mieux dans un environnement de travail propre. L&rsquo;hygi\u00e8ne et la propret\u00e9 ne nous prot\u00e8gent pas seulement des germes et des agents pathog\u00e8nes, elles contribuent aussi \u00e0 un climat de travail positif dans lequel nous aimons passer du temps et \u00e9changer des id\u00e9es.<\/p>\n<p>Avec le nettoyant pour vitres et multi-usages TASKI Sprint Glass, vous avez directement sous la main une arme rapidement efficace pour nettoyer sans laisser de traces les fen\u00eatres, le plastique, le verre, les miroirs, la c\u00e9ramique \u00e9maill\u00e9e et autres surfaces brillantes.<\/p>\n<p>+ Solution pr\u00eate \u00e0 l&#8217;emploi tr\u00e8s efficace avec un pH neutre<br \/>\n+ Laisse un agr\u00e9able parfum de fra\u00eecheur dans les pi\u00e8ces nettoy\u00e9es<br \/>\n+ Technologie unique et brevet\u00e9e de neutralisation des odeurs, les odeurs d\u00e9sagr\u00e9ables ne sont pas simplement masqu\u00e9es<br \/>\n+ Formule \u00e0 s\u00e9chage rapide ne laissant pas de traces, de tra\u00een\u00e9es ou de taches<br \/>\n+ Peut \u00eatre utilis\u00e9e sur les surfaces r\u00e9sistantes \u00e0 l&rsquo;eau les plus diverses<br \/>\n+ \u00c9limine rapidement et facilement les empreintes digitales, ne laissant que des traces de propret\u00e9  <\/p>\n<p>Dites adieu aux taches et aux traces!<\/p>","protected":false},"excerpt":{"rendered":"<p>Des perspectives brillantes pour des locaux propres Des surfaces \u00e9tincelantes, des sols d&rsquo;une puret\u00e9 \u00e9clatante et une agr\u00e9able odeur de fra\u00eecheur dans les salles d&rsquo;eau&#8230; Nous nous sentons tous mieux dans un environnement de travail propre. L&rsquo;hygi\u00e8ne<\/p>","protected":false},"featured_media":30020,"comment_status":"open","ping_status":"closed","template":"","meta":[],"product_brand":[],"product_cat":[143],"product_tag":[],"class_list":{"0":"post-30021","1":"product","2":"type-product","3":"status-publish","4":"has-post-thumbnail","6":"product_cat-nettoyage","8":"first","9":"instock","10":"shipping-taxable","11":"purchasable","12":"product-type-simple"},"_links":{"self":[{"href":"https:\/\/topprixsarl.ch\/de\/wp-json\/wp\/v2\/product\/30021","targetHints":{"allow":["GET"]}}],"collection":[{"href":"https:\/\/topprixsarl.ch\/de\/wp-json\/wp\/v2\/product"}],"about":[{"href":"https:\/\/topprixsarl.ch\/de\/wp-json\/wp\/v2\/types\/product"}],"replies":[{"embeddable":true,"href":"https:\/\/topprixsarl.ch\/de\/wp-json\/wp\/v2\/comments?post=30021"}],"version-history":[{"count":2,"href":"https:\/\/topprixsarl.ch\/de\/wp-json\/wp\/v2\/product\/30021\/revisions"}],"predecessor-version":[{"id":33218,"href":"https:\/\/topprixsarl.ch\/de\/wp-json\/wp\/v2\/product\/30021\/revisions\/33218"}],"wp:featuredmedia":[{"embeddable":true,"href":"https:\/\/topprixsarl.ch\/de\/wp-json\/wp\/v2\/media\/30020"}],"wp:attachment":[{"href":"https:\/\/topprixsarl.ch\/de\/wp-json\/wp\/v2\/media?parent=30021"}],"wp:term":[{"taxonomy":"product_brand","embeddable":true,"href":"https:\/\/topprixsarl.ch\/de\/wp-json\/wp\/v2\/product_brand?post=30021"},{"taxonomy":"product_cat","embeddable":true,"href":"https:\/\/topprixsarl.ch\/de\/wp-json\/wp\/v2\/product_cat?post=30021"},{"taxonomy":"product_tag","embeddable":true,"href":"https:\/\/topprixsarl.ch\/de\/wp-json\/wp\/v2\/product_tag?post=30021"}],"curies":[{"name":"wp","href":"https:\/\/api.w.org\/{rel}","templated":true}]}}