{"id":30009,"date":"2025-12-27T14:48:51","date_gmt":"2025-12-27T14:48:51","guid":{"rendered":"https:\/\/topprixsarl.ch\/product\/cif-2-2-pieces\/"},"modified":"2026-01-14T14:21:35","modified_gmt":"2026-01-14T14:21:35","slug":"cif-2-2-pieces","status":"publish","type":"product","link":"https:\/\/topprixsarl.ch\/de\/product\/cif-2-2-pieces\/","title":{"rendered":"Cif (2) - 2 Zimmer"},"content":{"rendered":"<p>Cuisine brillante, entreprise brillante<\/p>\n<p>Dans une cuisine ou une salle de bains, vous pouvez voir l&rsquo;attention que porte une entreprise aux d\u00e9tails de ses projets. Ainsi, un espace propre et parfum\u00e9 peut am\u00e9liorer l&rsquo;image globale de l&rsquo;entreprise. <\/p>\n<p>C&rsquo;est encore mieux, bien s\u00fbr, si les nettoyeurs disposent du mat\u00e9riel n\u00e9cessaire pour nettoyer ces zones rapidement et efficacement. <\/p>\n<p>Cette cr\u00e8me \u00e0 r\u00e9curer Cif Professional convient \u00e0 une grande vari\u00e9t\u00e9 de surfaces en acier chrom\u00e9, \u00e9mail et c\u00e9ramique. <\/p>\n<p>+ Convient pour les combinaisons de cuisine, les lavabos, les baignoires et bien d&rsquo;autres choses encore. <\/p>\n<p>+ Fait briller les surfaces comme neuves en un rien de temps, sans avoir \u00e0 utiliser beaucoup de force. <\/p>\n<p>+ Efficace contre les taches tenaces, la salet\u00e9 et la graisse, sans rayer la surface. <\/p>\n<p>Le nettoyage est effectu\u00e9 \u00e0 l&rsquo;aide de min\u00e9raux de nettoyage fins et naturels, ce qui rend le nettoyage intensif. <\/p>\n<p>+ Parfum frais d&rsquo;agrumes laissant une odeur tr\u00e8s agr\u00e9able. <\/p>\n<p>Nettoyez efficacement vos toilettes !<\/p>\n<p>8 bouteilles \/ carton<br \/>\n80 cartons \/ palette (=640 bouteilles \/ palette)  <\/p>\n<p>Ein gef\u00e4hrliches Produkt. Beachten Sie die Vorsichtsma\u00dfnahmen auf dem Sicherheitsdatenblatt.*.<\/p>","protected":false},"excerpt":{"rendered":"<p>Cuisine brillante, entreprise brillante Dans une cuisine ou une salle de bains, vous pouvez voir l&rsquo;attention que porte une entreprise aux d\u00e9tails de ses projets. Ainsi, un espace propre et parfum\u00e9 peut am\u00e9liorer l&rsquo;image globale de l&rsquo;entreprise. C&rsquo;est<\/p>","protected":false},"featured_media":30008,"comment_status":"open","ping_status":"closed","template":"","meta":[],"product_brand":[],"product_cat":[143],"product_tag":[],"class_list":{"0":"post-30009","1":"product","2":"type-product","3":"status-publish","4":"has-post-thumbnail","6":"product_cat-nettoyage","8":"first","9":"instock","10":"shipping-taxable","11":"purchasable","12":"product-type-simple"},"_links":{"self":[{"href":"https:\/\/topprixsarl.ch\/de\/wp-json\/wp\/v2\/product\/30009","targetHints":{"allow":["GET"]}}],"collection":[{"href":"https:\/\/topprixsarl.ch\/de\/wp-json\/wp\/v2\/product"}],"about":[{"href":"https:\/\/topprixsarl.ch\/de\/wp-json\/wp\/v2\/types\/product"}],"replies":[{"embeddable":true,"href":"https:\/\/topprixsarl.ch\/de\/wp-json\/wp\/v2\/comments?post=30009"}],"version-history":[{"count":2,"href":"https:\/\/topprixsarl.ch\/de\/wp-json\/wp\/v2\/product\/30009\/revisions"}],"predecessor-version":[{"id":33216,"href":"https:\/\/topprixsarl.ch\/de\/wp-json\/wp\/v2\/product\/30009\/revisions\/33216"}],"wp:featuredmedia":[{"embeddable":true,"href":"https:\/\/topprixsarl.ch\/de\/wp-json\/wp\/v2\/media\/30008"}],"wp:attachment":[{"href":"https:\/\/topprixsarl.ch\/de\/wp-json\/wp\/v2\/media?parent=30009"}],"wp:term":[{"taxonomy":"product_brand","embeddable":true,"href":"https:\/\/topprixsarl.ch\/de\/wp-json\/wp\/v2\/product_brand?post=30009"},{"taxonomy":"product_cat","embeddable":true,"href":"https:\/\/topprixsarl.ch\/de\/wp-json\/wp\/v2\/product_cat?post=30009"},{"taxonomy":"product_tag","embeddable":true,"href":"https:\/\/topprixsarl.ch\/de\/wp-json\/wp\/v2\/product_tag?post=30009"}],"curies":[{"name":"wp","href":"https:\/\/api.w.org\/{rel}","templated":true}]}}