{"id":29995,"date":"2025-12-27T14:47:34","date_gmt":"2025-12-27T14:47:34","guid":{"rendered":"https:\/\/topprixsarl.ch\/product\/cuilleres-a-cafe-noires-80pces\/"},"modified":"2026-01-14T14:21:36","modified_gmt":"2026-01-14T14:21:36","slug":"cuilleres-a-cafe-noires-80pces","status":"publish","type":"product","link":"https:\/\/topprixsarl.ch\/de\/product\/cuilleres-a-cafe-noires-80pces\/","title":{"rendered":"Schwarze Kaffeel\u00f6ffel 80Stk."},"content":{"rendered":"<p>Faire la vaisselle? Cela ne doit plus \u00eatre une corv\u00e9e. <\/p>\n<p>Dans de nombreux secteurs, il est d&rsquo;usage d&rsquo;organiser des d\u00eeners ou des \u00e9v\u00e9nements apr\u00e8s le travail pour les partenaires commerciaux et les clients afin d&rsquo;am\u00e9liorer l&rsquo;image de son entreprise. Votre \u00e9quipe m\u00e9rite \u00e9galement d&rsquo;\u00eatre starifi\u00e9e. C&rsquo;est pourquoi tout doit \u00eatre bien pr\u00e9par\u00e9 pour de telles occasions. <\/p>\n<p>Les couverts et la vaisselle offerts ici planteront parfaitement le d\u00e9cor de votre menu! <\/p>\n<p>+ Fabriqu\u00e9 \u00e0 partir de mat\u00e9riaux favorables \u00e0 l&rsquo;environnement.<br \/>\n+ Longueur : 128 mm.<br \/>\n+ Contenu : 50 articles par paquet.  <\/p>\n<p>Les pr\u00e9cisions telles que la d\u00e9coration de la table semblent parfois \u00eatre d&rsquo;une importance d\u00e9riv\u00e9e. Mais elles en sont loin. Parce que les couverts et la vaisselle offerts ici de haut niveau permettent \u00e0 votre entreprise de toujours appara\u00eetre sous le meilleur jour, m\u00eame dans la vie quotidienne. <\/p>\n<p>+ Robustes et ais\u00e9s \u00e0 nettoyer.  <\/p>\n<p>Achetez du confort propre maintenant!<\/p>","protected":false},"excerpt":{"rendered":"<p>Faire la vaisselle? Cela ne doit plus \u00eatre Dans de nombreux secteurs, il est d&rsquo;usage d&rsquo;organiser des d\u00eeners ou des \u00e9v\u00e9nements apr\u00e8s le travail pour les partenaires commerciaux et les clients afin d&rsquo;am\u00e9liorer l&rsquo;image de son entreprise. Votre \u00e9quipe m\u00e9<\/p>","protected":false},"featured_media":29994,"comment_status":"open","ping_status":"closed","template":"","meta":[],"product_brand":[],"product_cat":[142],"product_tag":[],"class_list":{"0":"post-29995","1":"product","2":"type-product","3":"status-publish","4":"has-post-thumbnail","6":"product_cat-entretien","8":"first","9":"instock","10":"shipping-taxable","11":"purchasable","12":"product-type-simple"},"_links":{"self":[{"href":"https:\/\/topprixsarl.ch\/de\/wp-json\/wp\/v2\/product\/29995","targetHints":{"allow":["GET"]}}],"collection":[{"href":"https:\/\/topprixsarl.ch\/de\/wp-json\/wp\/v2\/product"}],"about":[{"href":"https:\/\/topprixsarl.ch\/de\/wp-json\/wp\/v2\/types\/product"}],"replies":[{"embeddable":true,"href":"https:\/\/topprixsarl.ch\/de\/wp-json\/wp\/v2\/comments?post=29995"}],"version-history":[{"count":2,"href":"https:\/\/topprixsarl.ch\/de\/wp-json\/wp\/v2\/product\/29995\/revisions"}],"predecessor-version":[{"id":33215,"href":"https:\/\/topprixsarl.ch\/de\/wp-json\/wp\/v2\/product\/29995\/revisions\/33215"}],"wp:featuredmedia":[{"embeddable":true,"href":"https:\/\/topprixsarl.ch\/de\/wp-json\/wp\/v2\/media\/29994"}],"wp:attachment":[{"href":"https:\/\/topprixsarl.ch\/de\/wp-json\/wp\/v2\/media?parent=29995"}],"wp:term":[{"taxonomy":"product_brand","embeddable":true,"href":"https:\/\/topprixsarl.ch\/de\/wp-json\/wp\/v2\/product_brand?post=29995"},{"taxonomy":"product_cat","embeddable":true,"href":"https:\/\/topprixsarl.ch\/de\/wp-json\/wp\/v2\/product_cat?post=29995"},{"taxonomy":"product_tag","embeddable":true,"href":"https:\/\/topprixsarl.ch\/de\/wp-json\/wp\/v2\/product_tag?post=29995"}],"curies":[{"name":"wp","href":"https:\/\/api.w.org\/{rel}","templated":true}]}}