{"id":29993,"date":"2025-12-27T14:47:24","date_gmt":"2025-12-27T14:47:24","guid":{"rendered":"https:\/\/topprixsarl.ch\/product\/desinfection-rapide-toute-surface-sans-alcool-10-litres\/"},"modified":"2026-01-14T14:21:36","modified_gmt":"2026-01-14T14:21:36","slug":"desinfection-rapide-toute-surface-sans-alcool-10-litres","status":"publish","type":"product","link":"https:\/\/topprixsarl.ch\/de\/product\/desinfection-rapide-toute-surface-sans-alcool-10-litres\/","title":{"rendered":"Desinfektionsspray Greenspeed Lacto Des, 5 l"},"content":{"rendered":"<p>Vaporiser, termin\u00e9<\/p>\n<p>Certains produits de nettoyage doivent \u00eatre dilu\u00e9s avant d&rsquo;\u00eatre utilis\u00e9s. D\u2019un c\u00f4t\u00e9, c\u2019est louable, car cela permet d&rsquo;\u00e9conomiser des frais de transport et de stockage. Mais d&rsquo;un autre c\u00f4t\u00e9, ces agents peuvent \u00eatre tr\u00e8s dangereux, car en les diluant, certaines choses peuvent mal tourner et l&rsquo;agent hautement concentr\u00e9 peut \u00eatre d\u00e9vers\u00e9. <\/p>\n<p>Cela ne peut pas se produire avec le d\u00e9sinfectant Lacto \u00e0 base d&rsquo;acide lactique. Cet agent est directement applicable et n&rsquo;a pas besoin d&rsquo;\u00eatre dilu\u00e9 au pr\u00e9alable. <\/p>\n<p>+ Taux d&rsquo;efficacit\u00e9 : tue 99,99 % des bact\u00e9ries, levures et virus envelopp\u00e9s en 5 minutes. <\/p>\n<p>+ Fonctionnalit\u00e9 : nettoie et d\u00e9sinfecte (PT2\/PT4-AL). <\/p>\n<p>Ainsi, vous pouvez nettoyer les surfaces en un rien de temps : vaporisez, laissez agir pendant 5 minutes, puis essuyez avec un chiffon propre. <\/p>\n<p>+ Composition : 100% d&rsquo;origine v\u00e9g\u00e9tale et donc totalement biod\u00e9gradable. <\/p>\n<p>Avec une pompe doseuse (12.081.341 ou 11.060.967), verser est un jeu d&rsquo;enfant sans d\u00e9verser. <\/p>\n<p>Simplifiez votre processus de nettoyage!<\/p>","protected":false},"excerpt":{"rendered":"<p>Vaporiser, termin\u00e9 Certains produits de nettoyage doivent \u00eatre dilu\u00e9s avant d&rsquo;\u00eatre utilis\u00e9s. D\u2019un c\u00f4t\u00e9, c\u2019est est louable, car cela permet d&rsquo;\u00e9conomiser des frais de transport et de stockage. Mais d&rsquo;un autre c\u00f4t\u00e9, ces agents peuvent \u00eatre tr\u00e8s dangereu<\/p>","protected":false},"featured_media":29992,"comment_status":"open","ping_status":"closed","template":"","meta":[],"product_brand":[],"product_cat":[143],"product_tag":[],"class_list":{"0":"post-29993","1":"product","2":"type-product","3":"status-publish","4":"has-post-thumbnail","6":"product_cat-nettoyage","8":"first","9":"instock","10":"shipping-taxable","11":"purchasable","12":"product-type-simple"},"_links":{"self":[{"href":"https:\/\/topprixsarl.ch\/de\/wp-json\/wp\/v2\/product\/29993","targetHints":{"allow":["GET"]}}],"collection":[{"href":"https:\/\/topprixsarl.ch\/de\/wp-json\/wp\/v2\/product"}],"about":[{"href":"https:\/\/topprixsarl.ch\/de\/wp-json\/wp\/v2\/types\/product"}],"replies":[{"embeddable":true,"href":"https:\/\/topprixsarl.ch\/de\/wp-json\/wp\/v2\/comments?post=29993"}],"version-history":[{"count":2,"href":"https:\/\/topprixsarl.ch\/de\/wp-json\/wp\/v2\/product\/29993\/revisions"}],"predecessor-version":[{"id":32992,"href":"https:\/\/topprixsarl.ch\/de\/wp-json\/wp\/v2\/product\/29993\/revisions\/32992"}],"wp:featuredmedia":[{"embeddable":true,"href":"https:\/\/topprixsarl.ch\/de\/wp-json\/wp\/v2\/media\/29992"}],"wp:attachment":[{"href":"https:\/\/topprixsarl.ch\/de\/wp-json\/wp\/v2\/media?parent=29993"}],"wp:term":[{"taxonomy":"product_brand","embeddable":true,"href":"https:\/\/topprixsarl.ch\/de\/wp-json\/wp\/v2\/product_brand?post=29993"},{"taxonomy":"product_cat","embeddable":true,"href":"https:\/\/topprixsarl.ch\/de\/wp-json\/wp\/v2\/product_cat?post=29993"},{"taxonomy":"product_tag","embeddable":true,"href":"https:\/\/topprixsarl.ch\/de\/wp-json\/wp\/v2\/product_tag?post=29993"}],"curies":[{"name":"wp","href":"https:\/\/api.w.org\/{rel}","templated":true}]}}