{"id":29991,"date":"2025-12-27T14:47:13","date_gmt":"2025-12-27T14:47:13","guid":{"rendered":"https:\/\/topprixsarl.ch\/product\/sachetlingettes-sans-alcool-pour-desinfection-maxi-20x22-cm-100pcs\/"},"modified":"2026-01-14T14:21:36","modified_gmt":"2026-01-14T14:21:36","slug":"sachetlingettes-sans-alcool-pour-desinfection-maxi-20x22-cm-100pcs","status":"publish","type":"product","link":"https:\/\/topprixsarl.ch\/de\/product\/sachetlingettes-sans-alcool-pour-desinfection-maxi-20x22-cm-100pcs\/","title":{"rendered":"Cleanisept Maxi Desinfektionst\u00fccher, alkoholfrei, Packung mit 100 St\u00fcck"},"content":{"rendered":"<p>Pour une d\u00e9sinfection rapide<\/p>\n<p>Que ce soit sur les toilettes publiques, l&rsquo;ordi ou le t\u00e9l\u00e9phone &#8211; de temps en temps une d\u00e9sinfection rapide assure une surface propre et hygi\u00e9nique. <\/p>\n<p>Il vaut donc la peine d&rsquo;avoir \u00e0 port\u00e9e de main les lingettes d\u00e9sinfectantes Cleanisept Maxi. <\/p>\n<p>Ces lingettes d\u00e9sinfectantes sont emball\u00e9es dans une housse de protection, ce qui aide \u00e0 emp\u00eacher la salet\u00e9 ou d&rsquo;autres impuret\u00e9s d&rsquo;y p\u00e9n\u00e9trer avant utilisation. <\/p>\n<p>Les lingettes peuvent \u00eatre utilis\u00e9es universellement. Le couvercle est refermable et rend ce produit pratique \u00e0 emporter avec vous dans votre sac \u00e0 main ou votre voiture. <\/p>\n<p>L&rsquo;efficacit\u00e9 de base et l&rsquo;usage rapide le rend id\u00e9al pour une d\u00e9sinfection r\u00e9guli\u00e8re des surfaces de taille moyenne. <\/p>\n<p>Les lingettes ne contiennent pas d&rsquo;alcool, d&rsquo;ald\u00e9hydes et de ph\u00e9nols. Par cons\u00e9quent, elles conviennent \u00e9galement \u00e0 la d\u00e9sinfection des stocks m\u00e9dicaux ou des dispositifs m\u00e9dicaux non invasifs. <\/p>\n<p>Chaque paquet contient 100 lingettes. D\u00e9sinfectez rapidement mais soigneusement!<\/p>\n<p>+ D\u00e9sinfection rapide et efficace<br \/>\n+ Emballage avec housse de protection<br \/>\n+ Utilisation universelle<br \/>\n+ Couvercle refermable pour un transport facile<br \/>\n+ Id\u00e9al pour les surfaces de taille moyenne<br \/>\n+ Sans alcool, ald\u00e9hydes et ph\u00e9nols<br \/>\n+ Convient aux stocks m\u00e9dicaux et dispositifs m\u00e9dicaux non invasifs<br \/>\n+ Contient 100 lingettes par paquet<\/p>","protected":false},"excerpt":{"rendered":"<p>Pour une d\u00e9sinfection rapide Que ce soit sur les toilettes publiques, l&rsquo;ordi ou le t\u00e9l\u00e9phone &#8211; de temps en temps une d\u00e9sinfection rapide assure une surface propre et hygi\u00e9nique. Il vaut donc la peine d&rsquo;avoir \u00e0 port\u00e9e de main les lingettes d\u00e9sinfectan<\/p>","protected":false},"featured_media":29990,"comment_status":"open","ping_status":"closed","template":"","meta":[],"product_brand":[],"product_cat":[143],"product_tag":[],"class_list":{"0":"post-29991","1":"product","2":"type-product","3":"status-publish","4":"has-post-thumbnail","6":"product_cat-nettoyage","8":"first","9":"instock","10":"shipping-taxable","11":"purchasable","12":"product-type-simple"},"_links":{"self":[{"href":"https:\/\/topprixsarl.ch\/de\/wp-json\/wp\/v2\/product\/29991","targetHints":{"allow":["GET"]}}],"collection":[{"href":"https:\/\/topprixsarl.ch\/de\/wp-json\/wp\/v2\/product"}],"about":[{"href":"https:\/\/topprixsarl.ch\/de\/wp-json\/wp\/v2\/types\/product"}],"replies":[{"embeddable":true,"href":"https:\/\/topprixsarl.ch\/de\/wp-json\/wp\/v2\/comments?post=29991"}],"version-history":[{"count":2,"href":"https:\/\/topprixsarl.ch\/de\/wp-json\/wp\/v2\/product\/29991\/revisions"}],"predecessor-version":[{"id":32976,"href":"https:\/\/topprixsarl.ch\/de\/wp-json\/wp\/v2\/product\/29991\/revisions\/32976"}],"wp:featuredmedia":[{"embeddable":true,"href":"https:\/\/topprixsarl.ch\/de\/wp-json\/wp\/v2\/media\/29990"}],"wp:attachment":[{"href":"https:\/\/topprixsarl.ch\/de\/wp-json\/wp\/v2\/media?parent=29991"}],"wp:term":[{"taxonomy":"product_brand","embeddable":true,"href":"https:\/\/topprixsarl.ch\/de\/wp-json\/wp\/v2\/product_brand?post=29991"},{"taxonomy":"product_cat","embeddable":true,"href":"https:\/\/topprixsarl.ch\/de\/wp-json\/wp\/v2\/product_cat?post=29991"},{"taxonomy":"product_tag","embeddable":true,"href":"https:\/\/topprixsarl.ch\/de\/wp-json\/wp\/v2\/product_tag?post=29991"}],"curies":[{"name":"wp","href":"https:\/\/api.w.org\/{rel}","templated":true}]}}