{"id":29989,"date":"2025-12-27T14:46:59","date_gmt":"2025-12-27T14:46:59","guid":{"rendered":"https:\/\/topprixsarl.ch\/product\/nettoyant-pour-toilettes-easy-parfume-5-litres\/"},"modified":"2026-01-14T14:21:36","modified_gmt":"2026-01-14T14:21:36","slug":"nettoyant-pour-toilettes-easy-parfume-5-litres","status":"publish","type":"product","link":"https:\/\/topprixsarl.ch\/de\/product\/nettoyant-pour-toilettes-easy-parfume-5-litres\/","title":{"rendered":"Easy Toilettenreiniger, parf\u00fcmiert, 5 Liter"},"content":{"rendered":"<p>**Nettoyant WC \u00c9pais**<\/p>\n<p>Nettoyant WC \u00e9pais contre le calcaire et les taches d&rsquo;urine. <\/p>\n<p>+ Pour toutes les cuvettes de WC et tous les urinoirs. <\/p>\n<p>+ Contient des acides inorganiques et des tensioactifs non ioniques. <\/p>\n<p>+ Prix \u00e0 l&rsquo;unit\u00e9. <\/p>\n<p>+ Produit dangereux. <\/p>\n<p>Respecter les pr\u00e9cautions d\u2019emploi indiqu\u00e9es sur la fiche de donn\u00e9es de s\u00e9curit\u00e9. <\/p>\n<p>*Note: Veuillez consulter la fiche de donn\u00e9es de s\u00e9curit\u00e9 pour plus d&rsquo;informations.*<\/p>","protected":false},"excerpt":{"rendered":"<p>Nettoyant WC \u00e9pais contre le calcaire et les taches d&rsquo;urine. Pour toutes les cuvettes de WC et tous les urinoirs. Contient des acides inorganiques et des tensioactifs non ioniques. Prix \u00e0 l&rsquo;unit\u00e9. Produit dangereux.Respecter les pr\u00e9cautions d\u2019emploi <\/p>","protected":false},"featured_media":29988,"comment_status":"open","ping_status":"closed","template":"","meta":[],"product_brand":[],"product_cat":[143],"product_tag":[],"class_list":{"0":"post-29989","1":"product","2":"type-product","3":"status-publish","4":"has-post-thumbnail","6":"product_cat-nettoyage","8":"first","9":"instock","10":"shipping-taxable","11":"purchasable","12":"product-type-simple"},"_links":{"self":[{"href":"https:\/\/topprixsarl.ch\/de\/wp-json\/wp\/v2\/product\/29989","targetHints":{"allow":["GET"]}}],"collection":[{"href":"https:\/\/topprixsarl.ch\/de\/wp-json\/wp\/v2\/product"}],"about":[{"href":"https:\/\/topprixsarl.ch\/de\/wp-json\/wp\/v2\/types\/product"}],"replies":[{"embeddable":true,"href":"https:\/\/topprixsarl.ch\/de\/wp-json\/wp\/v2\/comments?post=29989"}],"version-history":[{"count":2,"href":"https:\/\/topprixsarl.ch\/de\/wp-json\/wp\/v2\/product\/29989\/revisions"}],"predecessor-version":[{"id":32958,"href":"https:\/\/topprixsarl.ch\/de\/wp-json\/wp\/v2\/product\/29989\/revisions\/32958"}],"wp:featuredmedia":[{"embeddable":true,"href":"https:\/\/topprixsarl.ch\/de\/wp-json\/wp\/v2\/media\/29988"}],"wp:attachment":[{"href":"https:\/\/topprixsarl.ch\/de\/wp-json\/wp\/v2\/media?parent=29989"}],"wp:term":[{"taxonomy":"product_brand","embeddable":true,"href":"https:\/\/topprixsarl.ch\/de\/wp-json\/wp\/v2\/product_brand?post=29989"},{"taxonomy":"product_cat","embeddable":true,"href":"https:\/\/topprixsarl.ch\/de\/wp-json\/wp\/v2\/product_cat?post=29989"},{"taxonomy":"product_tag","embeddable":true,"href":"https:\/\/topprixsarl.ch\/de\/wp-json\/wp\/v2\/product_tag?post=29989"}],"curies":[{"name":"wp","href":"https:\/\/api.w.org\/{rel}","templated":true}]}}