{"id":29975,"date":"2025-12-27T14:45:41","date_gmt":"2025-12-27T14:45:41","guid":{"rendered":"https:\/\/topprixsarl.ch\/product\/desinfectant-en-spray-suma-quickdes-d4-12-0-75l-pret-a-lemploi-pack-de-6pc\/"},"modified":"2026-01-14T14:21:37","modified_gmt":"2026-01-14T14:21:37","slug":"desinfectant-en-spray-suma-quickdes-d4-12-0-75l-pret-a-lemploi-pack-de-6pc","status":"publish","type":"product","link":"https:\/\/topprixsarl.ch\/de\/product\/desinfectant-en-spray-suma-quickdes-d4-12-0-75l-pret-a-lemploi-pack-de-6pc\/","title":{"rendered":"Desinfektionsmittel-Spray Suma QuickDes D4.12, 0.75l, gebrauchsfertig, 6er Pack"},"content":{"rendered":"<p>D\u00e9sinfectant sans rin\u00e7age<\/p>\n<p>Les vitrines de la p\u00e2tisserie sont irr\u00e9sistibles : elles pr\u00e9sentent des g\u00e2teaux riches en chocolat et des meringues sucr\u00e9es. Les clients les regardent et il arrive souvent, surtout aux enfants, qu&rsquo;ils ne peuvent s&#8217;emp\u00eacher de les toucher laissant des empreintes. La nourriture est prot\u00e9g\u00e9e par la vitrine qui, par contre, se salit. <\/p>\n<p>De nombreux secteurs de l&rsquo;industrie alimentaire ou du commerce de d\u00e9tail sont confront\u00e9s \u00e0 ce probl\u00e8me et doivent trouver une solution pour \u00e9liminer les germes conform\u00e9ment aux r\u00e8gles d&rsquo;hygi\u00e8ne en vigueur. <\/p>\n<p>Le d\u00e9sinfectant Suma QuickDes est pr\u00eat \u00e0 l&#8217;emploi et se pr\u00e9sente en format spray. <\/p>\n<p>+ S&rsquo;\u00e9vapore sans laisser de r\u00e9sidus, il n&rsquo;est donc pas n\u00e9cessaire de rincer les surfaces. Ceci simplifie l&rsquo;application et fait gagner du temps. <\/p>\n<p>+ L&rsquo;\u00e9thanol du d\u00e9sinfectant permet de l&rsquo;utiliser sur de nombreuses surfaces propres et s\u00e8ches, g\u00e9n\u00e9ralement dans la cuisine (\u00e0 l&rsquo;exception du polycarbonate et autres plastiques). <\/p>\n<p>+ L&rsquo;agent est adapt\u00e9 \u00e0 une utilisation dans les zones sensibles \u00e0 l&rsquo;humidit\u00e9 et poss\u00e8de une large gamme d&rsquo;action. <\/p>\n<p>Gagnez du temps avec un d\u00e9sinfectant de qualit\u00e9 ! <\/p>\n<p>Le paquet contient 2 t\u00eates de pulv\u00e9risation. Si vous avez besoin d\u2019une plus grande quantit\u00e9, veuillez commander en plus l\u2019article n. 11.374.244. <\/p>\n<p>Produit dangereux. Respecter les pr\u00e9cautions d\u2019emploi indiqu\u00e9es sur la fiche de donn\u00e9es de s\u00e9curit\u00e9*.<\/p>","protected":false},"excerpt":{"rendered":"<p>D\u00e9sinfectant sans rin\u00e7age Les vitrines de la p\u00e2tisserie sont irr\u00e9sistibles: elles pr\u00e9sentent des g\u00e2teaux riches en chocolat et des meringues sucr\u00e9es. Les clients les regardent et il arrive souvent, surtout aux enfants, qu&rsquo;ils ne peuvent s&#8217;emp\u00eacher de<\/p>","protected":false},"featured_media":29974,"comment_status":"open","ping_status":"closed","template":"","meta":[],"product_brand":[],"product_cat":[143],"product_tag":[],"class_list":{"0":"post-29975","1":"product","2":"type-product","3":"status-publish","4":"has-post-thumbnail","6":"product_cat-nettoyage","8":"first","9":"instock","10":"shipping-taxable","11":"purchasable","12":"product-type-simple"},"_links":{"self":[{"href":"https:\/\/topprixsarl.ch\/de\/wp-json\/wp\/v2\/product\/29975","targetHints":{"allow":["GET"]}}],"collection":[{"href":"https:\/\/topprixsarl.ch\/de\/wp-json\/wp\/v2\/product"}],"about":[{"href":"https:\/\/topprixsarl.ch\/de\/wp-json\/wp\/v2\/types\/product"}],"replies":[{"embeddable":true,"href":"https:\/\/topprixsarl.ch\/de\/wp-json\/wp\/v2\/comments?post=29975"}],"version-history":[{"count":2,"href":"https:\/\/topprixsarl.ch\/de\/wp-json\/wp\/v2\/product\/29975\/revisions"}],"predecessor-version":[{"id":32929,"href":"https:\/\/topprixsarl.ch\/de\/wp-json\/wp\/v2\/product\/29975\/revisions\/32929"}],"wp:featuredmedia":[{"embeddable":true,"href":"https:\/\/topprixsarl.ch\/de\/wp-json\/wp\/v2\/media\/29974"}],"wp:attachment":[{"href":"https:\/\/topprixsarl.ch\/de\/wp-json\/wp\/v2\/media?parent=29975"}],"wp:term":[{"taxonomy":"product_brand","embeddable":true,"href":"https:\/\/topprixsarl.ch\/de\/wp-json\/wp\/v2\/product_brand?post=29975"},{"taxonomy":"product_cat","embeddable":true,"href":"https:\/\/topprixsarl.ch\/de\/wp-json\/wp\/v2\/product_cat?post=29975"},{"taxonomy":"product_tag","embeddable":true,"href":"https:\/\/topprixsarl.ch\/de\/wp-json\/wp\/v2\/product_tag?post=29975"}],"curies":[{"name":"wp","href":"https:\/\/api.w.org\/{rel}","templated":true}]}}