{"id":29971,"date":"2025-12-27T14:45:15","date_gmt":"2025-12-27T14:45:15","guid":{"rendered":"https:\/\/topprixsarl.ch\/product\/support-speed-clean-40-cm\/"},"modified":"2026-01-14T14:21:37","modified_gmt":"2026-01-14T14:21:37","slug":"support-speed-clean-40-cm","status":"publish","type":"product","link":"https:\/\/topprixsarl.ch\/de\/product\/support-speed-clean-40-cm\/","title":{"rendered":"Halterung Speed Clean 40 cm"},"content":{"rendered":"<p>Nettoyage de vos d\u00e9versements quotidiens<\/p>\n<p>Vous prenez une pause sur votre emploi du temps charg\u00e9 pour prendre une tasse de th\u00e9 ou de caf\u00e9. M\u00eame si vous \u00eates debout \u00e0 la machine \u00e0 caf\u00e9, vos pens\u00e9es sont pour votre travail. C&rsquo;est dans ces moments qu&rsquo;un manque de concentration peut vous amener \u00e0 renverser votre tasse sur le sol. <\/p>\n<p>Soit vous utilisez beaucoup de serviettes, soit vous nettoyez ce qui s&rsquo;est renvers\u00e9. Mais, cela pourrait laisser une tache sur le sol si elle n&rsquo;est pas trait\u00e9e.<\/p>\n<p>Votre concierge dispose de la microfibre Taski MicroEasy Multimop sp\u00e9cial pour le nettoyage et le lavage. <\/p>\n<p>+ Cette panosse absorbe beaucoup d&rsquo;eau et s\u2019utilise sur de grandes surfaces. <\/p>\n<p>+ Elle est id\u00e9ale pour nettoyer les liquides renvers\u00e9s ou lorsqu\u2019il n&rsquo;est pas n\u00e9cessaire de respecter des r\u00e8gles d&rsquo;hygi\u00e8ne sp\u00e9cifiques. <\/p>\n<p>+ C&rsquo;est vraiment une panosse prodigieuse. <\/p>\n<p>+ Elle est lavable pour s\u2019utiliser plusieurs fois si n\u00e9cessaire. <\/p>\n<p>+ Elle sortira de la machine \u00e0 laver comme neuve. <\/p>\n<p>Jetez un coup d&rsquo;\u0153il au support (11218039) et au manche t\u00e9lescopique (12.175.117) qui ont \u00e9t\u00e9 fabriqu\u00e9s pour s\u2019adapter \u00e0 cette panosse.<\/p>\n<p>Cette panosse est parfaite pour votre usage quotidien!<\/p>","protected":false},"excerpt":{"rendered":"<p>Nettoyage de vos d\u00e9versements quotidiens Vous prenez une pause sur votre emploi du temps charg\u00e9 pour prendre une tasse de th\u00e9 ou de caf\u00e9. M\u00eame si vous \u00eates debout \u00e0 la machine \u00e0 caf\u00e9, vos pens\u00e9es sont pour votre travail. C&rsquo;est dans ces moments qu&rsquo;un <\/p>","protected":false},"featured_media":29970,"comment_status":"open","ping_status":"closed","template":"","meta":[],"product_brand":[],"product_cat":[143],"product_tag":[],"class_list":{"0":"post-29971","1":"product","2":"type-product","3":"status-publish","4":"has-post-thumbnail","6":"product_cat-nettoyage","8":"first","9":"instock","10":"shipping-taxable","11":"purchasable","12":"product-type-simple"},"_links":{"self":[{"href":"https:\/\/topprixsarl.ch\/de\/wp-json\/wp\/v2\/product\/29971","targetHints":{"allow":["GET"]}}],"collection":[{"href":"https:\/\/topprixsarl.ch\/de\/wp-json\/wp\/v2\/product"}],"about":[{"href":"https:\/\/topprixsarl.ch\/de\/wp-json\/wp\/v2\/types\/product"}],"replies":[{"embeddable":true,"href":"https:\/\/topprixsarl.ch\/de\/wp-json\/wp\/v2\/comments?post=29971"}],"version-history":[{"count":2,"href":"https:\/\/topprixsarl.ch\/de\/wp-json\/wp\/v2\/product\/29971\/revisions"}],"predecessor-version":[{"id":33211,"href":"https:\/\/topprixsarl.ch\/de\/wp-json\/wp\/v2\/product\/29971\/revisions\/33211"}],"wp:featuredmedia":[{"embeddable":true,"href":"https:\/\/topprixsarl.ch\/de\/wp-json\/wp\/v2\/media\/29970"}],"wp:attachment":[{"href":"https:\/\/topprixsarl.ch\/de\/wp-json\/wp\/v2\/media?parent=29971"}],"wp:term":[{"taxonomy":"product_brand","embeddable":true,"href":"https:\/\/topprixsarl.ch\/de\/wp-json\/wp\/v2\/product_brand?post=29971"},{"taxonomy":"product_cat","embeddable":true,"href":"https:\/\/topprixsarl.ch\/de\/wp-json\/wp\/v2\/product_cat?post=29971"},{"taxonomy":"product_tag","embeddable":true,"href":"https:\/\/topprixsarl.ch\/de\/wp-json\/wp\/v2\/product_tag?post=29971"}],"curies":[{"name":"wp","href":"https:\/\/api.w.org\/{rel}","templated":true}]}}