{"id":29961,"date":"2025-12-27T14:44:18","date_gmt":"2025-12-27T14:44:18","guid":{"rendered":"https:\/\/topprixsarl.ch\/product\/lessive-poudre-1425kg\/"},"modified":"2026-01-14T14:21:38","modified_gmt":"2026-01-14T14:21:38","slug":"lessive-poudre-1425kg","status":"publish","type":"product","link":"https:\/\/topprixsarl.ch\/de\/product\/lessive-poudre-1425kg\/","title":{"rendered":"Vollwaschmittel Diversey Omo Pro Formula Advance, Packung zu 14.25kg"},"content":{"rendered":"<p>Lessive compl\u00e8te en poudre pour tous les textiles et plages de temp\u00e9rature. <\/p>\n<p>Pour \u00e9liminer tous les types de taches et de salet\u00e9s. <\/p>\n<p>Emballage de 14,25 kg. <\/p>\n<p>Prix par pi\u00e8ce. <\/p>\n<p>+ Formule efficace pour tous les types de textiles<br \/>\n+ Convient pour toutes les plages de temp\u00e9rature<br \/>\n+ \u00c9limine tous les types de taches et de salet\u00e9s<br \/>\n+ Pratique avec un emballage de 14,25 kg  <\/p>\n<p>*Prix par pi\u00e8ce.<\/p>","protected":false},"excerpt":{"rendered":"<p>Lessive compl\u00e8te en poudre pour tous les textiles et plages de temp\u00e9rature. Pour \u00e9liminer tous les types de taches et de salet\u00e9s. Emballage de 14,25 kg. Prix par pi\u00e8ce.<\/p>","protected":false},"featured_media":29960,"comment_status":"open","ping_status":"closed","template":"","meta":[],"product_brand":[],"product_cat":[144],"product_tag":[],"class_list":{"0":"post-29961","1":"product","2":"type-product","3":"status-publish","4":"has-post-thumbnail","6":"product_cat-lessive-textile","8":"first","9":"instock","10":"shipping-taxable","11":"purchasable","12":"product-type-simple"},"_links":{"self":[{"href":"https:\/\/topprixsarl.ch\/de\/wp-json\/wp\/v2\/product\/29961","targetHints":{"allow":["GET"]}}],"collection":[{"href":"https:\/\/topprixsarl.ch\/de\/wp-json\/wp\/v2\/product"}],"about":[{"href":"https:\/\/topprixsarl.ch\/de\/wp-json\/wp\/v2\/types\/product"}],"replies":[{"embeddable":true,"href":"https:\/\/topprixsarl.ch\/de\/wp-json\/wp\/v2\/comments?post=29961"}],"version-history":[{"count":2,"href":"https:\/\/topprixsarl.ch\/de\/wp-json\/wp\/v2\/product\/29961\/revisions"}],"predecessor-version":[{"id":32878,"href":"https:\/\/topprixsarl.ch\/de\/wp-json\/wp\/v2\/product\/29961\/revisions\/32878"}],"wp:featuredmedia":[{"embeddable":true,"href":"https:\/\/topprixsarl.ch\/de\/wp-json\/wp\/v2\/media\/29960"}],"wp:attachment":[{"href":"https:\/\/topprixsarl.ch\/de\/wp-json\/wp\/v2\/media?parent=29961"}],"wp:term":[{"taxonomy":"product_brand","embeddable":true,"href":"https:\/\/topprixsarl.ch\/de\/wp-json\/wp\/v2\/product_brand?post=29961"},{"taxonomy":"product_cat","embeddable":true,"href":"https:\/\/topprixsarl.ch\/de\/wp-json\/wp\/v2\/product_cat?post=29961"},{"taxonomy":"product_tag","embeddable":true,"href":"https:\/\/topprixsarl.ch\/de\/wp-json\/wp\/v2\/product_tag?post=29961"}],"curies":[{"name":"wp","href":"https:\/\/api.w.org\/{rel}","templated":true}]}}