{"id":29949,"date":"2025-12-27T14:43:12","date_gmt":"2025-12-27T14:43:12","guid":{"rendered":"https:\/\/topprixsarl.ch\/product\/sacs-a-ordures-qb-35l-35my-rlx-de-20-sacs\/"},"modified":"2026-01-14T14:21:39","modified_gmt":"2026-01-14T14:21:39","slug":"sacs-a-ordures-qb-35l-35my-rlx-de-20-sacs","status":"publish","type":"product","link":"https:\/\/topprixsarl.ch\/de\/product\/sacs-a-ordures-qb-35l-35my-rlx-de-20-sacs\/","title":{"rendered":"M\u00fcllsack mit Verschlussband OKS HD\/PE, 35 l, Rolle \u00e0 20 St\u00fcck"},"content":{"rendered":"<p>Sacs \u00e0 ordures \u00e0 soufflets imprim\u00e9s de 35 litres avec bande de fermeture, qualit\u00e9 OKS. <\/p>\n<p>+ 20 sacs par rouleau.<br \/>\n+ Prix par rouleau.<br \/>\n+ 20 rouleaux \/ carton<br \/>\n+ 64 cartons \/ palette (= 1280 rouleaux \/ palette)  <\/p>\n<p>*Fu\u00dfnoten :<br \/>\n*Les informations peuvent varier selon les fournisseurs.<br \/>\n*V\u00e9rifiez les sp\u00e9cifications avant l&rsquo;achat.<\/p>","protected":false},"excerpt":{"rendered":"<p>Sacs \u00e0 ordures \u00e0 soufflets imprim\u00e9s de 35 litres avec bande de fermeture, qualit\u00e9 OKS. 20 sacs par rouleau. Prix par rouleau.20 rouleaux \/ carton64 carton \/ palette (=1280 rouleaux \/ palette)<\/p>","protected":false},"featured_media":29948,"comment_status":"open","ping_status":"closed","template":"","meta":[],"product_brand":[],"product_cat":[138],"product_tag":[],"class_list":{"0":"post-29949","1":"product","2":"type-product","3":"status-publish","4":"has-post-thumbnail","6":"product_cat-sac-a-dechet","8":"first","9":"instock","10":"shipping-taxable","11":"purchasable","12":"product-type-simple"},"_links":{"self":[{"href":"https:\/\/topprixsarl.ch\/de\/wp-json\/wp\/v2\/product\/29949","targetHints":{"allow":["GET"]}}],"collection":[{"href":"https:\/\/topprixsarl.ch\/de\/wp-json\/wp\/v2\/product"}],"about":[{"href":"https:\/\/topprixsarl.ch\/de\/wp-json\/wp\/v2\/types\/product"}],"replies":[{"embeddable":true,"href":"https:\/\/topprixsarl.ch\/de\/wp-json\/wp\/v2\/comments?post=29949"}],"version-history":[{"count":2,"href":"https:\/\/topprixsarl.ch\/de\/wp-json\/wp\/v2\/product\/29949\/revisions"}],"predecessor-version":[{"id":32845,"href":"https:\/\/topprixsarl.ch\/de\/wp-json\/wp\/v2\/product\/29949\/revisions\/32845"}],"wp:featuredmedia":[{"embeddable":true,"href":"https:\/\/topprixsarl.ch\/de\/wp-json\/wp\/v2\/media\/29948"}],"wp:attachment":[{"href":"https:\/\/topprixsarl.ch\/de\/wp-json\/wp\/v2\/media?parent=29949"}],"wp:term":[{"taxonomy":"product_brand","embeddable":true,"href":"https:\/\/topprixsarl.ch\/de\/wp-json\/wp\/v2\/product_brand?post=29949"},{"taxonomy":"product_cat","embeddable":true,"href":"https:\/\/topprixsarl.ch\/de\/wp-json\/wp\/v2\/product_cat?post=29949"},{"taxonomy":"product_tag","embeddable":true,"href":"https:\/\/topprixsarl.ch\/de\/wp-json\/wp\/v2\/product_tag?post=29949"}],"curies":[{"name":"wp","href":"https:\/\/api.w.org\/{rel}","templated":true}]}}