{"id":29941,"date":"2025-12-27T14:42:28","date_gmt":"2025-12-27T14:42:28","guid":{"rendered":"https:\/\/topprixsarl.ch\/product\/sac-a-dechets-ficelle-35-l-rouleau-de-20-pieces-pe-noir-35-my-recycl\/"},"modified":"2026-01-14T14:21:39","modified_gmt":"2026-01-14T14:21:39","slug":"sac-a-dechets-ficelle-35-l-rouleau-de-20-pieces-pe-noir-35-my-recycl","status":"publish","type":"product","link":"https:\/\/topprixsarl.ch\/de\/product\/sac-a-dechets-ficelle-35-l-rouleau-de-20-pieces-pe-noir-35-my-recycl\/","title":{"rendered":"M\u00fcllsack mit Zugband LD\/PE, 35 Liter, Rolle \u00e0 20 St\u00fcck"},"content":{"rendered":"<p>Trente-cinq litres d&rsquo;ordures \u00e0 la fois ! Les sacs-poubelle permettent de ne pas trop salir les poubelles. Les choix de sacs-poubelle sont nombreux et il est important de choisir ceux qui conviennent le mieux \u00e0 votre installation !<\/p>\n<p>Ce rouleau de sacs-poubelle Easy est un choix classique pour toutes les installations : <\/p>\n<p>+ **Bureaux**<br \/>\n+ **M\u00e9nages**<br \/>\n+ **Zones** (toilettes, cuisines, coin repas et sanitaires, etc.)  <\/p>\n<p>Ce rouleau pratique contient 20 sacs-poubelle, vous pouvez les stocker sans craindre d\u2019en manquer. <\/p>\n<p>Chaque sac est de qualit\u00e9 LD\/PE (poly\u00e9thyl\u00e8ne basse densit\u00e9). Ce mat\u00e9riau garantit que les sacs sont extr\u00eamement efficaces et ne sont pas r\u00e9actifs aux articles courants, liquides et temp\u00e9ratures ambiantes naturelles. <\/p>\n<p>En raison de leur faible densit\u00e9, ces sacs sont tr\u00e8s extensibles. Si vous n&rsquo;essayez pas d\u2019y mettre plus de 35 l, ils seront tr\u00e8s bien ! Des liens de fermeture extr\u00eamement utiles permettent de fermer compl\u00e8tement le sac quand il est plein, pour qu\u2019aucun d\u00e9chet ne tombe quand vous le sortez. <\/p>\n<p>+ **Taux de recyclage de 90%**  <\/p>\n<p>Approvisionnez ais\u00e9ment votre lieu de travail !  <\/p>\n<p>+ **25 rouleaux \/ carton**<br \/>\n+ **42 cartons \/ palette (= 1050 rouleaux \/ palette)**  <\/p>\n<p>*Note :* Les sacs sont con\u00e7us pour un usage optimal et une gestion efficace des d\u00e9chets.<\/p>","protected":false},"excerpt":{"rendered":"<p>Trente-cinq litres d&rsquo;ordures \u00e0 la fois! Les sacs-poubelle permettent de ne pas trop salir les poubelles. Les choix de sacs-poubelle sont nombreux et il est important de choisir ceux qui conviennent le mieux \u00e0 votre installation!Ce rouleau de sacs-pou<\/p>","protected":false},"featured_media":29940,"comment_status":"open","ping_status":"closed","template":"","meta":[],"product_brand":[],"product_cat":[138],"product_tag":[],"class_list":{"0":"post-29941","1":"product","2":"type-product","3":"status-publish","4":"has-post-thumbnail","6":"product_cat-sac-a-dechet","8":"first","9":"instock","10":"shipping-taxable","11":"purchasable","12":"product-type-simple"},"_links":{"self":[{"href":"https:\/\/topprixsarl.ch\/de\/wp-json\/wp\/v2\/product\/29941","targetHints":{"allow":["GET"]}}],"collection":[{"href":"https:\/\/topprixsarl.ch\/de\/wp-json\/wp\/v2\/product"}],"about":[{"href":"https:\/\/topprixsarl.ch\/de\/wp-json\/wp\/v2\/types\/product"}],"replies":[{"embeddable":true,"href":"https:\/\/topprixsarl.ch\/de\/wp-json\/wp\/v2\/comments?post=29941"}],"version-history":[{"count":2,"href":"https:\/\/topprixsarl.ch\/de\/wp-json\/wp\/v2\/product\/29941\/revisions"}],"predecessor-version":[{"id":32839,"href":"https:\/\/topprixsarl.ch\/de\/wp-json\/wp\/v2\/product\/29941\/revisions\/32839"}],"wp:featuredmedia":[{"embeddable":true,"href":"https:\/\/topprixsarl.ch\/de\/wp-json\/wp\/v2\/media\/29940"}],"wp:attachment":[{"href":"https:\/\/topprixsarl.ch\/de\/wp-json\/wp\/v2\/media?parent=29941"}],"wp:term":[{"taxonomy":"product_brand","embeddable":true,"href":"https:\/\/topprixsarl.ch\/de\/wp-json\/wp\/v2\/product_brand?post=29941"},{"taxonomy":"product_cat","embeddable":true,"href":"https:\/\/topprixsarl.ch\/de\/wp-json\/wp\/v2\/product_cat?post=29941"},{"taxonomy":"product_tag","embeddable":true,"href":"https:\/\/topprixsarl.ch\/de\/wp-json\/wp\/v2\/product_tag?post=29941"}],"curies":[{"name":"wp","href":"https:\/\/api.w.org\/{rel}","templated":true}]}}