{"id":29939,"date":"2025-12-27T14:42:17","date_gmt":"2025-12-27T14:42:17","guid":{"rendered":"https:\/\/topprixsarl.ch\/product\/papiertoilette-comfort-250-coupons-3-couchesrecy-9-5x13-8-cm\/"},"modified":"2026-01-14T14:21:39","modified_gmt":"2026-01-14T14:21:39","slug":"papiertoilette-comfort-250-coupons-3-couchesrecy-9-5x13-8-cm","status":"publish","type":"product","link":"https:\/\/topprixsarl.ch\/de\/product\/papiertoilette-comfort-250-coupons-3-couchesrecy-9-5x13-8-cm\/","title":{"rendered":"Oeco Swiss Comfort Toilettenpapier, 3-lagig, Packung mit 10 Rollen"},"content":{"rendered":"<p>Le papier hygi\u00e9nique id\u00e9al<\/p>\n<p>Quand vous choisissez du papier hygi\u00e9nique, vous devez \u00eatre conscient de tous les d\u00e9tails qu&rsquo;un fabricant vous offre. Certains papiers sont fabriqu\u00e9s \u00e0 partir de mat\u00e9riaux recycl\u00e9s, mais ils ne sont pas assez r\u00e9sistants, donc inefficaces \u00e0 l&rsquo;usage. D&rsquo;autres sont r\u00e9sistants, mais leur force peut \u00eatre due \u00e0 l&rsquo;ajout de produits chimiques nocifs.<\/p>\n<p>Oeco Swiss propose une vaste gamme de rouleaux de papier hygi\u00e9nique fiables et respectueux de l&rsquo;environnement et de la sant\u00e9, comme ce paquet de dix rouleaux Comfort!<\/p>\n<p>+ Chaque rouleau est fabriqu\u00e9 \u00e0 partir de cellulose vierge qui ne nuit pas \u00e0 l&rsquo;environnement et qui est parfait pour le contact cutan\u00e9 &#8211; ils ne causent aucune \u00e9ruption cutan\u00e9e, rougeur ou autre r\u00e9action cutan\u00e9e d\u00e9sagr\u00e9able!<\/p>\n<p>+ Dans la s\u00e9rie Comfort, chaque rouleau se compose de 250 feuilles de papier extr\u00eamement doux.<\/p>\n<p>+ Leur structure \u00e0 3 plis rend chaque feuille r\u00e9sistante &#8211; m\u00eame mouill\u00e9es, elles ne se d\u00e9chirent, ne se d\u00e9composent pas \u00e0 un moment inopportun et ne laissent ni peluches ni morceaux sur les mains apr\u00e8s usage.<\/p>\n<p>Cette option permet aux installations publiques de faire des r\u00e9serves et de toujours avoir un produit agr\u00e9able au toucher et efficace!<\/p>\n<p>Faites en sorte que les gens se sentent comme chez eux gr\u00e2ce \u00e0 un produit de soin!<\/p>\n<p>Unit\u00e9 de palette 96 x 10 roul.<\/p>","protected":false},"excerpt":{"rendered":"<p>Le papier hygi\u00e9nique id\u00e9al Quand vous choisissez du papier hygi\u00e9nique, vous devez \u00eatre conscient de tous les d\u00e9tails qu&rsquo;un fabricant vous offre. Certains papiers sont fabriqu\u00e9s \u00e0 partir de mat\u00e9riaux recycl\u00e9s, mais ils ne sont pas assez r\u00e9sistants, do<\/p>","protected":false},"featured_media":29938,"comment_status":"open","ping_status":"closed","template":"","meta":[],"product_brand":[],"product_cat":[137],"product_tag":[],"class_list":{"0":"post-29939","1":"product","2":"type-product","3":"status-publish","4":"has-post-thumbnail","6":"product_cat-papier","8":"first","9":"instock","10":"shipping-taxable","11":"purchasable","12":"product-type-simple"},"_links":{"self":[{"href":"https:\/\/topprixsarl.ch\/de\/wp-json\/wp\/v2\/product\/29939","targetHints":{"allow":["GET"]}}],"collection":[{"href":"https:\/\/topprixsarl.ch\/de\/wp-json\/wp\/v2\/product"}],"about":[{"href":"https:\/\/topprixsarl.ch\/de\/wp-json\/wp\/v2\/types\/product"}],"replies":[{"embeddable":true,"href":"https:\/\/topprixsarl.ch\/de\/wp-json\/wp\/v2\/comments?post=29939"}],"version-history":[{"count":2,"href":"https:\/\/topprixsarl.ch\/de\/wp-json\/wp\/v2\/product\/29939\/revisions"}],"predecessor-version":[{"id":32834,"href":"https:\/\/topprixsarl.ch\/de\/wp-json\/wp\/v2\/product\/29939\/revisions\/32834"}],"wp:featuredmedia":[{"embeddable":true,"href":"https:\/\/topprixsarl.ch\/de\/wp-json\/wp\/v2\/media\/29938"}],"wp:attachment":[{"href":"https:\/\/topprixsarl.ch\/de\/wp-json\/wp\/v2\/media?parent=29939"}],"wp:term":[{"taxonomy":"product_brand","embeddable":true,"href":"https:\/\/topprixsarl.ch\/de\/wp-json\/wp\/v2\/product_brand?post=29939"},{"taxonomy":"product_cat","embeddable":true,"href":"https:\/\/topprixsarl.ch\/de\/wp-json\/wp\/v2\/product_cat?post=29939"},{"taxonomy":"product_tag","embeddable":true,"href":"https:\/\/topprixsarl.ch\/de\/wp-json\/wp\/v2\/product_tag?post=29939"}],"curies":[{"name":"wp","href":"https:\/\/api.w.org\/{rel}","templated":true}]}}