{"id":29935,"date":"2025-12-27T14:41:58","date_gmt":"2025-12-27T14:41:58","guid":{"rendered":"https:\/\/topprixsarl.ch\/product\/glasfee-produit-nettoyant-pour-surfaces-vitres-et-miroirs-10l\/"},"modified":"2026-01-14T14:21:39","modified_gmt":"2026-01-14T14:21:39","slug":"glasfee-reinigungsprodukt-fur-glas-und-spiegelflachen-10l","status":"publish","type":"product","link":"https:\/\/topprixsarl.ch\/de\/product\/glasfee-reinigungsprodukt-fur-glas-und-spiegelflachen-10l\/","title":{"rendered":"Taski Sprint 200 Allzweckreiniger, 10 Liter, frischer Duft"},"content":{"rendered":"<p>**Sprint 200 : Boostez votre nettoyage !**<\/p>\n<p>De 8h00 \u00e0 17h30, chaque entreprise investit de l&rsquo;\u00e9nergie, des outils et des mat\u00e9riaux pour faire fonctionner les affaires. En fin de journ\u00e9e, cependant, il est temps de nettoyer pour garder l&rsquo;environnement agr\u00e9able et en s\u00e9curit\u00e9. Bien s\u00fbr, il faut s\u2019assurer de choisir les bons outils, y compris le bon d\u00e9tergent.<\/p>\n<p>+ **D\u00e9tergent multifonctionnel de haute qualit\u00e9**<br \/>\nTaski Sprint 200 est un d\u00e9tergent multifonctionnel de haute qualit\u00e9. <\/p>\n<p>+ **Id\u00e9al pour surfaces irr\u00e9guli\u00e8res ou imperm\u00e9ables**<br \/>\nCe d\u00e9tergent est parfait pour laver les murs, les outils ou les machines. <\/p>\n<p>+ **Technologie de neutralisation des odeurs**<br \/>\nGr\u00e2ce \u00e0 sa technologie de neutralisation des odeurs, il est destin\u00e9 \u00e0 un usage int\u00e9rieur. <\/p>\n<p>+ **Format \u00e9conomique**<br \/>\nDisponible en bouteille de 10 litres, le Sprint 200 durera longtemps. <\/p>\n<p>Choisissez une solution de nettoyage polyvalente !<\/p>","protected":false},"excerpt":{"rendered":"<p>Sprint 200: boostez votre nettoyage! De 8h00 \u00e0 17h30, chaque entreprise investit de l&rsquo;\u00e9nergie, des outils et des mat\u00e9riaux pour faire fonctionner les affaires. En fin de journ\u00e9e, cependant, il est temps de nettoyer pour garder l&rsquo;environnement agr\u00e9abl<\/p>","protected":false},"featured_media":29934,"comment_status":"open","ping_status":"closed","template":"","meta":[],"product_brand":[],"product_cat":[143],"product_tag":[],"class_list":{"0":"post-29935","1":"product","2":"type-product","3":"status-publish","4":"has-post-thumbnail","6":"product_cat-nettoyage","8":"first","9":"instock","10":"shipping-taxable","11":"purchasable","12":"product-type-simple"},"_links":{"self":[{"href":"https:\/\/topprixsarl.ch\/de\/wp-json\/wp\/v2\/product\/29935","targetHints":{"allow":["GET"]}}],"collection":[{"href":"https:\/\/topprixsarl.ch\/de\/wp-json\/wp\/v2\/product"}],"about":[{"href":"https:\/\/topprixsarl.ch\/de\/wp-json\/wp\/v2\/types\/product"}],"replies":[{"embeddable":true,"href":"https:\/\/topprixsarl.ch\/de\/wp-json\/wp\/v2\/comments?post=29935"}],"version-history":[{"count":2,"href":"https:\/\/topprixsarl.ch\/de\/wp-json\/wp\/v2\/product\/29935\/revisions"}],"predecessor-version":[{"id":32815,"href":"https:\/\/topprixsarl.ch\/de\/wp-json\/wp\/v2\/product\/29935\/revisions\/32815"}],"wp:featuredmedia":[{"embeddable":true,"href":"https:\/\/topprixsarl.ch\/de\/wp-json\/wp\/v2\/media\/29934"}],"wp:attachment":[{"href":"https:\/\/topprixsarl.ch\/de\/wp-json\/wp\/v2\/media?parent=29935"}],"wp:term":[{"taxonomy":"product_brand","embeddable":true,"href":"https:\/\/topprixsarl.ch\/de\/wp-json\/wp\/v2\/product_brand?post=29935"},{"taxonomy":"product_cat","embeddable":true,"href":"https:\/\/topprixsarl.ch\/de\/wp-json\/wp\/v2\/product_cat?post=29935"},{"taxonomy":"product_tag","embeddable":true,"href":"https:\/\/topprixsarl.ch\/de\/wp-json\/wp\/v2\/product_tag?post=29935"}],"curies":[{"name":"wp","href":"https:\/\/api.w.org\/{rel}","templated":true}]}}