{"id":29933,"date":"2025-12-27T14:41:46","date_gmt":"2025-12-27T14:41:46","guid":{"rendered":"https:\/\/topprixsarl.ch\/product\/nettoyant-vitres-taski-sprint-glass-e3c-pack-de-6x0-75-litres-parfum-frais\/"},"modified":"2026-01-14T14:21:39","modified_gmt":"2026-01-14T14:21:39","slug":"nettoyant-vitres-taski-sprint-glass-e3c-pack-de-6x0-75-litres-parfum-frais","status":"publish","type":"product","link":"https:\/\/topprixsarl.ch\/de\/product\/nettoyant-vitres-taski-sprint-glass-e3c-pack-de-6x0-75-litres-parfum-frais\/","title":{"rendered":"Glasreiniger, Taski Sprint Glass, Spray 750 ml"},"content":{"rendered":"<p>Une perspective diff\u00e9rente sur le monde<\/p>\n<p>Aujourd&rsquo;hui, vous avez pass\u00e9 une bonne journ\u00e9e au travail. D&rsquo;une certaine fa\u00e7on, c&rsquo;est plus agr\u00e9able, plus supportable. La table est teint\u00e9e d&rsquo;une agr\u00e9able lumi\u00e8re du soleil et la vue de la fen\u00eatre est nette. C&rsquo;est \u00e9trange, parce que vous ne l\u2019avez jamais remarqu\u00e9 avant. <\/p>\n<p>En y regardant de plus pr\u00e8s &#8211; la vue ne s&rsquo;est pas am\u00e9lior\u00e9e, mais les vitres, si &#8211; elles ont \u00e9t\u00e9 nettoy\u00e9es avec le nettoyant vitres, Diversey Sprint Glass. Elles sont claires comme de l&rsquo;eau de roche. <\/p>\n<p>+ Con\u00e7u pour tous les types de surfaces vitr\u00e9es<br \/>\n+ Nettoie non seulement les vitres, mais aussi les portes vitr\u00e9es, les \u00e9tag\u00e8res du r\u00e9frig\u00e9rateur et m\u00eame les miroirs<br \/>\n+ Application facile : il suffit d&rsquo;appuyer sur la g\u00e2chette pour disperser le liquide en quantit\u00e9 suffisante sur la surface<br \/>\n+ Formule tr\u00e8s efficace qui r\u00e9duit la consommation du produit pour que le flacon de 750 ml dure plus longtemps<br \/>\n+ \u00c9limine la poussi\u00e8re, les taches de graisse et toute autre salet\u00e9 pour laisser une surface propre et nette<br \/>\n+ Oubliez les traces avec ce nettoyant professionnel  <\/p>\n<p>Regardez le monde diff\u00e9remment!<\/p>\n<p>6 bouteilles \/ carton<br \/>\n95 cartons \/ palette (= 570 bouteilles \/ palette)<\/p>","protected":false},"excerpt":{"rendered":"<p>Une perspective diff\u00e9rente sur le monde Aujourd&rsquo;hui, vous avez pass\u00e9 une bonne journ\u00e9e au travail. D&rsquo;une certaine fa\u00e7on, c&rsquo;est plus agr\u00e9able, plus supportable. La table est teint\u00e9e d&rsquo;une agr\u00e9able lumi\u00e8re du soleil et la vue de la fen\u00eatre est nette. C<\/p>","protected":false},"featured_media":29932,"comment_status":"open","ping_status":"closed","template":"","meta":[],"product_brand":[],"product_cat":[143],"product_tag":[],"class_list":{"0":"post-29933","1":"product","2":"type-product","3":"status-publish","4":"has-post-thumbnail","6":"product_cat-nettoyage","8":"first","9":"instock","10":"shipping-taxable","11":"purchasable","12":"product-type-simple"},"_links":{"self":[{"href":"https:\/\/topprixsarl.ch\/de\/wp-json\/wp\/v2\/product\/29933","targetHints":{"allow":["GET"]}}],"collection":[{"href":"https:\/\/topprixsarl.ch\/de\/wp-json\/wp\/v2\/product"}],"about":[{"href":"https:\/\/topprixsarl.ch\/de\/wp-json\/wp\/v2\/types\/product"}],"replies":[{"embeddable":true,"href":"https:\/\/topprixsarl.ch\/de\/wp-json\/wp\/v2\/comments?post=29933"}],"version-history":[{"count":2,"href":"https:\/\/topprixsarl.ch\/de\/wp-json\/wp\/v2\/product\/29933\/revisions"}],"predecessor-version":[{"id":32811,"href":"https:\/\/topprixsarl.ch\/de\/wp-json\/wp\/v2\/product\/29933\/revisions\/32811"}],"wp:featuredmedia":[{"embeddable":true,"href":"https:\/\/topprixsarl.ch\/de\/wp-json\/wp\/v2\/media\/29932"}],"wp:attachment":[{"href":"https:\/\/topprixsarl.ch\/de\/wp-json\/wp\/v2\/media?parent=29933"}],"wp:term":[{"taxonomy":"product_brand","embeddable":true,"href":"https:\/\/topprixsarl.ch\/de\/wp-json\/wp\/v2\/product_brand?post=29933"},{"taxonomy":"product_cat","embeddable":true,"href":"https:\/\/topprixsarl.ch\/de\/wp-json\/wp\/v2\/product_cat?post=29933"},{"taxonomy":"product_tag","embeddable":true,"href":"https:\/\/topprixsarl.ch\/de\/wp-json\/wp\/v2\/product_tag?post=29933"}],"curies":[{"name":"wp","href":"https:\/\/api.w.org\/{rel}","templated":true}]}}