{"id":29929,"date":"2025-12-27T14:41:28","date_gmt":"2025-12-27T14:41:28","guid":{"rendered":"https:\/\/topprixsarl.ch\/product\/lea-60-x-24cm-dispenser-a-25-chiffons-100-viscose-42g-m2-sans-colle\/"},"modified":"2026-01-14T14:21:39","modified_gmt":"2026-01-14T14:21:39","slug":"lea-60-x-24cm-dispenser-a-25-chiffons-100-viscose-42g-m2-sans-colle","status":"publish","type":"product","link":"https:\/\/topprixsarl.ch\/de\/product\/lea-60-x-24cm-dispenser-a-25-chiffons-100-viscose-42g-m2-sans-colle\/","title":{"rendered":"Lea 60 x 24cm dispenser \u00e0 25 T\u00fccher, 100% Viskose, 42g\/m2, ohne Klebstoff"},"content":{"rendered":"<p>Indispensable pour les premiers secours<\/p>\n<p>Une personne doit imp\u00e9rativement recevoir les premiers soins en cas de blessure. Et si vous ou votre partenaire vous cassez le bras en route, loin de l&rsquo;h\u00f4pital? Le bras doit \u00eatre correctement fix\u00e9 pour ne pas aggraver la l\u00e9sion. Un bandage triangulaire de Hartmann est tr\u00e8s utile.<\/p>\n<p>+ Fabriqu\u00e9 en viscose organique, il n&rsquo;irrite pas la peau pour plus de confort.<\/p>\n<p>+ La forme triangulaire est id\u00e9ale pour fixer un bras cass\u00e9 dans la position souhait\u00e9e pour le soulager et vous d\u00e9placer sans g\u00eane.<\/p>\n<p>+ Exempt de latex, il est sans risque de d\u00e9mangeaisons ou de r\u00e9actions allergiques.<\/p>\n<p>+ Le bandage est solide, ne se d\u00e9chire pas et r\u00e9siste aux sollicitations m\u00e9caniques &#8211; si n\u00e9cessaire, il peut \u00eatre port\u00e9 pendant plusieurs jours.<\/p>\n<p>+ L&#8217;emballage compact est peu encombrant pour l&#8217;emporter lors de vos d\u00e9placements.<\/p>\n<p>Fournissez des soins m\u00e9dicaux professionnels!*<\/p>","protected":false},"excerpt":{"rendered":"<p>Indispensable pour les premiers secours Une personne doit imp\u00e9rativement recevoir les premiers soins en cas de blessure. Et si vous ou votre partenaire vous cassez le bras en route, loin de l&rsquo;h\u00f4pital? Le bras doit \u00eatre correctement fix\u00e9 pour ne pas a<\/p>","protected":false},"featured_media":29928,"comment_status":"open","ping_status":"closed","template":"","meta":[],"product_brand":[],"product_cat":[142],"product_tag":[],"class_list":{"0":"post-29929","1":"product","2":"type-product","3":"status-publish","4":"has-post-thumbnail","6":"product_cat-entretien","8":"first","9":"instock","10":"shipping-taxable","11":"purchasable","12":"product-type-simple"},"_links":{"self":[{"href":"https:\/\/topprixsarl.ch\/de\/wp-json\/wp\/v2\/product\/29929","targetHints":{"allow":["GET"]}}],"collection":[{"href":"https:\/\/topprixsarl.ch\/de\/wp-json\/wp\/v2\/product"}],"about":[{"href":"https:\/\/topprixsarl.ch\/de\/wp-json\/wp\/v2\/types\/product"}],"replies":[{"embeddable":true,"href":"https:\/\/topprixsarl.ch\/de\/wp-json\/wp\/v2\/comments?post=29929"}],"version-history":[{"count":2,"href":"https:\/\/topprixsarl.ch\/de\/wp-json\/wp\/v2\/product\/29929\/revisions"}],"predecessor-version":[{"id":33209,"href":"https:\/\/topprixsarl.ch\/de\/wp-json\/wp\/v2\/product\/29929\/revisions\/33209"}],"wp:featuredmedia":[{"embeddable":true,"href":"https:\/\/topprixsarl.ch\/de\/wp-json\/wp\/v2\/media\/29928"}],"wp:attachment":[{"href":"https:\/\/topprixsarl.ch\/de\/wp-json\/wp\/v2\/media?parent=29929"}],"wp:term":[{"taxonomy":"product_brand","embeddable":true,"href":"https:\/\/topprixsarl.ch\/de\/wp-json\/wp\/v2\/product_brand?post=29929"},{"taxonomy":"product_cat","embeddable":true,"href":"https:\/\/topprixsarl.ch\/de\/wp-json\/wp\/v2\/product_cat?post=29929"},{"taxonomy":"product_tag","embeddable":true,"href":"https:\/\/topprixsarl.ch\/de\/wp-json\/wp\/v2\/product_tag?post=29929"}],"curies":[{"name":"wp","href":"https:\/\/api.w.org\/{rel}","templated":true}]}}