{"id":29923,"date":"2025-12-27T14:40:56","date_gmt":"2025-12-27T14:40:56","guid":{"rendered":"https:\/\/topprixsarl.ch\/product\/creme-a-cafe-200pces\/"},"modified":"2026-02-26T14:13:14","modified_gmt":"2026-02-26T14:13:14","slug":"creme-a-cafe-200pces","status":"publish","type":"product","link":"https:\/\/topprixsarl.ch\/de\/product\/creme-a-cafe-200pces\/","title":{"rendered":"Portions de cr\u00e8me \u00e0 caf\u00e9 12 g, paq. 200 unit\u00e9s"},"content":{"rendered":"<p><strong>Teneur en mati\u00e8re grasse :<\/strong> 15%<\/p>\n<p><strong>Sujet :<\/strong> divers motifs &#8211; ne peuvent pas \u00eatre choisis.<\/p>\n<p><strong>Prix :<\/strong> par emballage.<\/p>","protected":false},"excerpt":{"rendered":"<p>15% de mati\u00e8re grasse. Sujet: divers motifs- ne peuvent pas \u00eatre choisis. Prix par emballage.<\/p>","protected":false},"featured_media":33563,"comment_status":"open","ping_status":"closed","template":"","meta":[],"product_brand":[],"product_cat":[142],"product_tag":[],"class_list":{"0":"post-29923","1":"product","2":"type-product","3":"status-publish","4":"has-post-thumbnail","6":"product_cat-entretien","8":"first","9":"instock","10":"shipping-taxable","11":"purchasable","12":"product-type-simple"},"_links":{"self":[{"href":"https:\/\/topprixsarl.ch\/de\/wp-json\/wp\/v2\/product\/29923","targetHints":{"allow":["GET"]}}],"collection":[{"href":"https:\/\/topprixsarl.ch\/de\/wp-json\/wp\/v2\/product"}],"about":[{"href":"https:\/\/topprixsarl.ch\/de\/wp-json\/wp\/v2\/types\/product"}],"replies":[{"embeddable":true,"href":"https:\/\/topprixsarl.ch\/de\/wp-json\/wp\/v2\/comments?post=29923"}],"version-history":[{"count":3,"href":"https:\/\/topprixsarl.ch\/de\/wp-json\/wp\/v2\/product\/29923\/revisions"}],"predecessor-version":[{"id":33564,"href":"https:\/\/topprixsarl.ch\/de\/wp-json\/wp\/v2\/product\/29923\/revisions\/33564"}],"wp:featuredmedia":[{"embeddable":true,"href":"https:\/\/topprixsarl.ch\/de\/wp-json\/wp\/v2\/media\/33563"}],"wp:attachment":[{"href":"https:\/\/topprixsarl.ch\/de\/wp-json\/wp\/v2\/media?parent=29923"}],"wp:term":[{"taxonomy":"product_brand","embeddable":true,"href":"https:\/\/topprixsarl.ch\/de\/wp-json\/wp\/v2\/product_brand?post=29923"},{"taxonomy":"product_cat","embeddable":true,"href":"https:\/\/topprixsarl.ch\/de\/wp-json\/wp\/v2\/product_cat?post=29923"},{"taxonomy":"product_tag","embeddable":true,"href":"https:\/\/topprixsarl.ch\/de\/wp-json\/wp\/v2\/product_tag?post=29923"}],"curies":[{"name":"wp","href":"https:\/\/api.w.org\/{rel}","templated":true}]}}