{"id":29919,"date":"2025-12-27T14:40:32","date_gmt":"2025-12-27T14:40:32","guid":{"rendered":"https:\/\/topprixsarl.ch\/product\/glasfee-produit-nettoyant-pour-surfaces-vitres-et-miroirs-spray-500ml-btle-pleine\/"},"modified":"2026-01-14T14:21:40","modified_gmt":"2026-01-14T14:21:40","slug":"glasfee-produit-nettoyant-pour-surfaces-vitres-et-miroirs-spray-500ml-btle-pleine","status":"publish","type":"product","link":"https:\/\/topprixsarl.ch\/de\/product\/glasfee-produit-nettoyant-pour-surfaces-vitres-et-miroirs-spray-500ml-btle-pleine\/","title":{"rendered":"Glasfee, Reinigungsmittel f\u00fcr Oberfl\u00e4chen, Fenster und Spiegel, Spray 500ml, btle voll"},"content":{"rendered":"<p>Bouteille pour d\u00e9tergent vide et imprim\u00e9e. <\/p>\n<p>Pour TASKI Sprint 200. <\/p>\n<p>\u00c9cologique, \u00e0 recharger. <\/p>\n<p>Prix par emballage \u00e0 5 pi\u00e8ces. <\/p>\n<p>+ 5 bouteilles \/ carton <\/p>\n<p>+ 105 cartons \/ palette (= 525 bouteilles \/ palette) <\/p>\n<p>*Fu\u00dfnoten:<br \/>\n*Information suppl\u00e9mentaire sur l&rsquo;utilisation et le recyclage.<\/p>","protected":false},"excerpt":{"rendered":"<p>Bouteille pour d\u00e9tergent vide et imprim\u00e9e. Pour TASKI Sprint 200. \u00c9cologique, \u00e0 recharger. Prix par emballage \u00e0 5 pi\u00e8ce.5 bouteilles \/ carton105 cartons \/ palette (=525 bouteilles \/ palette)<\/p>","protected":false},"featured_media":29918,"comment_status":"open","ping_status":"closed","template":"","meta":[],"product_brand":[],"product_cat":[143],"product_tag":[],"class_list":{"0":"post-29919","1":"product","2":"type-product","3":"status-publish","4":"has-post-thumbnail","6":"product_cat-nettoyage","8":"first","9":"instock","10":"shipping-taxable","11":"purchasable","12":"product-type-simple"},"_links":{"self":[{"href":"https:\/\/topprixsarl.ch\/de\/wp-json\/wp\/v2\/product\/29919","targetHints":{"allow":["GET"]}}],"collection":[{"href":"https:\/\/topprixsarl.ch\/de\/wp-json\/wp\/v2\/product"}],"about":[{"href":"https:\/\/topprixsarl.ch\/de\/wp-json\/wp\/v2\/types\/product"}],"replies":[{"embeddable":true,"href":"https:\/\/topprixsarl.ch\/de\/wp-json\/wp\/v2\/comments?post=29919"}],"version-history":[{"count":2,"href":"https:\/\/topprixsarl.ch\/de\/wp-json\/wp\/v2\/product\/29919\/revisions"}],"predecessor-version":[{"id":33204,"href":"https:\/\/topprixsarl.ch\/de\/wp-json\/wp\/v2\/product\/29919\/revisions\/33204"}],"wp:featuredmedia":[{"embeddable":true,"href":"https:\/\/topprixsarl.ch\/de\/wp-json\/wp\/v2\/media\/29918"}],"wp:attachment":[{"href":"https:\/\/topprixsarl.ch\/de\/wp-json\/wp\/v2\/media?parent=29919"}],"wp:term":[{"taxonomy":"product_brand","embeddable":true,"href":"https:\/\/topprixsarl.ch\/de\/wp-json\/wp\/v2\/product_brand?post=29919"},{"taxonomy":"product_cat","embeddable":true,"href":"https:\/\/topprixsarl.ch\/de\/wp-json\/wp\/v2\/product_cat?post=29919"},{"taxonomy":"product_tag","embeddable":true,"href":"https:\/\/topprixsarl.ch\/de\/wp-json\/wp\/v2\/product_tag?post=29919"}],"curies":[{"name":"wp","href":"https:\/\/api.w.org\/{rel}","templated":true}]}}