{"id":29913,"date":"2025-12-27T14:39:56","date_gmt":"2025-12-27T14:39:56","guid":{"rendered":"https:\/\/topprixsarl.ch\/product\/tork-senseur-distributeur-soin-peau-s4savon-mousse-desinfect\/"},"modified":"2026-01-14T14:21:40","modified_gmt":"2026-01-14T14:21:40","slug":"tork-senseur-distributeur-soin-peau-s4savon-mousse-desinfect","status":"publish","type":"product","link":"https:\/\/topprixsarl.ch\/de\/product\/tork-senseur-distributeur-soin-peau-s4savon-mousse-desinfect\/","title":{"rendered":"Sensor Schaumseifenspender Tork Elevation S4 561600, Kunststoff, wei\u00df"},"content":{"rendered":"<p>**Tork Distributeur de soins pour la peau avec capteur Intuition\u2122 blanc S4**<\/p>\n<p>Le distributeur Tork Elevation fera bonne impression. Il s&rsquo;utilise avec les savons, d\u00e9sinfectants et lotions Tork en bouteilles herm\u00e9tiques. Certifi\u00e9 facile \u00e0 utiliser, il garantit l&rsquo;hygi\u00e8ne des mains gr\u00e2ce \u00e0 la distribution sans contact. Le design moderne et fonctionnel des distributeurs Elevation impressionnera vos clients.<\/p>\n<p>**Les avantages en un coup d\u2019\u0153il :**<\/p>\n<p>+ Distribution sans contact avec capteur Intuition\u2122<br \/>\n+ Rechargement certifi\u00e9 sans effort par l&rsquo;Association su\u00e9doise de rhumatisme<br \/>\n+ Consommation r\u00e9duite jusqu&rsquo;\u00e0 50 % (test Essity avec le savon mousse et le savon liquide Tork dans le distributeur Elevation)  <\/p>\n<p>N\u00e9cessite 4 piles C\/LR14.<\/p>","protected":false},"excerpt":{"rendered":"<p>Tork Distributeur de soins pour la peau avec capteur Intuition\u2122 blanc S4 :Le distributeur Tork Elevation fera bonne impression. Il s&rsquo;utilise avec les savons, d\u00e9sinfectants et lotions Tork en bouteilles herm\u00e9tiques. Certifi\u00e9 facile \u00e0 utiliser, il gara<\/p>","protected":false},"featured_media":29912,"comment_status":"open","ping_status":"closed","template":"","meta":[],"product_brand":[],"product_cat":[145],"product_tag":[],"class_list":{"0":"post-29913","1":"product","2":"type-product","3":"status-publish","4":"has-post-thumbnail","6":"product_cat-hygiene-bebe","8":"first","9":"instock","10":"shipping-taxable","11":"purchasable","12":"product-type-simple"},"_links":{"self":[{"href":"https:\/\/topprixsarl.ch\/de\/wp-json\/wp\/v2\/product\/29913","targetHints":{"allow":["GET"]}}],"collection":[{"href":"https:\/\/topprixsarl.ch\/de\/wp-json\/wp\/v2\/product"}],"about":[{"href":"https:\/\/topprixsarl.ch\/de\/wp-json\/wp\/v2\/types\/product"}],"replies":[{"embeddable":true,"href":"https:\/\/topprixsarl.ch\/de\/wp-json\/wp\/v2\/comments?post=29913"}],"version-history":[{"count":2,"href":"https:\/\/topprixsarl.ch\/de\/wp-json\/wp\/v2\/product\/29913\/revisions"}],"predecessor-version":[{"id":32733,"href":"https:\/\/topprixsarl.ch\/de\/wp-json\/wp\/v2\/product\/29913\/revisions\/32733"}],"wp:featuredmedia":[{"embeddable":true,"href":"https:\/\/topprixsarl.ch\/de\/wp-json\/wp\/v2\/media\/29912"}],"wp:attachment":[{"href":"https:\/\/topprixsarl.ch\/de\/wp-json\/wp\/v2\/media?parent=29913"}],"wp:term":[{"taxonomy":"product_brand","embeddable":true,"href":"https:\/\/topprixsarl.ch\/de\/wp-json\/wp\/v2\/product_brand?post=29913"},{"taxonomy":"product_cat","embeddable":true,"href":"https:\/\/topprixsarl.ch\/de\/wp-json\/wp\/v2\/product_cat?post=29913"},{"taxonomy":"product_tag","embeddable":true,"href":"https:\/\/topprixsarl.ch\/de\/wp-json\/wp\/v2\/product_tag?post=29913"}],"curies":[{"name":"wp","href":"https:\/\/api.w.org\/{rel}","templated":true}]}}