{"id":29909,"date":"2025-12-27T14:39:37","date_gmt":"2025-12-27T14:39:37","guid":{"rendered":"https:\/\/topprixsarl.ch\/product\/gant-wemed-soft-vinyl-extra-m-non-poudre-boite-de-200-pieces\/"},"modified":"2026-01-21T00:18:19","modified_gmt":"2026-01-21T00:18:19","slug":"gant-wemed-soft-vinyl-extra-m-non-poudre-boite-de-200-pieces","status":"publish","type":"product","link":"https:\/\/topprixsarl.ch\/de\/product\/gant-wemed-soft-vinyl-extra-m-non-poudre-boite-de-200-pieces\/","title":{"rendered":"Einweghandschuhe aus Vinyl MERCATOR VINYLEX, Gr\u00f6\u00dfe M, pqt zu 100 St., transp."},"content":{"rendered":"<p>In der Einfachheit liegt die Vielfalt. <\/p>\n<p>Viele Berufsgruppen haben unterschiedliche Anforderungen. Manchmal kann jedoch ein einziges Produkt die Bed\u00fcrfnisse mehrerer Gruppen gleichzeitig erf\u00fcllen. Diese Produkte sind dann mehr oder weniger das Schweizer Taschenmesser ihrer Kategorie: vielseitig und in vielen Situationen n\u00fctzlich. <\/p>\n<p>Ein Beispiel daf\u00fcr sind die Vinylex-Einweghandschuhe von Mercator. <\/p>\n<p>+ Universeller Untersuchungshandschuh, der ohne Puder hergestellt wird und so Allergien und trockene Haut verhindert. <\/p>\n<p>+ Aus Vinyl gefertigt, sind diese Handschuhe ideal f\u00fcr nicht sterile medizinische Verfahren oder Haushaltsarbeiten. <\/p>\n<p>+ Eine strukturierte Oberfl\u00e4che sorgt daf\u00fcr, dass Gegenst\u00e4nde oder Instrumente gut in die Hand genommen werden k\u00f6nnen, und bietet eine hervorragende Ber\u00fchrungsempfindlichkeit. <\/p>\n<p>R\u00fcsten Sie den Materialschrank mit Einfachheit aus!<\/p>","protected":false},"excerpt":{"rendered":"<p>In der Einfachheit liegt die Vielfalt Viele Berufsgruppen haben unterschiedliche Anforderungen. Manchmal kann jedoch ein einziges Produkt die Bed\u00fcrfnisse mehrerer Gruppen gleichzeitig erf\u00fcllen. Diese Produkte sind dann mehr oder weniger die coute<\/p>","protected":false},"featured_media":29908,"comment_status":"open","ping_status":"closed","template":"","meta":[],"product_brand":[],"product_cat":[140],"product_tag":[],"class_list":{"0":"post-29909","1":"product","2":"type-product","3":"status-publish","4":"has-post-thumbnail","6":"product_cat-gants","7":"pa_taille-l","8":"pa_taille-m","9":"pa_taille-s","10":"pa_taille-xl","12":"first","13":"instock","14":"shipping-taxable","15":"purchasable","16":"product-type-variable"},"_links":{"self":[{"href":"https:\/\/topprixsarl.ch\/de\/wp-json\/wp\/v2\/product\/29909","targetHints":{"allow":["GET"]}}],"collection":[{"href":"https:\/\/topprixsarl.ch\/de\/wp-json\/wp\/v2\/product"}],"about":[{"href":"https:\/\/topprixsarl.ch\/de\/wp-json\/wp\/v2\/types\/product"}],"replies":[{"embeddable":true,"href":"https:\/\/topprixsarl.ch\/de\/wp-json\/wp\/v2\/comments?post=29909"}],"version-history":[{"count":2,"href":"https:\/\/topprixsarl.ch\/de\/wp-json\/wp\/v2\/product\/29909\/revisions"}],"predecessor-version":[{"id":32712,"href":"https:\/\/topprixsarl.ch\/de\/wp-json\/wp\/v2\/product\/29909\/revisions\/32712"}],"wp:featuredmedia":[{"embeddable":true,"href":"https:\/\/topprixsarl.ch\/de\/wp-json\/wp\/v2\/media\/29908"}],"wp:attachment":[{"href":"https:\/\/topprixsarl.ch\/de\/wp-json\/wp\/v2\/media?parent=29909"}],"wp:term":[{"taxonomy":"product_brand","embeddable":true,"href":"https:\/\/topprixsarl.ch\/de\/wp-json\/wp\/v2\/product_brand?post=29909"},{"taxonomy":"product_cat","embeddable":true,"href":"https:\/\/topprixsarl.ch\/de\/wp-json\/wp\/v2\/product_cat?post=29909"},{"taxonomy":"product_tag","embeddable":true,"href":"https:\/\/topprixsarl.ch\/de\/wp-json\/wp\/v2\/product_tag?post=29909"}],"curies":[{"name":"wp","href":"https:\/\/api.w.org\/{rel}","templated":true}]}}