{"id":29905,"date":"2025-12-27T14:39:17","date_gmt":"2025-12-27T14:39:17","guid":{"rendered":"https:\/\/topprixsarl.ch\/product\/sucre-poudre-10-x-1kg\/"},"modified":"2026-01-14T14:21:40","modified_gmt":"2026-01-14T14:21:40","slug":"sucre-poudre-10-x-1kg","status":"publish","type":"product","link":"https:\/\/topprixsarl.ch\/de\/product\/sucre-poudre-10-x-1kg\/","title":{"rendered":"Sucre poudre &#8211; 10 x 1kg"},"content":{"rendered":"<p>Un peu de douceur dans vos journ\u00e9es de travail. <\/p>\n<p>Vous ne supportez pas le th\u00e9 amer? Vous aimez la cuisine aigre-douce? Vous souhaitez passer vos journ\u00e9es de la fa\u00e7on la plus douce qui soit? Si oui, cela signifie que vous ne pouvez certainement pas manquer de sucre, m\u00eame au bureau. <\/p>\n<p>Conservez une r\u00e9serve dans votre coin caf\u00e9 et vous ne prendrez pas ce risque. <\/p>\n<p>+ Le sucre raffin\u00e9 est la poudre la plus commune et adapt\u00e9e \u00e0 sucrer vos aliments et boissons. <\/p>\n<p>+ Issu de betteraves \u00e0 sucre s\u00e9lectionn\u00e9es, ce produit est totalement s\u00fbr et sans aucune substance suppl\u00e9mentaire. <\/p>\n<p>+ Par cons\u00e9quent, il a bon go\u00fbt et n&rsquo;affecte pas les saveurs originales. Il ajoute juste une touche de douceur. <\/p>\n<p>+ De plus, il a une dur\u00e9e de vie incroyablement longue, donc vous ne le jetterez jamais. <\/p>\n<p>Adoucissez au mieux vos journ\u00e9es de travail!<\/p>","protected":false},"excerpt":{"rendered":"<p>Un peu de douceur dans vos journ\u00e9es de travail Vous ne supportez pas le th\u00e9 amer? Vous aimez la cuisine aigre-douce? Vous souhaitez passer vos journ\u00e9es de la fa\u00e7on la plus douce qui soit? Si oui, cela signifie que vous ne pouvez certainement pas manq<\/p>","protected":false},"featured_media":29904,"comment_status":"open","ping_status":"closed","template":"","meta":[],"product_brand":[],"product_cat":[142],"product_tag":[],"class_list":{"0":"post-29905","1":"product","2":"type-product","3":"status-publish","4":"has-post-thumbnail","6":"product_cat-entretien","8":"first","9":"instock","10":"shipping-taxable","11":"purchasable","12":"product-type-simple"},"_links":{"self":[{"href":"https:\/\/topprixsarl.ch\/de\/wp-json\/wp\/v2\/product\/29905","targetHints":{"allow":["GET"]}}],"collection":[{"href":"https:\/\/topprixsarl.ch\/de\/wp-json\/wp\/v2\/product"}],"about":[{"href":"https:\/\/topprixsarl.ch\/de\/wp-json\/wp\/v2\/types\/product"}],"replies":[{"embeddable":true,"href":"https:\/\/topprixsarl.ch\/de\/wp-json\/wp\/v2\/comments?post=29905"}],"version-history":[{"count":2,"href":"https:\/\/topprixsarl.ch\/de\/wp-json\/wp\/v2\/product\/29905\/revisions"}],"predecessor-version":[{"id":33203,"href":"https:\/\/topprixsarl.ch\/de\/wp-json\/wp\/v2\/product\/29905\/revisions\/33203"}],"wp:featuredmedia":[{"embeddable":true,"href":"https:\/\/topprixsarl.ch\/de\/wp-json\/wp\/v2\/media\/29904"}],"wp:attachment":[{"href":"https:\/\/topprixsarl.ch\/de\/wp-json\/wp\/v2\/media?parent=29905"}],"wp:term":[{"taxonomy":"product_brand","embeddable":true,"href":"https:\/\/topprixsarl.ch\/de\/wp-json\/wp\/v2\/product_brand?post=29905"},{"taxonomy":"product_cat","embeddable":true,"href":"https:\/\/topprixsarl.ch\/de\/wp-json\/wp\/v2\/product_cat?post=29905"},{"taxonomy":"product_tag","embeddable":true,"href":"https:\/\/topprixsarl.ch\/de\/wp-json\/wp\/v2\/product_tag?post=29905"}],"curies":[{"name":"wp","href":"https:\/\/api.w.org\/{rel}","templated":true}]}}