{"id":29901,"date":"2025-12-27T14:38:57","date_gmt":"2025-12-27T14:38:57","guid":{"rendered":"https:\/\/topprixsarl.ch\/product\/assugrin-1-bt\/"},"modified":"2026-01-14T14:21:41","modified_gmt":"2026-01-14T14:21:41","slug":"assugrin-1-bt","status":"publish","type":"product","link":"https:\/\/topprixsarl.ch\/de\/product\/assugrin-1-bt\/","title":{"rendered":"Assugrin 1 bt"},"content":{"rendered":"<p>Sucr\u00e9 avec 0 calories<\/p>\n<p>Le sucre r\u00e9gulier contient beaucoup de calories et n&rsquo;est pas tr\u00e8s bon pour les dents et la silhouette. Les personnes atteintes de maladies particuli\u00e8res, comme le diab\u00e8te, ne devraient pas en assumer une trop grande quantit\u00e9. D&rsquo;autre part, parfois, le caf\u00e9 ou le th\u00e9 amers ne sont pas une option. <\/p>\n<p>Si vous ne voulez pas absorber trop de calories, mais il vous faut quand m\u00eame quelque chose de sucr\u00e9&#8230; essayez Assugrin.<\/p>\n<p>+ Sucr\u00e9 mais sans calories, Assugrin offre aux diab\u00e9tiques un substitut parfait, en fait un cube \u00e9quivaut \u00e0 une petite cuill\u00e8re de sucre. <\/p>\n<p>+ Puisqu&rsquo;il ne contient aucune trace de produits d&rsquo;origine animale, il r\u00e9pond \u00e9galement aux exigences v\u00e9g\u00e9taliennes. <\/p>\n<p>+ Fabriqu\u00e9 selon des standards de qualit\u00e9 \u00e9lev\u00e9s, ce produit suisse est facile \u00e0 utiliser, hygi\u00e9nique et efficace. <\/p>\n<p>+ Aucune odeur ou note suppl\u00e9mentaire n&rsquo;affectera le go\u00fbt original des aliments et des boissons. <\/p>\n<p>Choisissez Assugrin pour votre bureau! <\/p>\n<p>Dans votre catalogue Retrouvez ce produit page 73.<\/p>","protected":false},"excerpt":{"rendered":"<p>Sucr\u00e9 avec 0 calories Le sucre r\u00e9gulier contient beaucoup de calories et n&rsquo;est pas tr\u00e8s bon pour les dents et la silhouette. Les personnes atteintes de maladies particuli\u00e8res, comme le diab\u00e8te, ne devraient pas en assumer une trop grande quantit\u00e9. D&rsquo;<\/p>","protected":false},"featured_media":29900,"comment_status":"open","ping_status":"closed","template":"","meta":[],"product_brand":[],"product_cat":[141],"product_tag":[],"class_list":{"0":"post-29901","1":"product","2":"type-product","3":"status-publish","4":"has-post-thumbnail","6":"product_cat-covid-19","8":"first","9":"instock","10":"shipping-taxable","11":"purchasable","12":"product-type-simple"},"_links":{"self":[{"href":"https:\/\/topprixsarl.ch\/de\/wp-json\/wp\/v2\/product\/29901","targetHints":{"allow":["GET"]}}],"collection":[{"href":"https:\/\/topprixsarl.ch\/de\/wp-json\/wp\/v2\/product"}],"about":[{"href":"https:\/\/topprixsarl.ch\/de\/wp-json\/wp\/v2\/types\/product"}],"replies":[{"embeddable":true,"href":"https:\/\/topprixsarl.ch\/de\/wp-json\/wp\/v2\/comments?post=29901"}],"version-history":[{"count":2,"href":"https:\/\/topprixsarl.ch\/de\/wp-json\/wp\/v2\/product\/29901\/revisions"}],"predecessor-version":[{"id":33201,"href":"https:\/\/topprixsarl.ch\/de\/wp-json\/wp\/v2\/product\/29901\/revisions\/33201"}],"wp:featuredmedia":[{"embeddable":true,"href":"https:\/\/topprixsarl.ch\/de\/wp-json\/wp\/v2\/media\/29900"}],"wp:attachment":[{"href":"https:\/\/topprixsarl.ch\/de\/wp-json\/wp\/v2\/media?parent=29901"}],"wp:term":[{"taxonomy":"product_brand","embeddable":true,"href":"https:\/\/topprixsarl.ch\/de\/wp-json\/wp\/v2\/product_brand?post=29901"},{"taxonomy":"product_cat","embeddable":true,"href":"https:\/\/topprixsarl.ch\/de\/wp-json\/wp\/v2\/product_cat?post=29901"},{"taxonomy":"product_tag","embeddable":true,"href":"https:\/\/topprixsarl.ch\/de\/wp-json\/wp\/v2\/product_tag?post=29901"}],"curies":[{"name":"wp","href":"https:\/\/api.w.org\/{rel}","templated":true}]}}