{"id":29899,"date":"2025-12-27T14:38:45","date_gmt":"2025-12-27T14:38:45","guid":{"rendered":"https:\/\/topprixsarl.ch\/product\/linquide-vaisselle-lyreco-5l\/"},"modified":"2026-01-14T14:21:41","modified_gmt":"2026-01-14T14:21:41","slug":"linquide-vaisselle-lyreco-5l","status":"publish","type":"product","link":"https:\/\/topprixsarl.ch\/de\/product\/linquide-vaisselle-lyreco-5l\/","title":{"rendered":"Geschirrsp\u00fclmittel - \u00d6ko-Label - 5 L Kanister"},"content":{"rendered":"<p>**Liquide vaisselle \u00e9cologique**<\/p>\n<p>Ce liquide vaisselle nettoie et d\u00e9graisse toute la vaisselle. <\/p>\n<p>+ \u00c0 base d\u2019ingr\u00e9dients d\u2019origine v\u00e9g\u00e9tale<br \/>\n+ Produit rapidement biod\u00e9gradable<br \/>\n+ L\u00e9ger parfum de citron<br \/>\n+ Certifi\u00e9 EU Ecolabel<br \/>\n+ Bidon de 5 l<br \/>\n+ Prix par bidon  <\/p>\n<p>Produit dangereux. Respecter les pr\u00e9cautions d\u2019emploi indiqu\u00e9es sur la fiche de donn\u00e9es de s\u00e9curit\u00e9*.<\/p>","protected":false},"excerpt":{"rendered":"<p>Liquide vaisselle \u00e9cologique, nettoie et d\u00e9graisse toute la vaisselle. A base d\u2019ingr\u00e9dients d\u2019origine v\u00e9g\u00e9tale, ce produit est rapidement biod\u00e9gradable. L\u00e9ger parfum de citron. Certifi\u00e9 EU Ecolabel. Bidon de 5 l. Prix par bidon. Produit dangereux.Res<\/p>","protected":false},"featured_media":29898,"comment_status":"open","ping_status":"closed","template":"","meta":[],"product_brand":[],"product_cat":[142],"product_tag":[],"class_list":{"0":"post-29899","1":"product","2":"type-product","3":"status-publish","4":"has-post-thumbnail","6":"product_cat-entretien","8":"first","9":"instock","10":"shipping-taxable","11":"purchasable","12":"product-type-simple"},"_links":{"self":[{"href":"https:\/\/topprixsarl.ch\/de\/wp-json\/wp\/v2\/product\/29899","targetHints":{"allow":["GET"]}}],"collection":[{"href":"https:\/\/topprixsarl.ch\/de\/wp-json\/wp\/v2\/product"}],"about":[{"href":"https:\/\/topprixsarl.ch\/de\/wp-json\/wp\/v2\/types\/product"}],"replies":[{"embeddable":true,"href":"https:\/\/topprixsarl.ch\/de\/wp-json\/wp\/v2\/comments?post=29899"}],"version-history":[{"count":2,"href":"https:\/\/topprixsarl.ch\/de\/wp-json\/wp\/v2\/product\/29899\/revisions"}],"predecessor-version":[{"id":32675,"href":"https:\/\/topprixsarl.ch\/de\/wp-json\/wp\/v2\/product\/29899\/revisions\/32675"}],"wp:featuredmedia":[{"embeddable":true,"href":"https:\/\/topprixsarl.ch\/de\/wp-json\/wp\/v2\/media\/29898"}],"wp:attachment":[{"href":"https:\/\/topprixsarl.ch\/de\/wp-json\/wp\/v2\/media?parent=29899"}],"wp:term":[{"taxonomy":"product_brand","embeddable":true,"href":"https:\/\/topprixsarl.ch\/de\/wp-json\/wp\/v2\/product_brand?post=29899"},{"taxonomy":"product_cat","embeddable":true,"href":"https:\/\/topprixsarl.ch\/de\/wp-json\/wp\/v2\/product_cat?post=29899"},{"taxonomy":"product_tag","embeddable":true,"href":"https:\/\/topprixsarl.ch\/de\/wp-json\/wp\/v2\/product_tag?post=29899"}],"curies":[{"name":"wp","href":"https:\/\/api.w.org\/{rel}","templated":true}]}}