{"id":29897,"date":"2025-12-27T14:38:36","date_gmt":"2025-12-27T14:38:36","guid":{"rendered":"https:\/\/topprixsarl.ch\/product\/spulix-liquide-vaisselle-mains-1-litres\/"},"modified":"2026-01-14T14:21:41","modified_gmt":"2026-01-14T14:21:41","slug":"spulix-liquide-vaisselle-mains-1-litres","status":"publish","type":"product","link":"https:\/\/topprixsarl.ch\/de\/product\/spulix-liquide-vaisselle-mains-1-litres\/","title":{"rendered":"Geschirrsp\u00fclmittel- \u00d6ko-Label- 500 ml Flasche"},"content":{"rendered":"<p>Vaisselle propre, environnement propre<\/p>\n<p>Ce matin, vous avez lav\u00e9 votre tasse pr\u00e9f\u00e9r\u00e9e et cet apr\u00e8s-midi, elle est de nouveau sale. Ce n\u2019est qu\u2019une tasse sale&#8230; Mais, imaginez 10 tasses sales ou 100&#8230;. Elles s&rsquo;entassent rapidement dans la cuisine des bureaux actifs, o\u00f9 tout le monde doit faire preuve de rigueur, suivre la r\u00e8gle d&rsquo;or et laver sa tasse. <\/p>\n<p>Mais cela peut \u00eatre difficile, surtout avec un liquide-vaisselle de mauvaise qualit\u00e9. Essayez le liquide \u00e9cologique et ramenez la satisfaction dans l\u2019\u00e9vier. <\/p>\n<p>+ La vaisselle est tout simplement \u00e9tincelante.<br \/> + Le liquide \u00e9limine efficacement toute trace de restes de nourriture, de graisse et de calcaire.<br \/> + Il est aussi tr\u00e8s efficace, une petite dose suffit pour une douzaine de plats.<br \/> + Taches graisseuses et tenaces d&rsquo;un barbecue; saladiers collants apr\u00e8s avoir pr\u00e9par\u00e9 de la p\u00e2tisserie- m\u00e9connaissables.<br \/> + D\u00e9posez une goutte sur votre \u00e9ponge et obtenez avec satisfaction un plat \u00e9clatant.<br \/> + L&rsquo;odeur fra\u00eeche du citron est subtile et agr\u00e9able.<br \/> + Ce produit est \u00e9co-certifi\u00e9 et tous ses ingr\u00e9dients sont issus de plantes et d&rsquo;autres composants naturels. <\/p>\n<p>Faites briller vos plats!<\/p>\n<p>12 bouteilles\/carton<br \/> 98 cartons\/palette (=1176 bouteilles\/palette)<\/p>","protected":false},"excerpt":{"rendered":"<p>Vaisselle propre, environnement propre Ce matin, vous avez lav\u00e9 votre tasse pr\u00e9f\u00e9r\u00e9e et cette apr\u00e8s-midi, elle est de nouveau sale. Ce n\u2019est qu\u2019une une tasse sale&#8230; Mais, imaginez 10 tasses sales ou 100&#8230;. Elles s&rsquo;entassent rapidement dans la cuisi<\/p>","protected":false},"featured_media":29896,"comment_status":"open","ping_status":"closed","template":"","meta":[],"product_brand":[],"product_cat":[143],"product_tag":[],"class_list":{"0":"post-29897","1":"product","2":"type-product","3":"status-publish","4":"has-post-thumbnail","6":"product_cat-nettoyage","8":"first","9":"instock","10":"shipping-taxable","11":"purchasable","12":"product-type-simple"},"_links":{"self":[{"href":"https:\/\/topprixsarl.ch\/de\/wp-json\/wp\/v2\/product\/29897","targetHints":{"allow":["GET"]}}],"collection":[{"href":"https:\/\/topprixsarl.ch\/de\/wp-json\/wp\/v2\/product"}],"about":[{"href":"https:\/\/topprixsarl.ch\/de\/wp-json\/wp\/v2\/types\/product"}],"replies":[{"embeddable":true,"href":"https:\/\/topprixsarl.ch\/de\/wp-json\/wp\/v2\/comments?post=29897"}],"version-history":[{"count":3,"href":"https:\/\/topprixsarl.ch\/de\/wp-json\/wp\/v2\/product\/29897\/revisions"}],"predecessor-version":[{"id":33384,"href":"https:\/\/topprixsarl.ch\/de\/wp-json\/wp\/v2\/product\/29897\/revisions\/33384"}],"wp:featuredmedia":[{"embeddable":true,"href":"https:\/\/topprixsarl.ch\/de\/wp-json\/wp\/v2\/media\/29896"}],"wp:attachment":[{"href":"https:\/\/topprixsarl.ch\/de\/wp-json\/wp\/v2\/media?parent=29897"}],"wp:term":[{"taxonomy":"product_brand","embeddable":true,"href":"https:\/\/topprixsarl.ch\/de\/wp-json\/wp\/v2\/product_brand?post=29897"},{"taxonomy":"product_cat","embeddable":true,"href":"https:\/\/topprixsarl.ch\/de\/wp-json\/wp\/v2\/product_cat?post=29897"},{"taxonomy":"product_tag","embeddable":true,"href":"https:\/\/topprixsarl.ch\/de\/wp-json\/wp\/v2\/product_tag?post=29897"}],"curies":[{"name":"wp","href":"https:\/\/api.w.org\/{rel}","templated":true}]}}