{"id":29895,"date":"2025-12-27T14:38:27","date_gmt":"2025-12-27T14:38:27","guid":{"rendered":"https:\/\/topprixsarl.ch\/product\/savon-mousse-tork-premium\/"},"modified":"2026-01-14T14:21:41","modified_gmt":"2026-01-14T14:21:41","slug":"savon-mousse-tork-premium","status":"publish","type":"product","link":"https:\/\/topprixsarl.ch\/de\/product\/savon-mousse-tork-premium\/","title":{"rendered":"Tork Extra Mild S4 Schaumseife, 1 Liter, parf\u00fcmfrei"},"content":{"rendered":"<p>Juste la propret\u00e9, l&rsquo;hygi\u00e8ne et le plaisir. <\/p>\n<p>On dit que l&rsquo;\u00e2ge r\u00e9el d&rsquo;une personne peut \u00eatre devin\u00e9 en voyant ses mains. Mais si vous travaillez dans des conditions difficiles, votre peau vieillit, durcit et se crevasse rapidement. Et si vous utilisez un nettoyant ordinaire avec une formule forte, la situation devient grave. Cependant, tous ces probl\u00e8mes peuvent \u00eatre \u00e9vit\u00e9s. <\/p>\n<p>Tout ce dont vous avez besoin, c&rsquo;est du savon moussant Tork super doux. Sa formule unique sans sulfates ne dess\u00e8che pas votre peau, pr\u00e9vient son vieillissement pr\u00e9matur\u00e9 et la rajeunit. De plus, le savon offre une excellente propret\u00e9 &#8211; quelques gouttes peuvent \u00e9liminer m\u00eame les salet\u00e9s persistantes et tuer les germes. <\/p>\n<p>Pour obtenir une efficacit\u00e9 maximale, mesurez la bonne quantit\u00e9 de savon et assurez-vous d&rsquo;utiliser les distributeurs Tork (6.624.608, 7.452.678 ou 5.381.954). Ensemble, ces produits garantissent des mains propres \u00e0 2 500 personnes et \u00e9liminent le risque d&rsquo;infection crois\u00e9e. <\/p>\n<p>+ Formule unique sans sulfates<br \/>\n+ Ne dess\u00e8che pas la peau<br \/>\n+ Pr\u00e9vient le vieillissement pr\u00e9matur\u00e9<br \/>\n+ Rajeunit la peau<br \/>\n+ Excellente propret\u00e9 avec quelques gouttes<br \/>\n+ \u00c9limine les salet\u00e9s persistantes et tue les germes<br \/>\n+ Compatible avec les distributeurs Tork (6.624.608, 7.452.678 ou 5.381.954)<br \/>\n+ Garantit des mains propres \u00e0 2 500 personnes<br \/>\n+ \u00c9limine le risque d&rsquo;infection crois\u00e9e<br \/>\n+ Certifi\u00e9 avec le label \u00e9cologique de l&rsquo;UE, pour ne pas nuire \u00e0 l\u2019environnement. <\/p>\n<p>Donnez \u00e0 votre peau les soins qu&rsquo;elle m\u00e9rite!<\/p>","protected":false},"excerpt":{"rendered":"<p>Juste la propret\u00e9, l&rsquo;hygi\u00e8ne et le plaisir On dit que l&rsquo;\u00e2ge r\u00e9el d&rsquo;une personne peut \u00eatre devin\u00e9 en voyant ses mains. Mais si vous travaillez dans des conditions difficiles, votre peau vieillit, durcit et se crevasse rapidement. Et si vous utilisez u<\/p>","protected":false},"featured_media":29894,"comment_status":"open","ping_status":"closed","template":"","meta":[],"product_brand":[],"product_cat":[143],"product_tag":[],"class_list":{"0":"post-29895","1":"product","2":"type-product","3":"status-publish","4":"has-post-thumbnail","6":"product_cat-nettoyage","8":"first","9":"instock","10":"shipping-taxable","11":"purchasable","12":"product-type-simple"},"_links":{"self":[{"href":"https:\/\/topprixsarl.ch\/de\/wp-json\/wp\/v2\/product\/29895","targetHints":{"allow":["GET"]}}],"collection":[{"href":"https:\/\/topprixsarl.ch\/de\/wp-json\/wp\/v2\/product"}],"about":[{"href":"https:\/\/topprixsarl.ch\/de\/wp-json\/wp\/v2\/types\/product"}],"replies":[{"embeddable":true,"href":"https:\/\/topprixsarl.ch\/de\/wp-json\/wp\/v2\/comments?post=29895"}],"version-history":[{"count":2,"href":"https:\/\/topprixsarl.ch\/de\/wp-json\/wp\/v2\/product\/29895\/revisions"}],"predecessor-version":[{"id":32645,"href":"https:\/\/topprixsarl.ch\/de\/wp-json\/wp\/v2\/product\/29895\/revisions\/32645"}],"wp:featuredmedia":[{"embeddable":true,"href":"https:\/\/topprixsarl.ch\/de\/wp-json\/wp\/v2\/media\/29894"}],"wp:attachment":[{"href":"https:\/\/topprixsarl.ch\/de\/wp-json\/wp\/v2\/media?parent=29895"}],"wp:term":[{"taxonomy":"product_brand","embeddable":true,"href":"https:\/\/topprixsarl.ch\/de\/wp-json\/wp\/v2\/product_brand?post=29895"},{"taxonomy":"product_cat","embeddable":true,"href":"https:\/\/topprixsarl.ch\/de\/wp-json\/wp\/v2\/product_cat?post=29895"},{"taxonomy":"product_tag","embeddable":true,"href":"https:\/\/topprixsarl.ch\/de\/wp-json\/wp\/v2\/product_tag?post=29895"}],"curies":[{"name":"wp","href":"https:\/\/api.w.org\/{rel}","templated":true}]}}