{"id":29893,"date":"2025-12-27T14:38:18","date_gmt":"2025-12-27T14:38:18","guid":{"rendered":"https:\/\/topprixsarl.ch\/product\/weitafresh-film-alimentaire-30-cm\/"},"modified":"2026-01-14T14:21:41","modified_gmt":"2026-01-14T14:21:41","slug":"weitafresh-film-alimentaire-30-cm","status":"publish","type":"product","link":"https:\/\/topprixsarl.ch\/de\/product\/weitafresh-film-alimentaire-30-cm\/","title":{"rendered":"Duni Frischhaltefolie mit Spender, 300 m Rolle"},"content":{"rendered":"<p>Des aliments toujours frais et sains<\/p>\n<p>Que vous ayez une cantine ou un coin cuisine pour vos employ\u00e9s, il est recommand\u00e9 d\u2019avoir du film alimentaire plastique Duni \u00e0 port\u00e9e de main. <\/p>\n<p>+ Parfait pour emballer les restes ou les sandwichs afin de les conserver au frais plus longtemps et sans risque de gaspillage. <\/p>\n<p>\u00c0 la cantine, les aliments peuvent \u00eatre conserv\u00e9s et resservis le lendemain avec la m\u00eame qualit\u00e9. <\/p>\n<p>+ En utilisant ce film, vous participez \u00e0 la sauvegarde de l\u2019environnement. <\/p>\n<p>Il prot\u00e8ge les produits contre l&rsquo;\u00e9vaporation de l&rsquo;humidit\u00e9 et l&rsquo;entr\u00e9e de bact\u00e9ries, pour r\u00e9duire tout risque d\u2019intoxication. <\/p>\n<p>+ Sert de barri\u00e8re efficace \u00e0 l&rsquo;oxyg\u00e8ne, en stoppant les processus de d\u00e9composition. <\/p>\n<p>Les aliments restent donc consommables plus longtemps. <\/p>\n<p>Chaque film mesure 30cm x 300m pour emballer une grande vari\u00e9t\u00e9 de produits.<\/p>\n<p>+ Ne mangez que des aliments frais prot\u00e9g\u00e9s avec d&rsquo;excellents films plastiques!<\/p>","protected":false},"excerpt":{"rendered":"<p>Des aliments toujours frais et sains Que vous ayez une cantine ou un coin cuisine pour vos employ\u00e9s, il est recommand\u00e9 d\u2019avoir du film alimentaire plastique Duni \u00e0 port\u00e9e de main. Il est parfait pour emballer les restes ou les sandwichs afin de les c<\/p>","protected":false},"featured_media":29892,"comment_status":"open","ping_status":"closed","template":"","meta":[],"product_brand":[],"product_cat":[143],"product_tag":[],"class_list":{"0":"post-29893","1":"product","2":"type-product","3":"status-publish","4":"has-post-thumbnail","6":"product_cat-nettoyage","8":"first","9":"instock","10":"shipping-taxable","11":"purchasable","12":"product-type-simple"},"_links":{"self":[{"href":"https:\/\/topprixsarl.ch\/de\/wp-json\/wp\/v2\/product\/29893","targetHints":{"allow":["GET"]}}],"collection":[{"href":"https:\/\/topprixsarl.ch\/de\/wp-json\/wp\/v2\/product"}],"about":[{"href":"https:\/\/topprixsarl.ch\/de\/wp-json\/wp\/v2\/types\/product"}],"replies":[{"embeddable":true,"href":"https:\/\/topprixsarl.ch\/de\/wp-json\/wp\/v2\/comments?post=29893"}],"version-history":[{"count":2,"href":"https:\/\/topprixsarl.ch\/de\/wp-json\/wp\/v2\/product\/29893\/revisions"}],"predecessor-version":[{"id":32637,"href":"https:\/\/topprixsarl.ch\/de\/wp-json\/wp\/v2\/product\/29893\/revisions\/32637"}],"wp:featuredmedia":[{"embeddable":true,"href":"https:\/\/topprixsarl.ch\/de\/wp-json\/wp\/v2\/media\/29892"}],"wp:attachment":[{"href":"https:\/\/topprixsarl.ch\/de\/wp-json\/wp\/v2\/media?parent=29893"}],"wp:term":[{"taxonomy":"product_brand","embeddable":true,"href":"https:\/\/topprixsarl.ch\/de\/wp-json\/wp\/v2\/product_brand?post=29893"},{"taxonomy":"product_cat","embeddable":true,"href":"https:\/\/topprixsarl.ch\/de\/wp-json\/wp\/v2\/product_cat?post=29893"},{"taxonomy":"product_tag","embeddable":true,"href":"https:\/\/topprixsarl.ch\/de\/wp-json\/wp\/v2\/product_tag?post=29893"}],"curies":[{"name":"wp","href":"https:\/\/api.w.org\/{rel}","templated":true}]}}