{"id":29891,"date":"2025-12-27T14:38:03","date_gmt":"2025-12-27T14:38:03","guid":{"rendered":"https:\/\/topprixsarl.ch\/product\/wewash-28-liquide-sechant-500ml\/"},"modified":"2026-01-14T14:21:41","modified_gmt":"2026-01-14T14:21:41","slug":"wewash-28-liquide-sechant-500ml","status":"publish","type":"product","link":"https:\/\/topprixsarl.ch\/de\/product\/wewash-28-liquide-sechant-500ml\/","title":{"rendered":"Sun Professional Sp\u00fclmittel, 1 Liter, neutral"},"content":{"rendered":"<p>Atteindre la perfection est facile. <\/p>\n<p>Nous aspirons tous \u00e0 la perfection qui nous donne satisfaction et aboutit au succ\u00e8s. Prenez votre vaisselle sale, par exemple. Vous voulez qu\u2019elle brille. Vos clients devraient pouvoir voir leur sourire s\u2019y refl\u00e9ter. Obtenir cette brillance demande beaucoup d&rsquo;efforts. <\/p>\n<p>Avec Rince-Eclat Sun Professional, c&rsquo;est maintenant facile. <\/p>\n<p>+ Fini les verres qui pr\u00e9sentent des traces! <\/p>\n<p>Vous continuez \u00e0 les mettre dans le lave-vaisselle, mais les traces sont toujours pr\u00e9sentes. Plus maintenant. <\/p>\n<p>+ Du calcaire? Aucune chance, m\u00eame si votre lave-vaisselle est plein. <\/p>\n<p>Ce liquide de rin\u00e7age est facile \u00e0 utiliser : il suffit d&rsquo;ajouter la quantit\u00e9 requise et de laisser le lave-vaisselle faire le travail pour vous. <\/p>\n<p>+ Vous adaptez la dose en fonction du remplissage de votre lave-vaisselle pour une efficacit\u00e9 garantie. <\/p>\n<p>Ce dosage n\u2019est pas possible avec une tablette. <\/p>\n<p>+ Il est rentable, car avec un flacon de 1L de solution concentr\u00e9e, vous aurez des verres sans traces pendant des semaines, voire des mois. <\/p>\n<p>Ce liquide s&rsquo;adapte \u00e0 tous les types de vaisselle: de la c\u00e9ramique au verre&#8230; et m\u00eame au plastique. <\/p>\n<p>+ Faites briller vos plats!<\/p>\n<p>6 bouteilles \/ carton<br \/>\n90 cartons \/ palette (=540 bouteilles \/ palette)<\/p>","protected":false},"excerpt":{"rendered":"<p>Atteindre la perfection est facile Nous aspirons tous \u00e0 la perfection qui nous donne satisfaction et aboutit au succ\u00e8s. Prenez votre vaisselle sale, par exemple. Vous voulez qu\u2019elle brille. Vos clients devraient pouvoir voir leur sourire s\u2019y refl\u00e9ter<\/p>","protected":false},"featured_media":29890,"comment_status":"open","ping_status":"closed","template":"","meta":[],"product_brand":[],"product_cat":[139],"product_tag":[],"class_list":{"0":"post-29891","1":"product","2":"type-product","3":"status-publish","4":"has-post-thumbnail","6":"product_cat-lave-vaisselle","8":"first","9":"instock","10":"shipping-taxable","11":"purchasable","12":"product-type-simple"},"_links":{"self":[{"href":"https:\/\/topprixsarl.ch\/de\/wp-json\/wp\/v2\/product\/29891","targetHints":{"allow":["GET"]}}],"collection":[{"href":"https:\/\/topprixsarl.ch\/de\/wp-json\/wp\/v2\/product"}],"about":[{"href":"https:\/\/topprixsarl.ch\/de\/wp-json\/wp\/v2\/types\/product"}],"replies":[{"embeddable":true,"href":"https:\/\/topprixsarl.ch\/de\/wp-json\/wp\/v2\/comments?post=29891"}],"version-history":[{"count":2,"href":"https:\/\/topprixsarl.ch\/de\/wp-json\/wp\/v2\/product\/29891\/revisions"}],"predecessor-version":[{"id":32605,"href":"https:\/\/topprixsarl.ch\/de\/wp-json\/wp\/v2\/product\/29891\/revisions\/32605"}],"wp:featuredmedia":[{"embeddable":true,"href":"https:\/\/topprixsarl.ch\/de\/wp-json\/wp\/v2\/media\/29890"}],"wp:attachment":[{"href":"https:\/\/topprixsarl.ch\/de\/wp-json\/wp\/v2\/media?parent=29891"}],"wp:term":[{"taxonomy":"product_brand","embeddable":true,"href":"https:\/\/topprixsarl.ch\/de\/wp-json\/wp\/v2\/product_brand?post=29891"},{"taxonomy":"product_cat","embeddable":true,"href":"https:\/\/topprixsarl.ch\/de\/wp-json\/wp\/v2\/product_cat?post=29891"},{"taxonomy":"product_tag","embeddable":true,"href":"https:\/\/topprixsarl.ch\/de\/wp-json\/wp\/v2\/product_tag?post=29891"}],"curies":[{"name":"wp","href":"https:\/\/api.w.org\/{rel}","templated":true}]}}