{"id":29885,"date":"2025-12-27T14:37:29","date_gmt":"2025-12-27T14:37:29","guid":{"rendered":"https:\/\/topprixsarl.ch\/product\/lipton-noir-yellow-label-emb-6-boites\/"},"modified":"2026-01-15T16:26:36","modified_gmt":"2026-01-15T16:26:36","slug":"lipton-noir-yellow-label-emb-6-boites","status":"publish","type":"product","link":"https:\/\/topprixsarl.ch\/de\/product\/lipton-noir-yellow-label-emb-6-boites\/","title":{"rendered":"Lipton Schwarz, Yellow Label Packung mit 6 Schachteln"},"content":{"rendered":"<p>Saveur \u00e9l\u00e9gante et classique<\/p>\n<p>Tout le monde le sait : le th\u00e9 r\u00e9chauffe, booste l&rsquo;\u00e9nergie et aide \u00e0 se concentrer sur les t\u00e2ches quotidiennes. Lipton Yellow Label se charge de tout cela et de bien plus encore. Une tasse de Lipton et votre journ\u00e9e s&rsquo;en trouvera simplement am\u00e9lior\u00e9e.<\/p>\n<p>Depuis 1880, Lipton produit les meilleures sortes de th\u00e9 uniquement avec des ingr\u00e9dients et des ressources naturelles. L&rsquo;eau pure, le vent, la bonne pluie et le savoir-faire s\u00e9culaire ont donn\u00e9 \u00e0 Lipton Yellow Label un go\u00fbt unique, intense et rafra\u00eechissant.<\/p>\n<p>Vous pouvez d\u00e9guster une tasse de Lipton quand vous le souhaitez : au petit d\u00e9jeuner avec quelque chose de sucr\u00e9, pendant la pause avec quelques biscuits ou m\u00eame apr\u00e8s le repas avec du miel. Il \u00e9gayera toujours votre journ\u00e9e.<\/p>\n<p>+ Saveur \u00e9l\u00e9gante et classique<br \/>\n+ Am\u00e9liore votre journ\u00e9e<br \/>\n+ Ingr\u00e9dients naturels depuis 1880<br \/>\n+ Go\u00fbt unique, intense et rafra\u00eechissant<br \/>\n+ Parfait \u00e0 tout moment de la journ\u00e9e  <\/p>\n<p>Choisissez Lipton et savourez un excellent th\u00e9 !<\/p>","protected":false},"excerpt":{"rendered":"<p>Saveur \u00e9l\u00e9gante et classique Tout le monde le sait: le th\u00e9 r\u00e9chauffe, boost l&rsquo;\u00e9nergie et aide \u00e0 se concentrer sur les t\u00e2ches quotidiennes. Lipton Yellow Label se charge de tout cela et de bien plus encore. Une tasse de Lipton et votre journ\u00e9e s&rsquo;en tr<\/p>","protected":false},"featured_media":29884,"comment_status":"open","ping_status":"closed","template":"","meta":[],"product_brand":[],"product_cat":[137],"product_tag":[],"class_list":{"0":"post-29885","1":"product","2":"type-product","3":"status-publish","4":"has-post-thumbnail","6":"product_cat-papier","8":"first","9":"instock","10":"shipping-taxable","11":"purchasable","12":"product-type-simple"},"_links":{"self":[{"href":"https:\/\/topprixsarl.ch\/de\/wp-json\/wp\/v2\/product\/29885","targetHints":{"allow":["GET"]}}],"collection":[{"href":"https:\/\/topprixsarl.ch\/de\/wp-json\/wp\/v2\/product"}],"about":[{"href":"https:\/\/topprixsarl.ch\/de\/wp-json\/wp\/v2\/types\/product"}],"replies":[{"embeddable":true,"href":"https:\/\/topprixsarl.ch\/de\/wp-json\/wp\/v2\/comments?post=29885"}],"version-history":[{"count":2,"href":"https:\/\/topprixsarl.ch\/de\/wp-json\/wp\/v2\/product\/29885\/revisions"}],"predecessor-version":[{"id":33199,"href":"https:\/\/topprixsarl.ch\/de\/wp-json\/wp\/v2\/product\/29885\/revisions\/33199"}],"wp:featuredmedia":[{"embeddable":true,"href":"https:\/\/topprixsarl.ch\/de\/wp-json\/wp\/v2\/media\/29884"}],"wp:attachment":[{"href":"https:\/\/topprixsarl.ch\/de\/wp-json\/wp\/v2\/media?parent=29885"}],"wp:term":[{"taxonomy":"product_brand","embeddable":true,"href":"https:\/\/topprixsarl.ch\/de\/wp-json\/wp\/v2\/product_brand?post=29885"},{"taxonomy":"product_cat","embeddable":true,"href":"https:\/\/topprixsarl.ch\/de\/wp-json\/wp\/v2\/product_cat?post=29885"},{"taxonomy":"product_tag","embeddable":true,"href":"https:\/\/topprixsarl.ch\/de\/wp-json\/wp\/v2\/product_tag?post=29885"}],"curies":[{"name":"wp","href":"https:\/\/api.w.org\/{rel}","templated":true}]}}