{"id":29881,"date":"2025-12-27T14:37:04","date_gmt":"2025-12-27T14:37:04","guid":{"rendered":"https:\/\/topprixsarl.ch\/product\/papier-toilette-velvetsoft-fsc-250-cps-100-cellulose3-cou-9-3x12cm\/"},"modified":"2026-01-14T14:21:42","modified_gmt":"2026-01-14T14:21:42","slug":"papier-toilette-velvetsoft-fsc-250-cps-100-cellulose3-cou-9-3x12cm","status":"publish","type":"product","link":"https:\/\/topprixsarl.ch\/de\/product\/papier-toilette-velvetsoft-fsc-250-cps-100-cellulose3-cou-9-3x12cm\/","title":{"rendered":"Toilettenpapier HARTMANN Zellstoff 723014, 3-lagig, pqt \u00e0 7\u00d78 Rollen"},"content":{"rendered":"<p>Pour des toilettes qui sentent la propret\u00e9 <\/p>\n<p>Vous avez un degr\u00e9 d&rsquo;exigence \u00e9lev\u00e9? En commandant le papier toilette du fabricant Hartmann, sachez que vous commandez des fournitures de qualit\u00e9. Effectivement, il apporte un vrai confort au quotidien et vous aide \u00e0 vous sentir propre pendant longtemps. <\/p>\n<p>+ 100% pure ouate : non seulement robuste, mais aussi non irritant pour la peau. <\/p>\n<p>En outre, il est absorbant et doux pour la peau. <\/p>\n<p>+ Format de la feuille : 10.8 x 9.2 cm. <\/p>\n<p>Pour la couleur du design, c&rsquo;est le blanc qui a \u00e9t\u00e9 utilis\u00e9, enrichi de surcro\u00eet par un gaufrage \u00e9l\u00e9gant. <\/p>\n<p>+ Trois \u00e9paisseurs : conf\u00e8re un fort pouvoir absorbant. <\/p>\n<p>De plus, il est agr\u00e9able \u00e0 utiliser. Placez le rouleau de papier-toilette dans le d\u00e9rouleur et vous \u00e9prouverez alors une vraie sensation de fra\u00eecheur. <\/p>\n<p>+ S&rsquo;adapte \u00e0 n&rsquo;importe quel porte-rouleau : peut donc \u00eatre utilis\u00e9 dans toutes les salles de bains. <\/p>\n<p>Pour vous sentir propre, toute la journ\u00e9e! <\/p>\n<p>*Notes de bas de page : [ajouter ici les notes si n\u00e9cessaire]*<\/p>","protected":false},"excerpt":{"rendered":"<p>Pour des toilettes qui sentent la propret\u00e9 Vous avez un degr\u00e9 d&rsquo;exigence \u00e9lev\u00e9? En commandant le papier toilette du fabricant Hartmann, sachez que vous commandez des fournitures de qualit\u00e9. Effectivement, il apporte un vrai confort au quotidien et vo<\/p>","protected":false},"featured_media":29880,"comment_status":"open","ping_status":"closed","template":"","meta":[],"product_brand":[],"product_cat":[137],"product_tag":[],"class_list":{"0":"post-29881","1":"product","2":"type-product","3":"status-publish","4":"has-post-thumbnail","6":"product_cat-papier","8":"first","9":"instock","10":"shipping-taxable","11":"purchasable","12":"product-type-simple"},"_links":{"self":[{"href":"https:\/\/topprixsarl.ch\/de\/wp-json\/wp\/v2\/product\/29881","targetHints":{"allow":["GET"]}}],"collection":[{"href":"https:\/\/topprixsarl.ch\/de\/wp-json\/wp\/v2\/product"}],"about":[{"href":"https:\/\/topprixsarl.ch\/de\/wp-json\/wp\/v2\/types\/product"}],"replies":[{"embeddable":true,"href":"https:\/\/topprixsarl.ch\/de\/wp-json\/wp\/v2\/comments?post=29881"}],"version-history":[{"count":2,"href":"https:\/\/topprixsarl.ch\/de\/wp-json\/wp\/v2\/product\/29881\/revisions"}],"predecessor-version":[{"id":32570,"href":"https:\/\/topprixsarl.ch\/de\/wp-json\/wp\/v2\/product\/29881\/revisions\/32570"}],"wp:featuredmedia":[{"embeddable":true,"href":"https:\/\/topprixsarl.ch\/de\/wp-json\/wp\/v2\/media\/29880"}],"wp:attachment":[{"href":"https:\/\/topprixsarl.ch\/de\/wp-json\/wp\/v2\/media?parent=29881"}],"wp:term":[{"taxonomy":"product_brand","embeddable":true,"href":"https:\/\/topprixsarl.ch\/de\/wp-json\/wp\/v2\/product_brand?post=29881"},{"taxonomy":"product_cat","embeddable":true,"href":"https:\/\/topprixsarl.ch\/de\/wp-json\/wp\/v2\/product_cat?post=29881"},{"taxonomy":"product_tag","embeddable":true,"href":"https:\/\/topprixsarl.ch\/de\/wp-json\/wp\/v2\/product_tag?post=29881"}],"curies":[{"name":"wp","href":"https:\/\/api.w.org\/{rel}","templated":true}]}}