{"id":29877,"date":"2025-12-27T14:36:44","date_gmt":"2025-12-27T14:36:44","guid":{"rendered":"https:\/\/topprixsarl.ch\/product\/the-vert-de-chine-emb-6-boites-6-pieces\/"},"modified":"2026-01-14T14:21:42","modified_gmt":"2026-01-14T14:21:42","slug":"the-vert-de-chine-emb-6-boites-6-pieces","status":"publish","type":"product","link":"https:\/\/topprixsarl.ch\/de\/product\/the-vert-de-chine-emb-6-boites-6-pieces\/","title":{"rendered":"Th\u00e9 Vert de Chine emb. 6 bo\u00eetes &#8211; 6 pieces"},"content":{"rendered":"<p>Mis en sachets \u00e0 Appenzell. <\/p>\n<p>Emballage de 25 sachets.<\/p>\n<p>+ Mis en sachets \u00e0 Appenzell<\/p>\n<p>+ Emballage de 25 sachets<\/p>\n<p>*Fu\u00dfnoten:<br \/>\n*<\/p>","protected":false},"excerpt":{"rendered":"<p>Mis en sachets \u00e0 Appenzell. Emballage de 25 sachets.<\/p>","protected":false},"featured_media":29876,"comment_status":"open","ping_status":"closed","template":"","meta":[],"product_brand":[],"product_cat":[138],"product_tag":[],"class_list":{"0":"post-29877","1":"product","2":"type-product","3":"status-publish","4":"has-post-thumbnail","6":"product_cat-sac-a-dechet","8":"first","9":"instock","10":"shipping-taxable","11":"purchasable","12":"product-type-simple"},"_links":{"self":[{"href":"https:\/\/topprixsarl.ch\/de\/wp-json\/wp\/v2\/product\/29877","targetHints":{"allow":["GET"]}}],"collection":[{"href":"https:\/\/topprixsarl.ch\/de\/wp-json\/wp\/v2\/product"}],"about":[{"href":"https:\/\/topprixsarl.ch\/de\/wp-json\/wp\/v2\/types\/product"}],"replies":[{"embeddable":true,"href":"https:\/\/topprixsarl.ch\/de\/wp-json\/wp\/v2\/comments?post=29877"}],"version-history":[{"count":2,"href":"https:\/\/topprixsarl.ch\/de\/wp-json\/wp\/v2\/product\/29877\/revisions"}],"predecessor-version":[{"id":33197,"href":"https:\/\/topprixsarl.ch\/de\/wp-json\/wp\/v2\/product\/29877\/revisions\/33197"}],"wp:featuredmedia":[{"embeddable":true,"href":"https:\/\/topprixsarl.ch\/de\/wp-json\/wp\/v2\/media\/29876"}],"wp:attachment":[{"href":"https:\/\/topprixsarl.ch\/de\/wp-json\/wp\/v2\/media?parent=29877"}],"wp:term":[{"taxonomy":"product_brand","embeddable":true,"href":"https:\/\/topprixsarl.ch\/de\/wp-json\/wp\/v2\/product_brand?post=29877"},{"taxonomy":"product_cat","embeddable":true,"href":"https:\/\/topprixsarl.ch\/de\/wp-json\/wp\/v2\/product_cat?post=29877"},{"taxonomy":"product_tag","embeddable":true,"href":"https:\/\/topprixsarl.ch\/de\/wp-json\/wp\/v2\/product_tag?post=29877"}],"curies":[{"name":"wp","href":"https:\/\/api.w.org\/{rel}","templated":true}]}}