{"id":29871,"date":"2025-12-27T14:36:16","date_gmt":"2025-12-27T14:36:16","guid":{"rendered":"https:\/\/topprixsarl.ch\/product\/sac-poubelle-5-litres-rouleau-de-20-pcs\/"},"modified":"2026-01-14T14:21:42","modified_gmt":"2026-01-14T14:21:42","slug":"sac-poubelle-5-litres-rouleau-de-20-pcs","status":"publish","type":"product","link":"https:\/\/topprixsarl.ch\/de\/product\/sac-poubelle-5-litres-rouleau-de-20-pcs\/","title":{"rendered":"Sacs poubelle (Code B) Brabantia PerfectFit, 5 litres, pack de 20 pi\u00e8cess"},"content":{"rendered":"<p>La bonne fa\u00e7on de jeter les ordures<\/p>\n<p>Avez-vous d\u00e9j\u00e0 d\u00fb jeter des d\u00e9chets dans le mauvais sac poubelle? C&rsquo;est un vrai cauchemar. Le sac se d\u00e9chire, se d\u00e9verse, sans parler des dommages qu&rsquo;il cause \u00e0 l&rsquo;environnement. <\/p>\n<p>Heureusement, il existe des sacs poubelles modernes ou, plus pr\u00e9cis\u00e9ment, des sacs PerfectFit de Brabantia, la r\u00e9ponse \u00e0 tous vos besoins en mati\u00e8re d&rsquo;\u00e9limination des d\u00e9chets.<\/p>\n<p>+ Ce produit convient aux poubelles standard, mais il devient id\u00e9al avec une poubelle Brabantia.<\/p>\n<p>+ Un paquet de 20 sacs suffit pour au moins un mois.<\/p>\n<p>+ L&rsquo;installation ne prend que quelques secondes avec des trous de ventilation fonctionnels.<\/p>\n<p>+ Peu importe ce que vous jetez, ce sac ne se d\u00e9chirera pas.<\/p>\n<p>Les poign\u00e9es en plastique permettent de fermer facilement le sac lorsque vous le retirez, sans avoir besoin de gants de protection. <\/p>\n<p>Vous ne verrez m\u00eame pas vos vilains d\u00e9chets car le syst\u00e8me de serrage les dissimule.<\/p>\n<p>\u00c9quipez votre lieu de travail de sacs poubelle de qualit\u00e9!<\/p>","protected":false},"excerpt":{"rendered":"<p>La bonne fa\u00e7on de jeter les ordures Avez-vous d\u00e9j\u00e0 d\u00fb jeter des d\u00e9chets dans le mauvais sac poubelle? C&rsquo;est un vrai cauchemar. Le sac se d\u00e9chire, se d\u00e9verse, sans parler des dommages qu&rsquo;il cause \u00e0 l&rsquo;environnement. Heureusement, il existe des sacs pou<\/p>","protected":false},"featured_media":29870,"comment_status":"open","ping_status":"closed","template":"","meta":[],"product_brand":[],"product_cat":[138],"product_tag":[],"class_list":{"0":"post-29871","1":"product","2":"type-product","3":"status-publish","4":"has-post-thumbnail","6":"product_cat-sac-a-dechet","8":"first","9":"instock","10":"shipping-taxable","11":"purchasable","12":"product-type-simple"},"_links":{"self":[{"href":"https:\/\/topprixsarl.ch\/de\/wp-json\/wp\/v2\/product\/29871","targetHints":{"allow":["GET"]}}],"collection":[{"href":"https:\/\/topprixsarl.ch\/de\/wp-json\/wp\/v2\/product"}],"about":[{"href":"https:\/\/topprixsarl.ch\/de\/wp-json\/wp\/v2\/types\/product"}],"replies":[{"embeddable":true,"href":"https:\/\/topprixsarl.ch\/de\/wp-json\/wp\/v2\/comments?post=29871"}],"version-history":[{"count":2,"href":"https:\/\/topprixsarl.ch\/de\/wp-json\/wp\/v2\/product\/29871\/revisions"}],"predecessor-version":[{"id":32490,"href":"https:\/\/topprixsarl.ch\/de\/wp-json\/wp\/v2\/product\/29871\/revisions\/32490"}],"wp:featuredmedia":[{"embeddable":true,"href":"https:\/\/topprixsarl.ch\/de\/wp-json\/wp\/v2\/media\/29870"}],"wp:attachment":[{"href":"https:\/\/topprixsarl.ch\/de\/wp-json\/wp\/v2\/media?parent=29871"}],"wp:term":[{"taxonomy":"product_brand","embeddable":true,"href":"https:\/\/topprixsarl.ch\/de\/wp-json\/wp\/v2\/product_brand?post=29871"},{"taxonomy":"product_cat","embeddable":true,"href":"https:\/\/topprixsarl.ch\/de\/wp-json\/wp\/v2\/product_cat?post=29871"},{"taxonomy":"product_tag","embeddable":true,"href":"https:\/\/topprixsarl.ch\/de\/wp-json\/wp\/v2\/product_tag?post=29871"}],"curies":[{"name":"wp","href":"https:\/\/api.w.org\/{rel}","templated":true}]}}